{"id":5020,"date":"2025-11-04T14:41:30","date_gmt":"2025-11-04T14:41:30","guid":{"rendered":"https:\/\/qomunica.md\/?page_id=5020"},"modified":"2025-11-04T14:42:42","modified_gmt":"2025-11-04T14:42:42","slug":"pozitii-vacante","status":"publish","type":"page","link":"https:\/\/qomunica.md\/en\/pozitii-vacante\/","title":{"rendered":"Pozi\u021bii vacante"},"content":{"rendered":"<div data-elementor-type=\"wp-page\" data-elementor-id=\"5020\" class=\"elementor elementor-5020\" data-elementor-settings=\"{&quot;element_pack_global_tooltip_width&quot;:{&quot;unit&quot;:&quot;px&quot;,&quot;size&quot;:&quot;&quot;,&quot;sizes&quot;:[]},&quot;element_pack_global_tooltip_width_tablet&quot;:{&quot;unit&quot;:&quot;px&quot;,&quot;size&quot;:&quot;&quot;,&quot;sizes&quot;:[]},&quot;element_pack_global_tooltip_width_mobile&quot;:{&quot;unit&quot;:&quot;px&quot;,&quot;size&quot;:&quot;&quot;,&quot;sizes&quot;:[]},&quot;element_pack_global_tooltip_padding&quot;:{&quot;unit&quot;:&quot;px&quot;,&quot;top&quot;:&quot;&quot;,&quot;right&quot;:&quot;&quot;,&quot;bottom&quot;:&quot;&quot;,&quot;left&quot;:&quot;&quot;,&quot;isLinked&quot;:true},&quot;element_pack_global_tooltip_padding_tablet&quot;:{&quot;unit&quot;:&quot;px&quot;,&quot;top&quot;:&quot;&quot;,&quot;right&quot;:&quot;&quot;,&quot;bottom&quot;:&quot;&quot;,&quot;left&quot;:&quot;&quot;,&quot;isLinked&quot;:true},&quot;element_pack_global_tooltip_padding_mobile&quot;:{&quot;unit&quot;:&quot;px&quot;,&quot;top&quot;:&quot;&quot;,&quot;right&quot;:&quot;&quot;,&quot;bottom&quot;:&quot;&quot;,&quot;left&quot;:&quot;&quot;,&quot;isLinked&quot;:true},&quot;element_pack_global_tooltip_border_radius&quot;:{&quot;unit&quot;:&quot;px&quot;,&quot;top&quot;:&quot;&quot;,&quot;right&quot;:&quot;&quot;,&quot;bottom&quot;:&quot;&quot;,&quot;left&quot;:&quot;&quot;,&quot;isLinked&quot;:true},&quot;element_pack_global_tooltip_border_radius_tablet&quot;:{&quot;unit&quot;:&quot;px&quot;,&quot;top&quot;:&quot;&quot;,&quot;right&quot;:&quot;&quot;,&quot;bottom&quot;:&quot;&quot;,&quot;left&quot;:&quot;&quot;,&quot;isLinked&quot;:true},&quot;element_pack_global_tooltip_border_radius_mobile&quot;:{&quot;unit&quot;:&quot;px&quot;,&quot;top&quot;:&quot;&quot;,&quot;right&quot;:&quot;&quot;,&quot;bottom&quot;:&quot;&quot;,&quot;left&quot;:&quot;&quot;,&quot;isLinked&quot;:true}}\" data-elementor-post-type=\"page\">\n\t\t\t\t<div class=\"elementor-element elementor-element-0cded46 e-flex e-con-boxed e-con e-parent\" data-id=\"0cded46\" data-element_type=\"container\">\n\t\t\t\t\t<div class=\"e-con-inner\">\n\t\t\t\t<div class=\"elementor-element elementor-element-831a361 elementor-widget elementor-widget-heading\" data-id=\"831a361\" data-element_type=\"widget\" data-widget_type=\"heading.default\">\n\t\t\t\t\t<h2 class=\"elementor-heading-title elementor-size-default\">Pozi\u021bii vacante<\/h2>\t\t\t\t<\/div>\n\t\t\t\t\t<\/div>\n\t\t\t\t<\/div>\n\t\t<div class=\"elementor-element elementor-element-cbeaeb1 e-flex e-con-boxed e-con e-parent\" data-id=\"cbeaeb1\" data-element_type=\"container\">\n\t\t\t\t\t<div class=\"e-con-inner\">\n\t\t\t\t<div class=\"elementor-element elementor-element-53c8ea7 elementor-widget elementor-widget-text-editor\" data-id=\"53c8ea7\" data-element_type=\"widget\" data-widget_type=\"text-editor.default\">\n\t\t\t\t\t\t\t\t\t<p><strong>Construim o echip\u0103 \u00een care munca are sens, iar rezultatele se v\u0103d clar.<\/strong><br>Aici public\u0103m pozi\u021biile deschise. Dac\u0103 nu g\u0103se\u0219ti rolul t\u0103u, trimite o aplica\u021bie spontan\u0103 \u0219i poveste\u0219te-ne pe ce e\u0219ti foarte bun.<\/p>\n<h2>De ce Qomunica<\/h2>\n<p>Lucr\u0103m pe proiecte cu impact, cu procese clare \u0219i un toolstack modern. Ne intereseaz\u0103 oamenii cu ini\u021biativ\u0103, care pun clientul pe primul loc \u0219i \u0219tiu s\u0103 duc\u0103 lucrurile p\u00e2n\u0103 la cap\u0103t.<\/p>\n<h2>Beneficii<\/h2>\n<p>Oferim program flexibil, op\u021biuni remote sau hibrid, buget anual pentru training \u0219i certific\u0103ri, feedback direct \u0219i oportunitatea de a lucra cu branduri din RO, MD \u0219i interna\u021bional.<\/p>\n<h2>Procesul de recrutare<\/h2>\n<p>Procesul nostru este scurt \u0219i relevant pentru job. \u00cencepem cu un scurt call, apoi un task pl\u0103tit ancorat \u00een realitatea rolului, iar la final discut\u0103m oferta \u0219i planul de onboarding.<\/p>\n<h2>Roluri deschise<\/h2>\n<p>Public\u0103m periodic roluri precum SEO Specialist, Content Writer iGaming\/Tech, PPC Specialist \u0219i Account Manager. Urm\u0103re\u0219te anun\u021burile sau aplic\u0103 spontan la hr@qomunica.md. P\u0103str\u0103m candidaturile 12 luni, conform Politicii de Confiden\u021bialitate.<\/p>\n<h2>Diversitate \u0219i incluziune<\/h2>\n<p>Oferim \u0219anse egale tuturor candida\u021bilor. Evalu\u0103m competen\u021be, nu etichete.<\/p>\t\t\t\t\t\t\t\t<\/div>\n\t\t\t\t\t<\/div>\n\t\t\t\t<\/div>\n\t\t\t\t<\/div>","protected":false},"excerpt":{"rendered":"<p>Pozi\u021bii vacante Construim o echip\u0103 \u00een care munca are sens, iar rezultatele se v\u0103d clar.Aici public\u0103m pozi\u021biile deschise. Dac\u0103 nu g\u0103se\u0219ti rolul [&hellip;]<\/p>","protected":false},"author":1,"featured_media":0,"parent":0,"menu_order":0,"comment_status":"closed","ping_status":"closed","template":"","meta":{"footnotes":""},"class_list":["post-5020","page","type-page","status-publish","hentry"],"yoast_head":"<!-- This site is optimized with the Yoast SEO plugin v25.4 - https:\/\/yoast.com\/wordpress\/plugins\/seo\/ -->\n<title>Pozi\u021bii vacante - Qomunica Lab<\/title>\n<meta name=\"robots\" content=\"index, follow, max-snippet:-1, max-image-preview:large, max-video-preview:-1\" \/>\n<link rel=\"canonical\" href=\"https:\/\/qomunica.md\/en\/pozitii-vacante\/\" \/>\n<meta property=\"og:locale\" content=\"en_GB\" \/>\n<meta property=\"og:type\" content=\"article\" \/>\n<meta property=\"og:title\" content=\"Pozi\u021bii vacante - Qomunica Lab\" \/>\n<meta property=\"og:description\" content=\"Pozi\u021bii vacante Construim o echip\u0103 \u00een care munca are sens, iar rezultatele se v\u0103d clar.Aici public\u0103m pozi\u021biile deschise. Dac\u0103 nu g\u0103se\u0219ti rolul [&hellip;]\" \/>\n<meta property=\"og:url\" content=\"https:\/\/qomunica.md\/en\/pozitii-vacante\/\" \/>\n<meta property=\"og:site_name\" content=\"Qomunica Lab\" \/>\n<meta property=\"article:modified_time\" content=\"2025-11-04T14:42:42+00:00\" \/>\n<meta name=\"twitter:card\" content=\"summary_large_image\" \/>\n<meta name=\"twitter:label1\" content=\"Estimated reading time\" \/>\n\t<meta name=\"twitter:data1\" content=\"1 minute\" \/>\n<script type=\"application\/ld+json\" class=\"yoast-schema-graph\">{\"@context\":\"https:\/\/schema.org\",\"@graph\":[{\"@type\":\"WebPage\",\"@id\":\"https:\/\/qomunica.md\/pozitii-vacante\/\",\"url\":\"https:\/\/qomunica.md\/pozitii-vacante\/\",\"name\":\"Pozi\u021bii vacante - Qomunica Lab\",\"isPartOf\":{\"@id\":\"https:\/\/qomunica.md\/#website\"},\"datePublished\":\"2025-11-04T14:41:30+00:00\",\"dateModified\":\"2025-11-04T14:42:42+00:00\",\"breadcrumb\":{\"@id\":\"https:\/\/qomunica.md\/pozitii-vacante\/#breadcrumb\"},\"inLanguage\":\"en-GB\",\"potentialAction\":[{\"@type\":\"ReadAction\",\"target\":[\"https:\/\/qomunica.md\/pozitii-vacante\/\"]}]},{\"@type\":\"BreadcrumbList\",\"@id\":\"https:\/\/qomunica.md\/pozitii-vacante\/#breadcrumb\",\"itemListElement\":[{\"@type\":\"ListItem\",\"position\":1,\"name\":\"Home\",\"item\":\"https:\/\/qomunica.md\/\"},{\"@type\":\"ListItem\",\"position\":2,\"name\":\"Pozi\u021bii vacante\"}]},{\"@type\":\"WebSite\",\"@id\":\"https:\/\/qomunica.md\/#website\",\"url\":\"https:\/\/qomunica.md\/\",\"name\":\"Qomunica Lab\",\"description\":\"SEO Agency\",\"potentialAction\":[{\"@type\":\"SearchAction\",\"target\":{\"@type\":\"EntryPoint\",\"urlTemplate\":\"https:\/\/qomunica.md\/?s={search_term_string}\"},\"query-input\":{\"@type\":\"PropertyValueSpecification\",\"valueRequired\":true,\"valueName\":\"search_term_string\"}}],\"inLanguage\":\"en-GB\"}]}<\/script>\n<!-- \/ Yoast SEO plugin. -->","yoast_head_json":{"title":"Pozi\u021bii vacante - Qomunica Lab","robots":{"index":"index","follow":"follow","max-snippet":"max-snippet:-1","max-image-preview":"max-image-preview:large","max-video-preview":"max-video-preview:-1"},"canonical":"https:\/\/qomunica.md\/en\/pozitii-vacante\/","og_locale":"en_GB","og_type":"article","og_title":"Pozi\u021bii vacante - Qomunica Lab","og_description":"Pozi\u021bii vacante Construim o echip\u0103 \u00een care munca are sens, iar rezultatele se v\u0103d clar.Aici public\u0103m pozi\u021biile deschise. Dac\u0103 nu g\u0103se\u0219ti rolul [&hellip;]","og_url":"https:\/\/qomunica.md\/en\/pozitii-vacante\/","og_site_name":"Qomunica Lab","article_modified_time":"2025-11-04T14:42:42+00:00","twitter_card":"summary_large_image","twitter_misc":{"Estimated reading time":"1 minute"},"schema":{"@context":"https:\/\/schema.org","@graph":[{"@type":"WebPage","@id":"https:\/\/qomunica.md\/pozitii-vacante\/","url":"https:\/\/qomunica.md\/pozitii-vacante\/","name":"Pozi\u021bii vacante - Qomunica Lab","isPartOf":{"@id":"https:\/\/qomunica.md\/#website"},"datePublished":"2025-11-04T14:41:30+00:00","dateModified":"2025-11-04T14:42:42+00:00","breadcrumb":{"@id":"https:\/\/qomunica.md\/pozitii-vacante\/#breadcrumb"},"inLanguage":"en-GB","potentialAction":[{"@type":"ReadAction","target":["https:\/\/qomunica.md\/pozitii-vacante\/"]}]},{"@type":"BreadcrumbList","@id":"https:\/\/qomunica.md\/pozitii-vacante\/#breadcrumb","itemListElement":[{"@type":"ListItem","position":1,"name":"Home","item":"https:\/\/qomunica.md\/"},{"@type":"ListItem","position":2,"name":"Pozi\u021bii vacante"}]},{"@type":"WebSite","@id":"https:\/\/qomunica.md\/#website","url":"https:\/\/qomunica.md\/","name":"Qomunica Lab","description":"SEO Agency","potentialAction":[{"@type":"SearchAction","target":{"@type":"EntryPoint","urlTemplate":"https:\/\/qomunica.md\/?s={search_term_string}"},"query-input":{"@type":"PropertyValueSpecification","valueRequired":true,"valueName":"search_term_string"}}],"inLanguage":"en-GB"}]}},"_links":{"self":[{"href":"https:\/\/qomunica.md\/en\/wp-json\/wp\/v2\/pages\/5020","targetHints":{"allow":["GET"]}}],"collection":[{"href":"https:\/\/qomunica.md\/en\/wp-json\/wp\/v2\/pages"}],"about":[{"href":"https:\/\/qomunica.md\/en\/wp-json\/wp\/v2\/types\/page"}],"author":[{"embeddable":true,"href":"https:\/\/qomunica.md\/en\/wp-json\/wp\/v2\/users\/1"}],"replies":[{"embeddable":true,"href":"https:\/\/qomunica.md\/en\/wp-json\/wp\/v2\/comments?post=5020"}],"version-history":[{"count":7,"href":"https:\/\/qomunica.md\/en\/wp-json\/wp\/v2\/pages\/5020\/revisions"}],"predecessor-version":[{"id":5027,"href":"https:\/\/qomunica.md\/en\/wp-json\/wp\/v2\/pages\/5020\/revisions\/5027"}],"wp:attachment":[{"href":"https:\/\/qomunica.md\/en\/wp-json\/wp\/v2\/media?parent=5020"}],"curies":[{"name":"wp","href":"https:\/\/api.w.org\/{rel}","templated":true}]}}