{"id":4582,"date":"2025-07-27T15:32:53","date_gmt":"2025-07-27T15:32:53","guid":{"rendered":"https:\/\/qomunica.md\/?page_id=4582"},"modified":"2025-07-27T17:00:01","modified_gmt":"2025-07-27T17:00:01","slug":"case-seo-clinica-privata","status":"publish","type":"page","link":"https:\/\/qomunica.md\/ro\/portofoliu\/case-seo-clinica-privata\/","title":{"rendered":"Studiu de caz &#8211; Client: NDA"},"content":{"rendered":"\t\t<div data-elementor-type=\"wp-page\" data-elementor-id=\"4582\" class=\"elementor elementor-4582\" data-elementor-settings=\"{&quot;element_pack_global_tooltip_width&quot;:{&quot;unit&quot;:&quot;px&quot;,&quot;size&quot;:&quot;&quot;,&quot;sizes&quot;:[]},&quot;element_pack_global_tooltip_width_tablet&quot;:{&quot;unit&quot;:&quot;px&quot;,&quot;size&quot;:&quot;&quot;,&quot;sizes&quot;:[]},&quot;element_pack_global_tooltip_width_mobile&quot;:{&quot;unit&quot;:&quot;px&quot;,&quot;size&quot;:&quot;&quot;,&quot;sizes&quot;:[]},&quot;element_pack_global_tooltip_padding&quot;:{&quot;unit&quot;:&quot;px&quot;,&quot;top&quot;:&quot;&quot;,&quot;right&quot;:&quot;&quot;,&quot;bottom&quot;:&quot;&quot;,&quot;left&quot;:&quot;&quot;,&quot;isLinked&quot;:true},&quot;element_pack_global_tooltip_padding_tablet&quot;:{&quot;unit&quot;:&quot;px&quot;,&quot;top&quot;:&quot;&quot;,&quot;right&quot;:&quot;&quot;,&quot;bottom&quot;:&quot;&quot;,&quot;left&quot;:&quot;&quot;,&quot;isLinked&quot;:true},&quot;element_pack_global_tooltip_padding_mobile&quot;:{&quot;unit&quot;:&quot;px&quot;,&quot;top&quot;:&quot;&quot;,&quot;right&quot;:&quot;&quot;,&quot;bottom&quot;:&quot;&quot;,&quot;left&quot;:&quot;&quot;,&quot;isLinked&quot;:true},&quot;element_pack_global_tooltip_border_radius&quot;:{&quot;unit&quot;:&quot;px&quot;,&quot;top&quot;:&quot;&quot;,&quot;right&quot;:&quot;&quot;,&quot;bottom&quot;:&quot;&quot;,&quot;left&quot;:&quot;&quot;,&quot;isLinked&quot;:true},&quot;element_pack_global_tooltip_border_radius_tablet&quot;:{&quot;unit&quot;:&quot;px&quot;,&quot;top&quot;:&quot;&quot;,&quot;right&quot;:&quot;&quot;,&quot;bottom&quot;:&quot;&quot;,&quot;left&quot;:&quot;&quot;,&quot;isLinked&quot;:true},&quot;element_pack_global_tooltip_border_radius_mobile&quot;:{&quot;unit&quot;:&quot;px&quot;,&quot;top&quot;:&quot;&quot;,&quot;right&quot;:&quot;&quot;,&quot;bottom&quot;:&quot;&quot;,&quot;left&quot;:&quot;&quot;,&quot;isLinked&quot;:true}}\" data-elementor-post-type=\"page\">\n\t\t\t\t<div class=\"elementor-element elementor-element-6ecd798 e-flex e-con-boxed e-con e-parent\" data-id=\"6ecd798\" data-element_type=\"container\">\n\t\t\t\t\t<div class=\"e-con-inner\">\n\t\t\t\t<div class=\"elementor-element elementor-element-3424842 elementor-widget elementor-widget-heading\" data-id=\"3424842\" data-element_type=\"widget\" data-widget_type=\"heading.default\">\n\t\t\t\t\t<h2 class=\"elementor-heading-title elementor-size-default\">Case: +20.800 clickuri organice \u00een 3 luni<\/h2>\t\t\t\t<\/div>\n\t\t<div class=\"elementor-element elementor-element-27dc88f e-con-full e-flex e-con e-child\" data-id=\"27dc88f\" data-element_type=\"container\" data-settings=\"{&quot;background_background&quot;:&quot;classic&quot;}\">\n\t\t\t\t<div class=\"elementor-element elementor-element-46b142a elementor-invisible elementor-widget elementor-widget-image\" data-id=\"46b142a\" data-element_type=\"widget\" data-settings=\"{&quot;_animation&quot;:&quot;fadeInUp&quot;,&quot;_animation_delay&quot;:&quot;1000&quot;}\" data-widget_type=\"image.default\">\n\t\t\t\t\t\t\t\t\t\t\t\t\t\t\t<img fetchpriority=\"high\" decoding=\"async\" width=\"2048\" height=\"1011\" src=\"https:\/\/qomunica.md\/wp-content\/uploads\/2020\/03\/Screenshot-2025-07-08-at-12.05.12-2048x1011-1.png\" class=\"attachment-full size-full wp-image-4404\" alt=\"\" srcset=\"https:\/\/qomunica.md\/wp-content\/uploads\/2020\/03\/Screenshot-2025-07-08-at-12.05.12-2048x1011-1.png 2048w, https:\/\/qomunica.md\/wp-content\/uploads\/2020\/03\/Screenshot-2025-07-08-at-12.05.12-2048x1011-1-300x148.png 300w, https:\/\/qomunica.md\/wp-content\/uploads\/2020\/03\/Screenshot-2025-07-08-at-12.05.12-2048x1011-1-1024x506.png 1024w, https:\/\/qomunica.md\/wp-content\/uploads\/2020\/03\/Screenshot-2025-07-08-at-12.05.12-2048x1011-1-768x379.png 768w, https:\/\/qomunica.md\/wp-content\/uploads\/2020\/03\/Screenshot-2025-07-08-at-12.05.12-2048x1011-1-1536x758.png 1536w, https:\/\/qomunica.md\/wp-content\/uploads\/2020\/03\/Screenshot-2025-07-08-at-12.05.12-2048x1011-1-18x9.png 18w, https:\/\/qomunica.md\/wp-content\/uploads\/2020\/03\/Screenshot-2025-07-08-at-12.05.12-2048x1011-1-650x321.png 650w\" sizes=\"(max-width: 2048px) 100vw, 2048px\" \/>\t\t\t\t\t\t\t\t\t\t\t\t\t\t\t<\/div>\n\t\t\t\t<\/div>\n\t\t\t\t\t<\/div>\n\t\t\t\t<\/div>\n\t\t<div class=\"elementor-element elementor-element-0b270c9 e-flex e-con-boxed e-con e-parent\" data-id=\"0b270c9\" data-element_type=\"container\">\n\t\t\t\t\t<div class=\"e-con-inner\">\n\t\t<div class=\"elementor-element elementor-element-28feeec e-con-full e-flex e-con e-child\" data-id=\"28feeec\" data-element_type=\"container\">\n\t\t<div class=\"elementor-element elementor-element-cfc857d e-con-full e-flex elementor-invisible e-con e-child\" data-id=\"cfc857d\" data-element_type=\"container\" data-settings=\"{&quot;animation&quot;:&quot;fadeInUp&quot;,&quot;animation_delay&quot;:&quot;900&quot;}\">\n\t\t<div class=\"elementor-element elementor-element-4b30755 e-con-full e-flex e-con e-child\" data-id=\"4b30755\" data-element_type=\"container\">\n\t\t\t\t<div class=\"elementor-element elementor-element-bb77ce7 elementor-widget elementor-widget-heading\" data-id=\"bb77ce7\" data-element_type=\"widget\" data-widget_type=\"heading.default\">\n\t\t\t\t\t<h6 class=\"elementor-heading-title elementor-size-default\">Client<\/h6>\t\t\t\t<\/div>\n\t\t\t\t<div class=\"elementor-element elementor-element-7f96211 elementor-widget elementor-widget-heading\" data-id=\"7f96211\" data-element_type=\"widget\" data-widget_type=\"heading.default\">\n\t\t\t\t\t<h5 class=\"elementor-heading-title elementor-size-default\">NDA<\/h5>\t\t\t\t<\/div>\n\t\t\t\t<\/div>\n\t\t<div class=\"elementor-element elementor-element-201c87c e-con-full e-flex e-con e-child\" data-id=\"201c87c\" data-element_type=\"container\">\n\t\t\t\t<div class=\"elementor-element elementor-element-4893fc1 elementor-widget elementor-widget-heading\" data-id=\"4893fc1\" data-element_type=\"widget\" data-widget_type=\"heading.default\">\n\t\t\t\t\t<h6 class=\"elementor-heading-title elementor-size-default\">NI\u0218\u0102<\/h6>\t\t\t\t<\/div>\n\t\t\t\t<div class=\"elementor-element elementor-element-a30a8f9 elementor-widget elementor-widget-heading\" data-id=\"a30a8f9\" data-element_type=\"widget\" data-widget_type=\"heading.default\">\n\t\t\t\t\t<h5 class=\"elementor-heading-title elementor-size-default\">Medicin\u0103<\/h5>\t\t\t\t<\/div>\n\t\t\t\t<\/div>\n\t\t<div class=\"elementor-element elementor-element-46946f5 e-con-full e-flex e-con e-child\" data-id=\"46946f5\" data-element_type=\"container\">\n\t\t\t\t<div class=\"elementor-element elementor-element-f382f22 elementor-widget elementor-widget-heading\" data-id=\"f382f22\" data-element_type=\"widget\" data-widget_type=\"heading.default\">\n\t\t\t\t\t<h6 class=\"elementor-heading-title elementor-size-default\">AN<\/h6>\t\t\t\t<\/div>\n\t\t\t\t<div class=\"elementor-element elementor-element-c74a60e elementor-widget elementor-widget-heading\" data-id=\"c74a60e\" data-element_type=\"widget\" data-widget_type=\"heading.default\">\n\t\t\t\t\t<h5 class=\"elementor-heading-title elementor-size-default\">2025<\/h5>\t\t\t\t<\/div>\n\t\t\t\t<\/div>\n\t\t\t\t<\/div>\n\t\t\t\t<\/div>\n\t\t\t\t\t<\/div>\n\t\t\t\t<\/div>\n\t\t<div class=\"elementor-element elementor-element-67a3bb9 e-con-full e-flex e-con e-parent\" data-id=\"67a3bb9\" data-element_type=\"container\" data-settings=\"{&quot;uicore_onscroll_effect&quot;:&quot;sticky-scale-small&quot;}\">\n\t\t<div class=\"elementor-element elementor-element-2352fa0 e-flex e-con-boxed elementor-invisible e-con e-child\" data-id=\"2352fa0\" data-element_type=\"container\" data-settings=\"{&quot;background_background&quot;:&quot;gradient&quot;,&quot;animation&quot;:&quot;fadeInUp&quot;,&quot;animation_delay&quot;:&quot;160&quot;}\">\n\t\t\t\t\t<div class=\"e-con-inner\">\n\t\t<div class=\"elementor-element elementor-element-5e837b0 e-con-full e-flex e-con e-child\" data-id=\"5e837b0\" data-element_type=\"container\" data-settings=\"{&quot;background_background&quot;:&quot;classic&quot;}\">\n\t\t\t\t<div class=\"elementor-element elementor-element-cc4fe16 elementor-widget elementor-widget-heading\" data-id=\"cc4fe16\" data-element_type=\"widget\" data-widget_type=\"heading.default\">\n\t\t\t\t\t<h2 class=\"elementor-heading-title elementor-size-default\">Provocarea<\/h2>\t\t\t\t<\/div>\n\t\t\t\t<div class=\"elementor-element elementor-element-559f778 elementor-widget elementor-widget-text-editor\" data-id=\"559f778\" data-element_type=\"widget\" data-widget_type=\"text-editor.default\">\n\t\t\t\t\t\t\t\t\t<p>Clientul activeaz\u0103 \u00een domeniul medical privat, \u00eentr-o ni\u0219\u0103 competitiv\u0103, cu fluctua\u021bii de trafic \u00een func\u021bie de sezon (v\u00e2rfuri \u00een lunile reci \u0219i sc\u0103deri \u00een perioada s\u0103rb\u0103torilor). Avea deja un site activ, dar cu o arhitectur\u0103 dep\u0103\u0219it\u0103, lips\u0103 de optimizare SEO on-page \u0219i con\u021binut generalist.<\/p><p>\u00a0<\/p>\t\t\t\t\t\t\t\t<\/div>\n\t\t\t\t<\/div>\n\t\t\t\t\t<\/div>\n\t\t\t\t<\/div>\n\t\t<div class=\"elementor-element elementor-element-e8d4cae e-flex e-con-boxed elementor-invisible e-con e-child\" data-id=\"e8d4cae\" data-element_type=\"container\" data-settings=\"{&quot;background_background&quot;:&quot;gradient&quot;,&quot;animation&quot;:&quot;fadeInUp&quot;,&quot;animation_delay&quot;:&quot;160&quot;}\">\n\t\t\t\t\t<div class=\"e-con-inner\">\n\t\t<div class=\"elementor-element elementor-element-a246323 e-con-full e-flex e-con e-child\" data-id=\"a246323\" data-element_type=\"container\">\n\t\t\t\t<div class=\"elementor-element elementor-element-95ebb5b elementor-widget elementor-widget-heading\" data-id=\"95ebb5b\" data-element_type=\"widget\" data-widget_type=\"heading.default\">\n\t\t\t\t\t<h2 class=\"elementor-heading-title elementor-size-default\">Ce am f\u0103cut?<\/h2>\t\t\t\t<\/div>\n\t\t\t\t<div class=\"elementor-element elementor-element-d96f8fd elementor-widget elementor-widget-text-editor\" data-id=\"d96f8fd\" data-element_type=\"widget\" data-widget_type=\"text-editor.default\">\n\t\t\t\t\t\t\t\t\t<ul>\n<li>Audit SEO tehnic \u0219i semantic: am identificat blocaje de indexare, pagini canibalizate \u0219i lipsa mappingului pe inten\u021bii comerciale \u0219i informa\u021bionale.<\/li><li>Reorganizare arhitectural\u0103 + content refresh: am redefinit structura site-ului, am creat pagini \u021bintite pentru servicii \u0219i am rescris con\u021binutul \u00een ton conversa\u021bional, dar medical corect.<\/li><li>Optimizare CTR \u0219i SERP real estate: am ref\u0103cut meta title-urile \u0219i descrierile \u00een func\u021bie de psihologia utilizatorilor locali \u0219i am implementat markup pentru rich snippets.<\/li><li>Creare articole evergreen + interlinking strategic: am introdus con\u021binut educa\u021bional adaptat publicului \u021bint\u0103, cu focus pe long-tail queries, sus\u021binut de o re\u021bea logic\u0103 de linkuri interne.<\/li><li>Monitorizare \u0219i microajust\u0103ri s\u0103pt\u0103m\u00e2nale \u00een GSC \u0219i Ahrefs.<\/li><\/ul>\n<p><\/p>\t\t\t\t\t\t\t\t<\/div>\n\t\t\t\t<\/div>\n\t\t\t\t\t<\/div>\n\t\t\t\t<\/div>\n\t\t<div class=\"elementor-element elementor-element-884dd38 e-flex e-con-boxed elementor-invisible e-con e-child\" data-id=\"884dd38\" data-element_type=\"container\" data-settings=\"{&quot;background_background&quot;:&quot;gradient&quot;,&quot;animation&quot;:&quot;fadeInUp&quot;,&quot;animation_delay&quot;:&quot;160&quot;}\">\n\t\t\t\t\t<div class=\"e-con-inner\">\n\t\t<div class=\"elementor-element elementor-element-e5c76b6 e-con-full e-flex e-con e-child\" data-id=\"e5c76b6\" data-element_type=\"container\">\n\t\t\t\t<div class=\"elementor-element elementor-element-50ed347 elementor-widget elementor-widget-heading\" data-id=\"50ed347\" data-element_type=\"widget\" data-widget_type=\"heading.default\">\n\t\t\t\t\t<h2 class=\"elementor-heading-title elementor-size-default\">Rezultate<\/h2>\t\t\t\t<\/div>\n\t\t\t\t<div class=\"elementor-element elementor-element-882b227 elementor-widget elementor-widget-text-editor\" data-id=\"882b227\" data-element_type=\"widget\" data-widget_type=\"text-editor.default\">\n\t\t\t\t\t\t\t\t\t<p>Compar\u00e2nd trimestrele Q4\/2024 vs. Q1\/2025:<\/p><ul><li>Clicks: 45.2K \u2192 66.6K<\/li><li>Impressions: 560K \u2192 760K<\/li><li>CTR: 8.1% \u2192 8.8%<\/li><li>Pozi\u021bie medie: \u00eembun\u0103t\u0103\u021bit\u0103 de la 18.1 la 16.8<\/li><li>Concret: +20.800 clickuri \u00een plus, ob\u021binute exclusiv prin SEO, f\u0103r\u0103 investi\u021bie \u00een Ads.<\/li><li>Aceste rezultate au fost generate f\u0103r\u0103 redesign complet \u2013 ci doar prin strategie, structur\u0103 \u0219i execu\u021bie disciplinat\u0103.<\/li><\/ul><p>\ud83d\udd35 Campania continu\u0103 cu obiectivul de a stabiliza pozi\u021biile \u00een top 3 pe termen lung \u0219i de a scala con\u021binutul educa\u021bional cu impact local.<\/p><p>\u00a0<\/p>\t\t\t\t\t\t\t\t<\/div>\n\t\t\t\t<\/div>\n\t\t\t\t\t<\/div>\n\t\t\t\t<\/div>\n\t\t\t\t<\/div>\n\t\t\t\t<\/div>\n\t\t","protected":false},"excerpt":{"rendered":"<p>Case: +20.800 clickuri organice \u00een 3 luni Client NDA NI\u0218\u0102 Medicin\u0103 AN 2025 Provocarea Clientul activeaz\u0103 \u00een domeniul medical privat, \u00eentr-o ni\u0219\u0103 [&hellip;]<\/p>\n","protected":false},"author":1,"featured_media":0,"parent":4559,"menu_order":0,"comment_status":"closed","ping_status":"closed","template":"","meta":{"footnotes":""},"class_list":["post-4582","page","type-page","status-publish","hentry"],"yoast_head":"<!-- This site is optimized with the Yoast SEO plugin v25.4 - https:\/\/yoast.com\/wordpress\/plugins\/seo\/ -->\n<title>Studiu de caz - Client: NDA - Qomunica Lab<\/title>\n<meta name=\"robots\" content=\"index, follow, max-snippet:-1, max-image-preview:large, max-video-preview:-1\" \/>\n<link rel=\"canonical\" href=\"https:\/\/qomunica.md\/ro\/portofoliu\/case-seo-clinica-privata\/\" \/>\n<meta property=\"og:locale\" content=\"ro_RO\" \/>\n<meta property=\"og:type\" content=\"article\" \/>\n<meta property=\"og:title\" content=\"Studiu de caz - Client: NDA - Qomunica Lab\" \/>\n<meta property=\"og:description\" content=\"Case: +20.800 clickuri organice \u00een 3 luni Client NDA NI\u0218\u0102 Medicin\u0103 AN 2025 Provocarea Clientul activeaz\u0103 \u00een domeniul medical privat, \u00eentr-o ni\u0219\u0103 [&hellip;]\" \/>\n<meta property=\"og:url\" content=\"https:\/\/qomunica.md\/ro\/portofoliu\/case-seo-clinica-privata\/\" \/>\n<meta property=\"og:site_name\" content=\"Qomunica Lab\" \/>\n<meta property=\"article:modified_time\" content=\"2025-07-27T17:00:01+00:00\" \/>\n<meta property=\"og:image\" content=\"https:\/\/qomunica.md\/wp-content\/uploads\/2020\/03\/Screenshot-2025-07-08-at-12.05.12-2048x1011-1.png\" \/>\n\t<meta property=\"og:image:width\" content=\"2048\" \/>\n\t<meta property=\"og:image:height\" content=\"1011\" \/>\n\t<meta property=\"og:image:type\" content=\"image\/png\" \/>\n<meta name=\"twitter:card\" content=\"summary_large_image\" \/>\n<meta name=\"twitter:label1\" content=\"Timp estimat pentru citire\" \/>\n\t<meta name=\"twitter:data1\" content=\"2 minute\" \/>\n<script type=\"application\/ld+json\" class=\"yoast-schema-graph\">{\"@context\":\"https:\/\/schema.org\",\"@graph\":[{\"@type\":\"WebPage\",\"@id\":\"https:\/\/qomunica.md\/portofoliu\/case-seo-clinica-privata\/\",\"url\":\"https:\/\/qomunica.md\/portofoliu\/case-seo-clinica-privata\/\",\"name\":\"Studiu de caz - Client: NDA - Qomunica Lab\",\"isPartOf\":{\"@id\":\"https:\/\/qomunica.md\/#website\"},\"primaryImageOfPage\":{\"@id\":\"https:\/\/qomunica.md\/portofoliu\/case-seo-clinica-privata\/#primaryimage\"},\"image\":{\"@id\":\"https:\/\/qomunica.md\/portofoliu\/case-seo-clinica-privata\/#primaryimage\"},\"thumbnailUrl\":\"https:\/\/qomunica.md\/wp-content\/uploads\/2020\/03\/Screenshot-2025-07-08-at-12.05.12-2048x1011-1.png\",\"datePublished\":\"2025-07-27T15:32:53+00:00\",\"dateModified\":\"2025-07-27T17:00:01+00:00\",\"breadcrumb\":{\"@id\":\"https:\/\/qomunica.md\/portofoliu\/case-seo-clinica-privata\/#breadcrumb\"},\"inLanguage\":\"ro-RO\",\"potentialAction\":[{\"@type\":\"ReadAction\",\"target\":[\"https:\/\/qomunica.md\/portofoliu\/case-seo-clinica-privata\/\"]}]},{\"@type\":\"ImageObject\",\"inLanguage\":\"ro-RO\",\"@id\":\"https:\/\/qomunica.md\/portofoliu\/case-seo-clinica-privata\/#primaryimage\",\"url\":\"https:\/\/qomunica.md\/wp-content\/uploads\/2020\/03\/Screenshot-2025-07-08-at-12.05.12-2048x1011-1.png\",\"contentUrl\":\"https:\/\/qomunica.md\/wp-content\/uploads\/2020\/03\/Screenshot-2025-07-08-at-12.05.12-2048x1011-1.png\"},{\"@type\":\"BreadcrumbList\",\"@id\":\"https:\/\/qomunica.md\/portofoliu\/case-seo-clinica-privata\/#breadcrumb\",\"itemListElement\":[{\"@type\":\"ListItem\",\"position\":1,\"name\":\"Home\",\"item\":\"https:\/\/qomunica.md\/\"},{\"@type\":\"ListItem\",\"position\":2,\"name\":\"Portofoliu\",\"item\":\"https:\/\/qomunica.md\/portofoliu\/\"},{\"@type\":\"ListItem\",\"position\":3,\"name\":\"Studiu de caz &#8211; Client: NDA\"}]},{\"@type\":\"WebSite\",\"@id\":\"https:\/\/qomunica.md\/#website\",\"url\":\"https:\/\/qomunica.md\/\",\"name\":\"Qomunica Lab\",\"description\":\"SEO Agency\",\"potentialAction\":[{\"@type\":\"SearchAction\",\"target\":{\"@type\":\"EntryPoint\",\"urlTemplate\":\"https:\/\/qomunica.md\/?s={search_term_string}\"},\"query-input\":{\"@type\":\"PropertyValueSpecification\",\"valueRequired\":true,\"valueName\":\"search_term_string\"}}],\"inLanguage\":\"ro-RO\"}]}<\/script>\n<!-- \/ Yoast SEO plugin. -->","yoast_head_json":{"title":"Studiu de caz - Client: NDA - Qomunica Lab","robots":{"index":"index","follow":"follow","max-snippet":"max-snippet:-1","max-image-preview":"max-image-preview:large","max-video-preview":"max-video-preview:-1"},"canonical":"https:\/\/qomunica.md\/ro\/portofoliu\/case-seo-clinica-privata\/","og_locale":"ro_RO","og_type":"article","og_title":"Studiu de caz - Client: NDA - Qomunica Lab","og_description":"Case: +20.800 clickuri organice \u00een 3 luni Client NDA NI\u0218\u0102 Medicin\u0103 AN 2025 Provocarea Clientul activeaz\u0103 \u00een domeniul medical privat, \u00eentr-o ni\u0219\u0103 [&hellip;]","og_url":"https:\/\/qomunica.md\/ro\/portofoliu\/case-seo-clinica-privata\/","og_site_name":"Qomunica Lab","article_modified_time":"2025-07-27T17:00:01+00:00","og_image":[{"width":2048,"height":1011,"url":"https:\/\/qomunica.md\/wp-content\/uploads\/2020\/03\/Screenshot-2025-07-08-at-12.05.12-2048x1011-1.png","type":"image\/png"}],"twitter_card":"summary_large_image","twitter_misc":{"Timp estimat pentru citire":"2 minute"},"schema":{"@context":"https:\/\/schema.org","@graph":[{"@type":"WebPage","@id":"https:\/\/qomunica.md\/portofoliu\/case-seo-clinica-privata\/","url":"https:\/\/qomunica.md\/portofoliu\/case-seo-clinica-privata\/","name":"Studiu de caz - Client: NDA - Qomunica Lab","isPartOf":{"@id":"https:\/\/qomunica.md\/#website"},"primaryImageOfPage":{"@id":"https:\/\/qomunica.md\/portofoliu\/case-seo-clinica-privata\/#primaryimage"},"image":{"@id":"https:\/\/qomunica.md\/portofoliu\/case-seo-clinica-privata\/#primaryimage"},"thumbnailUrl":"https:\/\/qomunica.md\/wp-content\/uploads\/2020\/03\/Screenshot-2025-07-08-at-12.05.12-2048x1011-1.png","datePublished":"2025-07-27T15:32:53+00:00","dateModified":"2025-07-27T17:00:01+00:00","breadcrumb":{"@id":"https:\/\/qomunica.md\/portofoliu\/case-seo-clinica-privata\/#breadcrumb"},"inLanguage":"ro-RO","potentialAction":[{"@type":"ReadAction","target":["https:\/\/qomunica.md\/portofoliu\/case-seo-clinica-privata\/"]}]},{"@type":"ImageObject","inLanguage":"ro-RO","@id":"https:\/\/qomunica.md\/portofoliu\/case-seo-clinica-privata\/#primaryimage","url":"https:\/\/qomunica.md\/wp-content\/uploads\/2020\/03\/Screenshot-2025-07-08-at-12.05.12-2048x1011-1.png","contentUrl":"https:\/\/qomunica.md\/wp-content\/uploads\/2020\/03\/Screenshot-2025-07-08-at-12.05.12-2048x1011-1.png"},{"@type":"BreadcrumbList","@id":"https:\/\/qomunica.md\/portofoliu\/case-seo-clinica-privata\/#breadcrumb","itemListElement":[{"@type":"ListItem","position":1,"name":"Home","item":"https:\/\/qomunica.md\/"},{"@type":"ListItem","position":2,"name":"Portofoliu","item":"https:\/\/qomunica.md\/portofoliu\/"},{"@type":"ListItem","position":3,"name":"Studiu de caz &#8211; Client: NDA"}]},{"@type":"WebSite","@id":"https:\/\/qomunica.md\/#website","url":"https:\/\/qomunica.md\/","name":"Qomunica Lab","description":"SEO Agency","potentialAction":[{"@type":"SearchAction","target":{"@type":"EntryPoint","urlTemplate":"https:\/\/qomunica.md\/?s={search_term_string}"},"query-input":{"@type":"PropertyValueSpecification","valueRequired":true,"valueName":"search_term_string"}}],"inLanguage":"ro-RO"}]}},"_links":{"self":[{"href":"https:\/\/qomunica.md\/ro\/wp-json\/wp\/v2\/pages\/4582","targetHints":{"allow":["GET"]}}],"collection":[{"href":"https:\/\/qomunica.md\/ro\/wp-json\/wp\/v2\/pages"}],"about":[{"href":"https:\/\/qomunica.md\/ro\/wp-json\/wp\/v2\/types\/page"}],"author":[{"embeddable":true,"href":"https:\/\/qomunica.md\/ro\/wp-json\/wp\/v2\/users\/1"}],"replies":[{"embeddable":true,"href":"https:\/\/qomunica.md\/ro\/wp-json\/wp\/v2\/comments?post=4582"}],"version-history":[{"count":6,"href":"https:\/\/qomunica.md\/ro\/wp-json\/wp\/v2\/pages\/4582\/revisions"}],"predecessor-version":[{"id":4724,"href":"https:\/\/qomunica.md\/ro\/wp-json\/wp\/v2\/pages\/4582\/revisions\/4724"}],"up":[{"embeddable":true,"href":"https:\/\/qomunica.md\/ro\/wp-json\/wp\/v2\/pages\/4559"}],"wp:attachment":[{"href":"https:\/\/qomunica.md\/ro\/wp-json\/wp\/v2\/media?parent=4582"}],"curies":[{"name":"wp","href":"https:\/\/api.w.org\/{rel}","templated":true}]}}