{"id":4588,"date":"2025-07-27T15:37:16","date_gmt":"2025-07-27T15:37:16","guid":{"rendered":"https:\/\/qomunica.md\/?page_id=4588"},"modified":"2025-07-27T16:59:42","modified_gmt":"2025-07-27T16:59:42","slug":"case-seo-tutun","status":"publish","type":"page","link":"https:\/\/qomunica.md\/ro\/portofoliu\/case-seo-tutun\/","title":{"rendered":"Studiu de caz &#8211; Client: Tutungeria Firicel"},"content":{"rendered":"\t\t<div data-elementor-type=\"wp-page\" data-elementor-id=\"4588\" class=\"elementor elementor-4588\" data-elementor-settings=\"{&quot;element_pack_global_tooltip_width&quot;:{&quot;unit&quot;:&quot;px&quot;,&quot;size&quot;:&quot;&quot;,&quot;sizes&quot;:[]},&quot;element_pack_global_tooltip_width_tablet&quot;:{&quot;unit&quot;:&quot;px&quot;,&quot;size&quot;:&quot;&quot;,&quot;sizes&quot;:[]},&quot;element_pack_global_tooltip_width_mobile&quot;:{&quot;unit&quot;:&quot;px&quot;,&quot;size&quot;:&quot;&quot;,&quot;sizes&quot;:[]},&quot;element_pack_global_tooltip_padding&quot;:{&quot;unit&quot;:&quot;px&quot;,&quot;top&quot;:&quot;&quot;,&quot;right&quot;:&quot;&quot;,&quot;bottom&quot;:&quot;&quot;,&quot;left&quot;:&quot;&quot;,&quot;isLinked&quot;:true},&quot;element_pack_global_tooltip_padding_tablet&quot;:{&quot;unit&quot;:&quot;px&quot;,&quot;top&quot;:&quot;&quot;,&quot;right&quot;:&quot;&quot;,&quot;bottom&quot;:&quot;&quot;,&quot;left&quot;:&quot;&quot;,&quot;isLinked&quot;:true},&quot;element_pack_global_tooltip_padding_mobile&quot;:{&quot;unit&quot;:&quot;px&quot;,&quot;top&quot;:&quot;&quot;,&quot;right&quot;:&quot;&quot;,&quot;bottom&quot;:&quot;&quot;,&quot;left&quot;:&quot;&quot;,&quot;isLinked&quot;:true},&quot;element_pack_global_tooltip_border_radius&quot;:{&quot;unit&quot;:&quot;px&quot;,&quot;top&quot;:&quot;&quot;,&quot;right&quot;:&quot;&quot;,&quot;bottom&quot;:&quot;&quot;,&quot;left&quot;:&quot;&quot;,&quot;isLinked&quot;:true},&quot;element_pack_global_tooltip_border_radius_tablet&quot;:{&quot;unit&quot;:&quot;px&quot;,&quot;top&quot;:&quot;&quot;,&quot;right&quot;:&quot;&quot;,&quot;bottom&quot;:&quot;&quot;,&quot;left&quot;:&quot;&quot;,&quot;isLinked&quot;:true},&quot;element_pack_global_tooltip_border_radius_mobile&quot;:{&quot;unit&quot;:&quot;px&quot;,&quot;top&quot;:&quot;&quot;,&quot;right&quot;:&quot;&quot;,&quot;bottom&quot;:&quot;&quot;,&quot;left&quot;:&quot;&quot;,&quot;isLinked&quot;:true}}\" data-elementor-post-type=\"page\">\n\t\t\t\t<div class=\"elementor-element elementor-element-121abe0 e-flex e-con-boxed e-con e-parent\" data-id=\"121abe0\" data-element_type=\"container\">\n\t\t\t\t\t<div class=\"e-con-inner\">\n\t\t\t\t<div class=\"elementor-element elementor-element-a95f514 elementor-widget elementor-widget-heading\" data-id=\"a95f514\" data-element_type=\"widget\" data-widget_type=\"heading.default\">\n\t\t\t\t\t<h2 class=\"elementor-heading-title elementor-size-default\">+11.400 Clickuri Organice \u00eentr-o ni\u0219\u0103 restric\u021bionat\u0103<\/h2>\t\t\t\t<\/div>\n\t\t<div class=\"elementor-element elementor-element-ab157e2 e-con-full e-flex e-con e-child\" data-id=\"ab157e2\" data-element_type=\"container\" data-settings=\"{&quot;background_background&quot;:&quot;classic&quot;}\">\n\t\t\t\t<div class=\"elementor-element elementor-element-72f4a6e elementor-invisible elementor-widget elementor-widget-image\" data-id=\"72f4a6e\" data-element_type=\"widget\" data-settings=\"{&quot;_animation&quot;:&quot;fadeInUp&quot;,&quot;_animation_delay&quot;:&quot;1000&quot;}\" data-widget_type=\"image.default\">\n\t\t\t\t\t\t\t\t\t\t\t\t\t\t\t<img fetchpriority=\"high\" decoding=\"async\" width=\"1280\" height=\"563\" src=\"https:\/\/qomunica.md\/wp-content\/uploads\/2025\/07\/photo_2025-07-08-11.21.31-1.jpeg\" class=\"attachment-full size-full wp-image-4469\" alt=\"\" srcset=\"https:\/\/qomunica.md\/wp-content\/uploads\/2025\/07\/photo_2025-07-08-11.21.31-1.jpeg 1280w, https:\/\/qomunica.md\/wp-content\/uploads\/2025\/07\/photo_2025-07-08-11.21.31-1-300x132.jpeg 300w, https:\/\/qomunica.md\/wp-content\/uploads\/2025\/07\/photo_2025-07-08-11.21.31-1-1024x450.jpeg 1024w, https:\/\/qomunica.md\/wp-content\/uploads\/2025\/07\/photo_2025-07-08-11.21.31-1-768x338.jpeg 768w, https:\/\/qomunica.md\/wp-content\/uploads\/2025\/07\/photo_2025-07-08-11.21.31-1-18x8.jpeg 18w, https:\/\/qomunica.md\/wp-content\/uploads\/2025\/07\/photo_2025-07-08-11.21.31-1-650x286.jpeg 650w\" sizes=\"(max-width: 1280px) 100vw, 1280px\" \/>\t\t\t\t\t\t\t\t\t\t\t\t\t\t\t<\/div>\n\t\t\t\t<\/div>\n\t\t\t\t\t<\/div>\n\t\t\t\t<\/div>\n\t\t<div class=\"elementor-element elementor-element-c9ceeee e-flex e-con-boxed e-con e-parent\" data-id=\"c9ceeee\" data-element_type=\"container\">\n\t\t\t\t\t<div class=\"e-con-inner\">\n\t\t<div class=\"elementor-element elementor-element-8ee9bbc e-con-full e-flex e-con e-child\" data-id=\"8ee9bbc\" data-element_type=\"container\">\n\t\t<div class=\"elementor-element elementor-element-b2ae25e e-con-full e-flex elementor-invisible e-con e-child\" data-id=\"b2ae25e\" data-element_type=\"container\" data-settings=\"{&quot;animation&quot;:&quot;fadeInUp&quot;,&quot;animation_delay&quot;:&quot;900&quot;}\">\n\t\t<div class=\"elementor-element elementor-element-3f52960 e-con-full e-flex e-con e-child\" data-id=\"3f52960\" data-element_type=\"container\">\n\t\t\t\t<div class=\"elementor-element elementor-element-5b6aa5a elementor-widget elementor-widget-heading\" data-id=\"5b6aa5a\" data-element_type=\"widget\" data-widget_type=\"heading.default\">\n\t\t\t\t\t<h6 class=\"elementor-heading-title elementor-size-default\">Client<\/h6>\t\t\t\t<\/div>\n\t\t\t\t<div class=\"elementor-element elementor-element-9854fbf elementor-widget elementor-widget-heading\" data-id=\"9854fbf\" data-element_type=\"widget\" data-widget_type=\"heading.default\">\n\t\t\t\t\t<h5 class=\"elementor-heading-title elementor-size-default\">Tutungeria Firicel<\/h5>\t\t\t\t<\/div>\n\t\t\t\t<\/div>\n\t\t<div class=\"elementor-element elementor-element-6160714 e-con-full e-flex e-con e-child\" data-id=\"6160714\" data-element_type=\"container\">\n\t\t\t\t<div class=\"elementor-element elementor-element-4232437 elementor-widget elementor-widget-heading\" data-id=\"4232437\" data-element_type=\"widget\" data-widget_type=\"heading.default\">\n\t\t\t\t\t<h6 class=\"elementor-heading-title elementor-size-default\">NI\u0218\u0102<\/h6>\t\t\t\t<\/div>\n\t\t\t\t<div class=\"elementor-element elementor-element-4434f2c elementor-widget elementor-widget-heading\" data-id=\"4434f2c\" data-element_type=\"widget\" data-widget_type=\"heading.default\">\n\t\t\t\t\t<h5 class=\"elementor-heading-title elementor-size-default\">Comercializare Tutun<\/h5>\t\t\t\t<\/div>\n\t\t\t\t<\/div>\n\t\t<div class=\"elementor-element elementor-element-2be1225 e-con-full e-flex e-con e-child\" data-id=\"2be1225\" data-element_type=\"container\">\n\t\t\t\t<div class=\"elementor-element elementor-element-8b9edfc elementor-widget elementor-widget-heading\" data-id=\"8b9edfc\" data-element_type=\"widget\" data-widget_type=\"heading.default\">\n\t\t\t\t\t<h6 class=\"elementor-heading-title elementor-size-default\">AN<\/h6>\t\t\t\t<\/div>\n\t\t\t\t<div class=\"elementor-element elementor-element-70a4bda elementor-widget elementor-widget-heading\" data-id=\"70a4bda\" data-element_type=\"widget\" data-widget_type=\"heading.default\">\n\t\t\t\t\t<h5 class=\"elementor-heading-title elementor-size-default\">2025<\/h5>\t\t\t\t<\/div>\n\t\t\t\t<\/div>\n\t\t\t\t<\/div>\n\t\t\t\t<\/div>\n\t\t\t\t\t<\/div>\n\t\t\t\t<\/div>\n\t\t<div class=\"elementor-element elementor-element-a035875 e-con-full e-flex e-con e-parent\" data-id=\"a035875\" data-element_type=\"container\" data-settings=\"{&quot;uicore_onscroll_effect&quot;:&quot;sticky-scale-small&quot;}\">\n\t\t<div class=\"elementor-element elementor-element-9877b76 e-flex e-con-boxed elementor-invisible e-con e-child\" data-id=\"9877b76\" data-element_type=\"container\" data-settings=\"{&quot;background_background&quot;:&quot;gradient&quot;,&quot;animation&quot;:&quot;fadeInUp&quot;,&quot;animation_delay&quot;:&quot;160&quot;}\">\n\t\t\t\t\t<div class=\"e-con-inner\">\n\t\t<div class=\"elementor-element elementor-element-4dc41ce e-con-full e-flex e-con e-child\" data-id=\"4dc41ce\" data-element_type=\"container\" data-settings=\"{&quot;background_background&quot;:&quot;classic&quot;}\">\n\t\t\t\t<div class=\"elementor-element elementor-element-466fad2 elementor-widget elementor-widget-heading\" data-id=\"466fad2\" data-element_type=\"widget\" data-widget_type=\"heading.default\">\n\t\t\t\t\t<h2 class=\"elementor-heading-title elementor-size-default\">Provocarea<\/h2>\t\t\t\t<\/div>\n\t\t\t\t<div class=\"elementor-element elementor-element-9cd5df2 elementor-widget elementor-widget-text-editor\" data-id=\"9cd5df2\" data-element_type=\"widget\" data-widget_type=\"text-editor.default\">\n\t\t\t\t\t\t\t\t\t<p>Clientul activeaz\u0103 \u00eentr-o ni\u0219\u0103 cu dubl\u0103 dificultate: reglement\u0103ri stricte legate de promovare (tutun = interzis \u00een Google Ads), plus o competi\u021bie agresiv\u0103 din partea juc\u0103torilor vechi, cu istoric \u0219i autoritate. Traficul organic era singura surs\u0103 scalabil\u0103 \u2014 dar neexploatat\u0103.<\/p><p><strong>Provocarea<\/strong>: cum ob\u021bii vizibilitate \u00eentr-un domeniu unde nu po\u021bi pl\u0103ti pentru promovare?<br \/>R\u0103spunsul: SEO cu disciplin\u0103, tactic\u0103 \u0219i focus pe termeni comerciali long-tail.<\/p>\t\t\t\t\t\t\t\t<\/div>\n\t\t\t\t<\/div>\n\t\t\t\t\t<\/div>\n\t\t\t\t<\/div>\n\t\t<div class=\"elementor-element elementor-element-5aebbf0 e-flex e-con-boxed elementor-invisible e-con e-child\" data-id=\"5aebbf0\" data-element_type=\"container\" data-settings=\"{&quot;background_background&quot;:&quot;gradient&quot;,&quot;animation&quot;:&quot;fadeInUp&quot;,&quot;animation_delay&quot;:&quot;160&quot;}\">\n\t\t\t\t\t<div class=\"e-con-inner\">\n\t\t<div class=\"elementor-element elementor-element-f3b1366 e-con-full e-flex e-con e-child\" data-id=\"f3b1366\" data-element_type=\"container\">\n\t\t\t\t<div class=\"elementor-element elementor-element-ea94108 elementor-widget elementor-widget-heading\" data-id=\"ea94108\" data-element_type=\"widget\" data-widget_type=\"heading.default\">\n\t\t\t\t\t<h2 class=\"elementor-heading-title elementor-size-default\">Ce am f\u0103cut?<\/h2>\t\t\t\t<\/div>\n\t\t\t\t<div class=\"elementor-element elementor-element-bdd3814 elementor-widget elementor-widget-text-editor\" data-id=\"bdd3814\" data-element_type=\"widget\" data-widget_type=\"text-editor.default\">\n\t\t\t\t\t\t\t\t\t<ul><li>Gap SEO: am identificat lipsuri fa\u021b\u0103 de competitori<\/li><li>Mapping pe cuvinte cu inten\u021bie comercial\u0103<\/li><li>Arhitectur\u0103 ref\u0103cut\u0103 pe categorii &amp; produse<\/li><li>Copy tehnic cu CTA-uri clare pe landing-uri<\/li><li>Meta-uri \u00een format problem\u0103\u2013solu\u021bie (CTR+)<\/li><li>Content suport educa\u021bional + interlinking logic<\/li><li>PageSpeed optimizat manual (LCP sub 2s)<\/li><li>UX mobile: layout adaptiv \u0219i f\u0103r\u0103 fric\u021biuni<\/li><\/ul>\t\t\t\t\t\t\t\t<\/div>\n\t\t\t\t<\/div>\n\t\t\t\t\t<\/div>\n\t\t\t\t<\/div>\n\t\t<div class=\"elementor-element elementor-element-01ea3ca e-flex e-con-boxed elementor-invisible e-con e-child\" data-id=\"01ea3ca\" data-element_type=\"container\" data-settings=\"{&quot;background_background&quot;:&quot;gradient&quot;,&quot;animation&quot;:&quot;fadeInUp&quot;,&quot;animation_delay&quot;:&quot;160&quot;}\">\n\t\t\t\t\t<div class=\"e-con-inner\">\n\t\t<div class=\"elementor-element elementor-element-7c39b78 e-con-full e-flex e-con e-child\" data-id=\"7c39b78\" data-element_type=\"container\">\n\t\t\t\t<div class=\"elementor-element elementor-element-d22f675 elementor-widget elementor-widget-heading\" data-id=\"d22f675\" data-element_type=\"widget\" data-widget_type=\"heading.default\">\n\t\t\t\t\t<h2 class=\"elementor-heading-title elementor-size-default\">Rezultate<\/h2>\t\t\t\t<\/div>\n\t\t\t\t<div class=\"elementor-element elementor-element-53f095f elementor-widget elementor-widget-text-editor\" data-id=\"53f095f\" data-element_type=\"widget\" data-widget_type=\"text-editor.default\">\n\t\t\t\t\t\t\t\t\t<ul><li><p>Clicks: 11.4K \u00een 3 luni<\/p><\/li><li><p>Impressions: 256K<\/p><\/li><li><p>CTR: 4.5%<\/p><\/li><li><p>Pozi\u021bie medie: 7.7 pe cuvinte comerciale relevante<\/p><\/li><li><p>Cre\u0219tere 100% organic\u0103, f\u0103r\u0103 reclame, \u00eentr-un domeniu unde performan\u021ba vine doar din execu\u021bie SEO precis\u0103.<\/p><p>\ud83d\udd35 \u00cen prezent extindem portofoliul de pagini informative \u0219i test\u0103m strategii de rich content (video + comparative) pentru cre\u0219tere suplimentar\u0103.<\/p><\/li><\/ul>\t\t\t\t\t\t\t\t<\/div>\n\t\t\t\t<\/div>\n\t\t\t\t\t<\/div>\n\t\t\t\t<\/div>\n\t\t\t\t<\/div>\n\t\t\t\t<\/div>\n\t\t","protected":false},"excerpt":{"rendered":"<p>+11.400 Clickuri Organice \u00eentr-o ni\u0219\u0103 restric\u021bionat\u0103 Client Tutungeria Firicel NI\u0218\u0102 Comercializare Tutun AN 2025 Provocarea Clientul activeaz\u0103 \u00eentr-o ni\u0219\u0103 cu dubl\u0103 dificultate: [&hellip;]<\/p>\n","protected":false},"author":1,"featured_media":0,"parent":4559,"menu_order":0,"comment_status":"closed","ping_status":"closed","template":"","meta":{"footnotes":""},"class_list":["post-4588","page","type-page","status-publish","hentry"],"yoast_head":"<!-- This site is optimized with the Yoast SEO plugin v25.4 - https:\/\/yoast.com\/wordpress\/plugins\/seo\/ -->\n<title>Studiu de caz - Client: Tutungeria Firicel - Qomunica Lab<\/title>\n<meta name=\"robots\" content=\"index, follow, max-snippet:-1, max-image-preview:large, max-video-preview:-1\" \/>\n<link rel=\"canonical\" href=\"https:\/\/qomunica.md\/ro\/portofoliu\/case-seo-tutun\/\" \/>\n<meta property=\"og:locale\" content=\"ro_RO\" \/>\n<meta property=\"og:type\" content=\"article\" \/>\n<meta property=\"og:title\" content=\"Studiu de caz - Client: Tutungeria Firicel - Qomunica Lab\" \/>\n<meta property=\"og:description\" content=\"+11.400 Clickuri Organice \u00eentr-o ni\u0219\u0103 restric\u021bionat\u0103 Client Tutungeria Firicel NI\u0218\u0102 Comercializare Tutun AN 2025 Provocarea Clientul activeaz\u0103 \u00eentr-o ni\u0219\u0103 cu dubl\u0103 dificultate: [&hellip;]\" \/>\n<meta property=\"og:url\" content=\"https:\/\/qomunica.md\/ro\/portofoliu\/case-seo-tutun\/\" \/>\n<meta property=\"og:site_name\" content=\"Qomunica Lab\" \/>\n<meta property=\"article:modified_time\" content=\"2025-07-27T16:59:42+00:00\" \/>\n<meta property=\"og:image\" content=\"https:\/\/qomunica.md\/wp-content\/uploads\/2025\/07\/photo_2025-07-08-11.21.31-1.jpeg\" \/>\n\t<meta property=\"og:image:width\" content=\"1280\" \/>\n\t<meta property=\"og:image:height\" content=\"563\" \/>\n\t<meta property=\"og:image:type\" content=\"image\/jpeg\" \/>\n<meta name=\"twitter:card\" content=\"summary_large_image\" \/>\n<meta name=\"twitter:label1\" content=\"Timp estimat pentru citire\" \/>\n\t<meta name=\"twitter:data1\" content=\"1 minut\" \/>\n<script type=\"application\/ld+json\" class=\"yoast-schema-graph\">{\"@context\":\"https:\/\/schema.org\",\"@graph\":[{\"@type\":\"WebPage\",\"@id\":\"https:\/\/qomunica.md\/portofoliu\/case-seo-tutun\/\",\"url\":\"https:\/\/qomunica.md\/portofoliu\/case-seo-tutun\/\",\"name\":\"Studiu de caz - Client: Tutungeria Firicel - Qomunica Lab\",\"isPartOf\":{\"@id\":\"https:\/\/qomunica.md\/#website\"},\"primaryImageOfPage\":{\"@id\":\"https:\/\/qomunica.md\/portofoliu\/case-seo-tutun\/#primaryimage\"},\"image\":{\"@id\":\"https:\/\/qomunica.md\/portofoliu\/case-seo-tutun\/#primaryimage\"},\"thumbnailUrl\":\"https:\/\/qomunica.md\/wp-content\/uploads\/2025\/07\/photo_2025-07-08-11.21.31-1.jpeg\",\"datePublished\":\"2025-07-27T15:37:16+00:00\",\"dateModified\":\"2025-07-27T16:59:42+00:00\",\"breadcrumb\":{\"@id\":\"https:\/\/qomunica.md\/portofoliu\/case-seo-tutun\/#breadcrumb\"},\"inLanguage\":\"ro-RO\",\"potentialAction\":[{\"@type\":\"ReadAction\",\"target\":[\"https:\/\/qomunica.md\/portofoliu\/case-seo-tutun\/\"]}]},{\"@type\":\"ImageObject\",\"inLanguage\":\"ro-RO\",\"@id\":\"https:\/\/qomunica.md\/portofoliu\/case-seo-tutun\/#primaryimage\",\"url\":\"https:\/\/qomunica.md\/wp-content\/uploads\/2025\/07\/photo_2025-07-08-11.21.31-1.jpeg\",\"contentUrl\":\"https:\/\/qomunica.md\/wp-content\/uploads\/2025\/07\/photo_2025-07-08-11.21.31-1.jpeg\"},{\"@type\":\"BreadcrumbList\",\"@id\":\"https:\/\/qomunica.md\/portofoliu\/case-seo-tutun\/#breadcrumb\",\"itemListElement\":[{\"@type\":\"ListItem\",\"position\":1,\"name\":\"Home\",\"item\":\"https:\/\/qomunica.md\/\"},{\"@type\":\"ListItem\",\"position\":2,\"name\":\"Portofoliu\",\"item\":\"https:\/\/qomunica.md\/portofoliu\/\"},{\"@type\":\"ListItem\",\"position\":3,\"name\":\"Studiu de caz &#8211; Client: Tutungeria Firicel\"}]},{\"@type\":\"WebSite\",\"@id\":\"https:\/\/qomunica.md\/#website\",\"url\":\"https:\/\/qomunica.md\/\",\"name\":\"Qomunica Lab\",\"description\":\"SEO Agency\",\"potentialAction\":[{\"@type\":\"SearchAction\",\"target\":{\"@type\":\"EntryPoint\",\"urlTemplate\":\"https:\/\/qomunica.md\/?s={search_term_string}\"},\"query-input\":{\"@type\":\"PropertyValueSpecification\",\"valueRequired\":true,\"valueName\":\"search_term_string\"}}],\"inLanguage\":\"ro-RO\"}]}<\/script>\n<!-- \/ Yoast SEO plugin. -->","yoast_head_json":{"title":"Studiu de caz - Client: Tutungeria Firicel - Qomunica Lab","robots":{"index":"index","follow":"follow","max-snippet":"max-snippet:-1","max-image-preview":"max-image-preview:large","max-video-preview":"max-video-preview:-1"},"canonical":"https:\/\/qomunica.md\/ro\/portofoliu\/case-seo-tutun\/","og_locale":"ro_RO","og_type":"article","og_title":"Studiu de caz - Client: Tutungeria Firicel - Qomunica Lab","og_description":"+11.400 Clickuri Organice \u00eentr-o ni\u0219\u0103 restric\u021bionat\u0103 Client Tutungeria Firicel NI\u0218\u0102 Comercializare Tutun AN 2025 Provocarea Clientul activeaz\u0103 \u00eentr-o ni\u0219\u0103 cu dubl\u0103 dificultate: [&hellip;]","og_url":"https:\/\/qomunica.md\/ro\/portofoliu\/case-seo-tutun\/","og_site_name":"Qomunica Lab","article_modified_time":"2025-07-27T16:59:42+00:00","og_image":[{"width":1280,"height":563,"url":"https:\/\/qomunica.md\/wp-content\/uploads\/2025\/07\/photo_2025-07-08-11.21.31-1.jpeg","type":"image\/jpeg"}],"twitter_card":"summary_large_image","twitter_misc":{"Timp estimat pentru citire":"1 minut"},"schema":{"@context":"https:\/\/schema.org","@graph":[{"@type":"WebPage","@id":"https:\/\/qomunica.md\/portofoliu\/case-seo-tutun\/","url":"https:\/\/qomunica.md\/portofoliu\/case-seo-tutun\/","name":"Studiu de caz - Client: Tutungeria Firicel - Qomunica Lab","isPartOf":{"@id":"https:\/\/qomunica.md\/#website"},"primaryImageOfPage":{"@id":"https:\/\/qomunica.md\/portofoliu\/case-seo-tutun\/#primaryimage"},"image":{"@id":"https:\/\/qomunica.md\/portofoliu\/case-seo-tutun\/#primaryimage"},"thumbnailUrl":"https:\/\/qomunica.md\/wp-content\/uploads\/2025\/07\/photo_2025-07-08-11.21.31-1.jpeg","datePublished":"2025-07-27T15:37:16+00:00","dateModified":"2025-07-27T16:59:42+00:00","breadcrumb":{"@id":"https:\/\/qomunica.md\/portofoliu\/case-seo-tutun\/#breadcrumb"},"inLanguage":"ro-RO","potentialAction":[{"@type":"ReadAction","target":["https:\/\/qomunica.md\/portofoliu\/case-seo-tutun\/"]}]},{"@type":"ImageObject","inLanguage":"ro-RO","@id":"https:\/\/qomunica.md\/portofoliu\/case-seo-tutun\/#primaryimage","url":"https:\/\/qomunica.md\/wp-content\/uploads\/2025\/07\/photo_2025-07-08-11.21.31-1.jpeg","contentUrl":"https:\/\/qomunica.md\/wp-content\/uploads\/2025\/07\/photo_2025-07-08-11.21.31-1.jpeg"},{"@type":"BreadcrumbList","@id":"https:\/\/qomunica.md\/portofoliu\/case-seo-tutun\/#breadcrumb","itemListElement":[{"@type":"ListItem","position":1,"name":"Home","item":"https:\/\/qomunica.md\/"},{"@type":"ListItem","position":2,"name":"Portofoliu","item":"https:\/\/qomunica.md\/portofoliu\/"},{"@type":"ListItem","position":3,"name":"Studiu de caz &#8211; Client: Tutungeria Firicel"}]},{"@type":"WebSite","@id":"https:\/\/qomunica.md\/#website","url":"https:\/\/qomunica.md\/","name":"Qomunica Lab","description":"SEO Agency","potentialAction":[{"@type":"SearchAction","target":{"@type":"EntryPoint","urlTemplate":"https:\/\/qomunica.md\/?s={search_term_string}"},"query-input":{"@type":"PropertyValueSpecification","valueRequired":true,"valueName":"search_term_string"}}],"inLanguage":"ro-RO"}]}},"_links":{"self":[{"href":"https:\/\/qomunica.md\/ro\/wp-json\/wp\/v2\/pages\/4588","targetHints":{"allow":["GET"]}}],"collection":[{"href":"https:\/\/qomunica.md\/ro\/wp-json\/wp\/v2\/pages"}],"about":[{"href":"https:\/\/qomunica.md\/ro\/wp-json\/wp\/v2\/types\/page"}],"author":[{"embeddable":true,"href":"https:\/\/qomunica.md\/ro\/wp-json\/wp\/v2\/users\/1"}],"replies":[{"embeddable":true,"href":"https:\/\/qomunica.md\/ro\/wp-json\/wp\/v2\/comments?post=4588"}],"version-history":[{"count":6,"href":"https:\/\/qomunica.md\/ro\/wp-json\/wp\/v2\/pages\/4588\/revisions"}],"predecessor-version":[{"id":4721,"href":"https:\/\/qomunica.md\/ro\/wp-json\/wp\/v2\/pages\/4588\/revisions\/4721"}],"up":[{"embeddable":true,"href":"https:\/\/qomunica.md\/ro\/wp-json\/wp\/v2\/pages\/4559"}],"wp:attachment":[{"href":"https:\/\/qomunica.md\/ro\/wp-json\/wp\/v2\/media?parent=4588"}],"curies":[{"name":"wp","href":"https:\/\/api.w.org\/{rel}","templated":true}]}}