{"id":4591,"date":"2025-07-27T15:37:35","date_gmt":"2025-07-27T15:37:35","guid":{"rendered":"https:\/\/qomunica.md\/?page_id=4591"},"modified":"2025-07-27T16:59:30","modified_gmt":"2025-07-27T16:59:30","slug":"case-creare-site-fotocarte","status":"publish","type":"page","link":"https:\/\/qomunica.md\/ro\/portofoliu\/case-creare-site-fotocarte\/","title":{"rendered":"Studiu de caz &#8211; Client: Fotocarte"},"content":{"rendered":"\t\t<div data-elementor-type=\"wp-page\" data-elementor-id=\"4591\" class=\"elementor elementor-4591\" data-elementor-settings=\"{&quot;element_pack_global_tooltip_width&quot;:{&quot;unit&quot;:&quot;px&quot;,&quot;size&quot;:&quot;&quot;,&quot;sizes&quot;:[]},&quot;element_pack_global_tooltip_width_tablet&quot;:{&quot;unit&quot;:&quot;px&quot;,&quot;size&quot;:&quot;&quot;,&quot;sizes&quot;:[]},&quot;element_pack_global_tooltip_width_mobile&quot;:{&quot;unit&quot;:&quot;px&quot;,&quot;size&quot;:&quot;&quot;,&quot;sizes&quot;:[]},&quot;element_pack_global_tooltip_padding&quot;:{&quot;unit&quot;:&quot;px&quot;,&quot;top&quot;:&quot;&quot;,&quot;right&quot;:&quot;&quot;,&quot;bottom&quot;:&quot;&quot;,&quot;left&quot;:&quot;&quot;,&quot;isLinked&quot;:true},&quot;element_pack_global_tooltip_padding_tablet&quot;:{&quot;unit&quot;:&quot;px&quot;,&quot;top&quot;:&quot;&quot;,&quot;right&quot;:&quot;&quot;,&quot;bottom&quot;:&quot;&quot;,&quot;left&quot;:&quot;&quot;,&quot;isLinked&quot;:true},&quot;element_pack_global_tooltip_padding_mobile&quot;:{&quot;unit&quot;:&quot;px&quot;,&quot;top&quot;:&quot;&quot;,&quot;right&quot;:&quot;&quot;,&quot;bottom&quot;:&quot;&quot;,&quot;left&quot;:&quot;&quot;,&quot;isLinked&quot;:true},&quot;element_pack_global_tooltip_border_radius&quot;:{&quot;unit&quot;:&quot;px&quot;,&quot;top&quot;:&quot;&quot;,&quot;right&quot;:&quot;&quot;,&quot;bottom&quot;:&quot;&quot;,&quot;left&quot;:&quot;&quot;,&quot;isLinked&quot;:true},&quot;element_pack_global_tooltip_border_radius_tablet&quot;:{&quot;unit&quot;:&quot;px&quot;,&quot;top&quot;:&quot;&quot;,&quot;right&quot;:&quot;&quot;,&quot;bottom&quot;:&quot;&quot;,&quot;left&quot;:&quot;&quot;,&quot;isLinked&quot;:true},&quot;element_pack_global_tooltip_border_radius_mobile&quot;:{&quot;unit&quot;:&quot;px&quot;,&quot;top&quot;:&quot;&quot;,&quot;right&quot;:&quot;&quot;,&quot;bottom&quot;:&quot;&quot;,&quot;left&quot;:&quot;&quot;,&quot;isLinked&quot;:true}}\" data-elementor-post-type=\"page\">\n\t\t\t\t<div class=\"elementor-element elementor-element-4baa513 e-flex e-con-boxed e-con e-parent\" data-id=\"4baa513\" data-element_type=\"container\">\n\t\t\t\t\t<div class=\"e-con-inner\">\n\t\t\t\t<div class=\"elementor-element elementor-element-ca10d0d elementor-widget-mobile__width-inherit ui-e-a-animate elementor-invisible elementor-widget elementor-widget-highlighted-text\" data-id=\"ca10d0d\" data-element_type=\"widget\" data-settings=\"{&quot;_animation&quot;:&quot;fadeInUp&quot;,&quot;_animation_delay&quot;:500}\" data-widget_type=\"highlighted-text.default\">\n\t\t\t\t\t\t\t<h1 class=\"ui-e--highlighted-text\">\n\t\t\t<span class=\"ui-e-headline-text elementor-repeater-item-114b631\">fotocarte.md:<\/span><span class=\"ui-e-headline-text elementor-repeater-item-c439197 ui-e-headline-color\">\n\t\t\t\t\t\t\t\t\t<span class=\"whitespace\"><\/span>\n                                    <span>\n                                        <span class=\"ui-e-headline-text ui-e-headline-highlighted\">Site e-commerce cu func\u021bionalitate de editor <\/span><span class=\"uicore-svg-wrapper\"><svg xmlns=\"http:\/\/www.w3.org\/2000\/svg\" viewBox=\"0 0 500 150\" preserveAspectRatio=\"none\"><\/svg><\/span><\/span> <span class=\"whitespace\"> <\/span><\/span>\t\t<\/h1>\n\t\t\t\t\t<\/div>\n\t\t<div class=\"elementor-element elementor-element-7488afe e-con-full e-flex e-con e-child\" data-id=\"7488afe\" data-element_type=\"container\" data-settings=\"{&quot;background_background&quot;:&quot;classic&quot;}\">\n\t\t\t\t<div class=\"elementor-element elementor-element-c8e04ce elementor-invisible elementor-widget elementor-widget-image\" data-id=\"c8e04ce\" data-element_type=\"widget\" data-settings=\"{&quot;_animation&quot;:&quot;fadeInUp&quot;,&quot;_animation_delay&quot;:&quot;1000&quot;}\" data-widget_type=\"image.default\">\n\t\t\t\t\t\t\t\t\t\t\t\t\t\t\t<img fetchpriority=\"high\" decoding=\"async\" width=\"1238\" height=\"844\" src=\"https:\/\/qomunica.md\/wp-content\/uploads\/2025\/07\/5-4-1.webp\" class=\"attachment-full size-full wp-image-4476\" alt=\"\" srcset=\"https:\/\/qomunica.md\/wp-content\/uploads\/2025\/07\/5-4-1.webp 1238w, https:\/\/qomunica.md\/wp-content\/uploads\/2025\/07\/5-4-1-300x205.webp 300w, https:\/\/qomunica.md\/wp-content\/uploads\/2025\/07\/5-4-1-1024x698.webp 1024w, https:\/\/qomunica.md\/wp-content\/uploads\/2025\/07\/5-4-1-768x524.webp 768w, https:\/\/qomunica.md\/wp-content\/uploads\/2025\/07\/5-4-1-18x12.webp 18w, https:\/\/qomunica.md\/wp-content\/uploads\/2025\/07\/5-4-1-650x443.webp 650w\" sizes=\"(max-width: 1238px) 100vw, 1238px\" \/>\t\t\t\t\t\t\t\t\t\t\t\t\t\t\t<\/div>\n\t\t\t\t<\/div>\n\t\t\t\t\t<\/div>\n\t\t\t\t<\/div>\n\t\t<div class=\"elementor-element elementor-element-7c08e70 e-flex e-con-boxed e-con e-parent\" data-id=\"7c08e70\" data-element_type=\"container\">\n\t\t\t\t\t<div class=\"e-con-inner\">\n\t\t<div class=\"elementor-element elementor-element-11400eb e-con-full e-flex e-con e-child\" data-id=\"11400eb\" data-element_type=\"container\">\n\t\t<div class=\"elementor-element elementor-element-4cca424 e-con-full e-flex elementor-invisible e-con e-child\" data-id=\"4cca424\" data-element_type=\"container\" data-settings=\"{&quot;animation&quot;:&quot;fadeInUp&quot;,&quot;animation_delay&quot;:&quot;900&quot;}\">\n\t\t<div class=\"elementor-element elementor-element-8f7efda e-con-full e-flex e-con e-child\" data-id=\"8f7efda\" data-element_type=\"container\">\n\t\t\t\t<div class=\"elementor-element elementor-element-9455c4a elementor-widget elementor-widget-heading\" data-id=\"9455c4a\" data-element_type=\"widget\" data-widget_type=\"heading.default\">\n\t\t\t\t\t<h6 class=\"elementor-heading-title elementor-size-default\">Client<\/h6>\t\t\t\t<\/div>\n\t\t\t\t<div class=\"elementor-element elementor-element-c6b627b elementor-widget elementor-widget-heading\" data-id=\"c6b627b\" data-element_type=\"widget\" data-widget_type=\"heading.default\">\n\t\t\t\t\t<h5 class=\"elementor-heading-title elementor-size-default\">Fotocarte<\/h5>\t\t\t\t<\/div>\n\t\t\t\t<\/div>\n\t\t<div class=\"elementor-element elementor-element-4d9e523 e-con-full e-flex e-con e-child\" data-id=\"4d9e523\" data-element_type=\"container\">\n\t\t\t\t<div class=\"elementor-element elementor-element-4ba2718 elementor-widget elementor-widget-heading\" data-id=\"4ba2718\" data-element_type=\"widget\" data-widget_type=\"heading.default\">\n\t\t\t\t\t<h6 class=\"elementor-heading-title elementor-size-default\">Link<\/h6>\t\t\t\t<\/div>\n\t\t\t\t<div class=\"elementor-element elementor-element-d1b8dba elementor-widget elementor-widget-heading\" data-id=\"d1b8dba\" data-element_type=\"widget\" data-widget_type=\"heading.default\">\n\t\t\t\t\t<h5 class=\"elementor-heading-title elementor-size-default\"><a href=\"https:\/\/fotocarte.md\/\" target=\"_blank\" rel=\"nofollow\">fotocarte.md<\/a><\/h5>\t\t\t\t<\/div>\n\t\t\t\t<\/div>\n\t\t<div class=\"elementor-element elementor-element-04a9433 e-con-full e-flex e-con e-child\" data-id=\"04a9433\" data-element_type=\"container\">\n\t\t\t\t<div class=\"elementor-element elementor-element-079983a elementor-widget elementor-widget-heading\" data-id=\"079983a\" data-element_type=\"widget\" data-widget_type=\"heading.default\">\n\t\t\t\t\t<h6 class=\"elementor-heading-title elementor-size-default\">AN<\/h6>\t\t\t\t<\/div>\n\t\t\t\t<div class=\"elementor-element elementor-element-4dd5649 elementor-widget elementor-widget-heading\" data-id=\"4dd5649\" data-element_type=\"widget\" data-widget_type=\"heading.default\">\n\t\t\t\t\t<h5 class=\"elementor-heading-title elementor-size-default\">2024<\/h5>\t\t\t\t<\/div>\n\t\t\t\t<\/div>\n\t\t\t\t<\/div>\n\t\t\t\t<\/div>\n\t\t\t\t\t<\/div>\n\t\t\t\t<\/div>\n\t\t<div class=\"elementor-element elementor-element-8c12bb1 e-con-full e-flex e-con e-parent\" data-id=\"8c12bb1\" data-element_type=\"container\" data-settings=\"{&quot;uicore_onscroll_effect&quot;:&quot;sticky-scale-small&quot;}\">\n\t\t<div class=\"elementor-element elementor-element-392121d e-flex e-con-boxed elementor-invisible e-con e-child\" data-id=\"392121d\" data-element_type=\"container\" data-settings=\"{&quot;background_background&quot;:&quot;gradient&quot;,&quot;animation&quot;:&quot;fadeInUp&quot;,&quot;animation_delay&quot;:&quot;160&quot;}\">\n\t\t\t\t\t<div class=\"e-con-inner\">\n\t\t<div class=\"elementor-element elementor-element-fd3ce69 e-con-full e-flex e-con e-child\" data-id=\"fd3ce69\" data-element_type=\"container\" data-settings=\"{&quot;background_background&quot;:&quot;classic&quot;}\">\n\t\t\t\t<div class=\"elementor-element elementor-element-06a11b8 elementor-widget elementor-widget-heading\" data-id=\"06a11b8\" data-element_type=\"widget\" data-widget_type=\"heading.default\">\n\t\t\t\t\t<h2 class=\"elementor-heading-title elementor-size-default\">Provocarea<\/h2>\t\t\t\t<\/div>\n\t\t\t\t<div class=\"elementor-element elementor-element-736bcd1 elementor-widget elementor-widget-text-editor\" data-id=\"736bcd1\" data-element_type=\"widget\" data-widget_type=\"text-editor.default\">\n\t\t\t\t\t\t\t\t\t<p>Clientul avea o idee clar\u0103: s\u0103 creeze o platform\u0103 unde orice utilizator, indiferent de cuno\u0219tin\u021bele tehnice, s\u0103 \u00ee\u0219i poat\u0103 personaliza un album foto \u2013 aleg\u00e2nd copert\u0103, format, num\u0103r de pagini, pozi\u021bionarea pozelor \u0219i textelor.<\/p><p>Nu vorbim despre un magazin online clasic, ci despre o interfa\u021b\u0103 interactiv\u0103 care func\u021bioneaz\u0103 ca un produs digital \u00een sine.<\/p>\t\t\t\t\t\t\t\t<\/div>\n\t\t\t\t<\/div>\n\t\t\t\t\t<\/div>\n\t\t\t\t<\/div>\n\t\t<div class=\"elementor-element elementor-element-8a0657c e-flex e-con-boxed elementor-invisible e-con e-child\" data-id=\"8a0657c\" data-element_type=\"container\" data-settings=\"{&quot;background_background&quot;:&quot;gradient&quot;,&quot;animation&quot;:&quot;fadeInUp&quot;,&quot;animation_delay&quot;:&quot;160&quot;}\">\n\t\t\t\t\t<div class=\"e-con-inner\">\n\t\t<div class=\"elementor-element elementor-element-6e519a6 e-con-full e-flex e-con e-child\" data-id=\"6e519a6\" data-element_type=\"container\">\n\t\t\t\t<div class=\"elementor-element elementor-element-dc42f27 elementor-widget elementor-widget-heading\" data-id=\"dc42f27\" data-element_type=\"widget\" data-widget_type=\"heading.default\">\n\t\t\t\t\t<h2 class=\"elementor-heading-title elementor-size-default\">Ce am f\u0103cut?<\/h2>\t\t\t\t<\/div>\n\t\t\t\t<div class=\"elementor-element elementor-element-d94e34d elementor-widget elementor-widget-text-editor\" data-id=\"d94e34d\" data-element_type=\"widget\" data-widget_type=\"text-editor.default\">\n\t\t\t\t\t\t\t\t\t<ul><li>Wireframe &amp; UX mapate pe func\u021bionalit\u0103\u021bi reale<\/li><li>Prototip testat pe useri reali (50+, p\u0103rin\u021bi, fotografi)<\/li><li>Design UI\/UX personalizat, vizual \u0219i intuitiv<\/li><li>Upload, drag &amp; drop, preview 3D<\/li><li>Salvare intermediar\u0103 + simulare copert\u0103<\/li><li>Checkout cu calcule automate, f\u0103r\u0103 formulare<\/li><li>Optimizare complet\u0103 pentru mobil \u0219i tablet\u0103<\/li><\/ul>\t\t\t\t\t\t\t\t<\/div>\n\t\t\t\t<\/div>\n\t\t\t\t\t<\/div>\n\t\t\t\t<\/div>\n\t\t<div class=\"elementor-element elementor-element-9e538f3 e-flex e-con-boxed elementor-invisible e-con e-child\" data-id=\"9e538f3\" data-element_type=\"container\" data-settings=\"{&quot;background_background&quot;:&quot;gradient&quot;,&quot;animation&quot;:&quot;fadeInUp&quot;,&quot;animation_delay&quot;:&quot;160&quot;}\">\n\t\t\t\t\t<div class=\"e-con-inner\">\n\t\t<div class=\"elementor-element elementor-element-d02e752 e-con-full e-flex e-con e-child\" data-id=\"d02e752\" data-element_type=\"container\">\n\t\t\t\t<div class=\"elementor-element elementor-element-f19cb17 elementor-widget elementor-widget-heading\" data-id=\"f19cb17\" data-element_type=\"widget\" data-widget_type=\"heading.default\">\n\t\t\t\t\t<h2 class=\"elementor-heading-title elementor-size-default\">Rezultat<\/h2>\t\t\t\t<\/div>\n\t\t\t\t<div class=\"elementor-element elementor-element-7c76eeb elementor-widget elementor-widget-text-editor\" data-id=\"7c76eeb\" data-element_type=\"widget\" data-widget_type=\"text-editor.default\">\n\t\t\t\t\t\t\t\t\t<ul><li>Site lansat cu 0 erori critice, func\u021bional pe toate browserele majore<\/li><li>Rat\u0103 de completare a comenzilor: peste 73% dintre utilizatorii care \u00eencep procesul de creare ajung la final<\/li><li>Timp mediu petrecut \u00een redactor: 6 minute \u0219i 20 secunde<\/li><li>Feedback excelent din partea utilizatorilor (\u201esimplu, intuitiv, ca un joc\u201d).\u00a0<\/li><\/ul>\t\t\t\t\t\t\t\t<\/div>\n\t\t\t\t<\/div>\n\t\t\t\t\t<\/div>\n\t\t\t\t<\/div>\n\t\t\t\t<\/div>\n\t\t\t\t<\/div>\n\t\t","protected":false},"excerpt":{"rendered":"<p>fotocarte.md: Site e-commerce cu func\u021bionalitate de editor Client Fotocarte Link fotocarte.md AN 2024 Provocarea Clientul avea o idee clar\u0103: s\u0103 creeze o [&hellip;]<\/p>\n","protected":false},"author":1,"featured_media":0,"parent":4559,"menu_order":0,"comment_status":"closed","ping_status":"closed","template":"","meta":{"footnotes":""},"class_list":["post-4591","page","type-page","status-publish","hentry"],"yoast_head":"<!-- This site is optimized with the Yoast SEO plugin v25.4 - https:\/\/yoast.com\/wordpress\/plugins\/seo\/ -->\n<title>Studiu de caz - Client: Fotocarte - Qomunica Lab<\/title>\n<meta name=\"robots\" content=\"index, follow, max-snippet:-1, max-image-preview:large, max-video-preview:-1\" \/>\n<link rel=\"canonical\" href=\"https:\/\/qomunica.md\/ro\/portofoliu\/case-creare-site-fotocarte\/\" \/>\n<meta property=\"og:locale\" content=\"ro_RO\" \/>\n<meta property=\"og:type\" content=\"article\" \/>\n<meta property=\"og:title\" content=\"Studiu de caz - Client: Fotocarte - Qomunica Lab\" \/>\n<meta property=\"og:description\" content=\"fotocarte.md: Site e-commerce cu func\u021bionalitate de editor Client Fotocarte Link fotocarte.md AN 2024 Provocarea Clientul avea o idee clar\u0103: s\u0103 creeze o [&hellip;]\" \/>\n<meta property=\"og:url\" content=\"https:\/\/qomunica.md\/ro\/portofoliu\/case-creare-site-fotocarte\/\" \/>\n<meta property=\"og:site_name\" content=\"Qomunica Lab\" \/>\n<meta property=\"article:modified_time\" content=\"2025-07-27T16:59:30+00:00\" \/>\n<meta property=\"og:image\" content=\"https:\/\/qomunica.md\/wp-content\/uploads\/2025\/07\/5-4-1.webp\" \/>\n\t<meta property=\"og:image:width\" content=\"1238\" \/>\n\t<meta property=\"og:image:height\" content=\"844\" \/>\n\t<meta property=\"og:image:type\" content=\"image\/webp\" \/>\n<meta name=\"twitter:card\" content=\"summary_large_image\" \/>\n<meta name=\"twitter:label1\" content=\"Timp estimat pentru citire\" \/>\n\t<meta name=\"twitter:data1\" content=\"1 minut\" \/>\n<script type=\"application\/ld+json\" class=\"yoast-schema-graph\">{\"@context\":\"https:\/\/schema.org\",\"@graph\":[{\"@type\":\"WebPage\",\"@id\":\"https:\/\/qomunica.md\/portofoliu\/case-creare-site-fotocarte\/\",\"url\":\"https:\/\/qomunica.md\/portofoliu\/case-creare-site-fotocarte\/\",\"name\":\"Studiu de caz - Client: Fotocarte - Qomunica Lab\",\"isPartOf\":{\"@id\":\"https:\/\/qomunica.md\/#website\"},\"primaryImageOfPage\":{\"@id\":\"https:\/\/qomunica.md\/portofoliu\/case-creare-site-fotocarte\/#primaryimage\"},\"image\":{\"@id\":\"https:\/\/qomunica.md\/portofoliu\/case-creare-site-fotocarte\/#primaryimage\"},\"thumbnailUrl\":\"https:\/\/qomunica.md\/wp-content\/uploads\/2025\/07\/5-4-1.webp\",\"datePublished\":\"2025-07-27T15:37:35+00:00\",\"dateModified\":\"2025-07-27T16:59:30+00:00\",\"breadcrumb\":{\"@id\":\"https:\/\/qomunica.md\/portofoliu\/case-creare-site-fotocarte\/#breadcrumb\"},\"inLanguage\":\"ro-RO\",\"potentialAction\":[{\"@type\":\"ReadAction\",\"target\":[\"https:\/\/qomunica.md\/portofoliu\/case-creare-site-fotocarte\/\"]}]},{\"@type\":\"ImageObject\",\"inLanguage\":\"ro-RO\",\"@id\":\"https:\/\/qomunica.md\/portofoliu\/case-creare-site-fotocarte\/#primaryimage\",\"url\":\"https:\/\/qomunica.md\/wp-content\/uploads\/2025\/07\/5-4-1.webp\",\"contentUrl\":\"https:\/\/qomunica.md\/wp-content\/uploads\/2025\/07\/5-4-1.webp\"},{\"@type\":\"BreadcrumbList\",\"@id\":\"https:\/\/qomunica.md\/portofoliu\/case-creare-site-fotocarte\/#breadcrumb\",\"itemListElement\":[{\"@type\":\"ListItem\",\"position\":1,\"name\":\"Home\",\"item\":\"https:\/\/qomunica.md\/\"},{\"@type\":\"ListItem\",\"position\":2,\"name\":\"Portofoliu\",\"item\":\"https:\/\/qomunica.md\/portofoliu\/\"},{\"@type\":\"ListItem\",\"position\":3,\"name\":\"Studiu de caz &#8211; Client: Fotocarte\"}]},{\"@type\":\"WebSite\",\"@id\":\"https:\/\/qomunica.md\/#website\",\"url\":\"https:\/\/qomunica.md\/\",\"name\":\"Qomunica Lab\",\"description\":\"SEO Agency\",\"potentialAction\":[{\"@type\":\"SearchAction\",\"target\":{\"@type\":\"EntryPoint\",\"urlTemplate\":\"https:\/\/qomunica.md\/?s={search_term_string}\"},\"query-input\":{\"@type\":\"PropertyValueSpecification\",\"valueRequired\":true,\"valueName\":\"search_term_string\"}}],\"inLanguage\":\"ro-RO\"}]}<\/script>\n<!-- \/ Yoast SEO plugin. -->","yoast_head_json":{"title":"Studiu de caz - Client: Fotocarte - Qomunica Lab","robots":{"index":"index","follow":"follow","max-snippet":"max-snippet:-1","max-image-preview":"max-image-preview:large","max-video-preview":"max-video-preview:-1"},"canonical":"https:\/\/qomunica.md\/ro\/portofoliu\/case-creare-site-fotocarte\/","og_locale":"ro_RO","og_type":"article","og_title":"Studiu de caz - Client: Fotocarte - Qomunica Lab","og_description":"fotocarte.md: Site e-commerce cu func\u021bionalitate de editor Client Fotocarte Link fotocarte.md AN 2024 Provocarea Clientul avea o idee clar\u0103: s\u0103 creeze o [&hellip;]","og_url":"https:\/\/qomunica.md\/ro\/portofoliu\/case-creare-site-fotocarte\/","og_site_name":"Qomunica Lab","article_modified_time":"2025-07-27T16:59:30+00:00","og_image":[{"width":1238,"height":844,"url":"https:\/\/qomunica.md\/wp-content\/uploads\/2025\/07\/5-4-1.webp","type":"image\/webp"}],"twitter_card":"summary_large_image","twitter_misc":{"Timp estimat pentru citire":"1 minut"},"schema":{"@context":"https:\/\/schema.org","@graph":[{"@type":"WebPage","@id":"https:\/\/qomunica.md\/portofoliu\/case-creare-site-fotocarte\/","url":"https:\/\/qomunica.md\/portofoliu\/case-creare-site-fotocarte\/","name":"Studiu de caz - Client: Fotocarte - Qomunica Lab","isPartOf":{"@id":"https:\/\/qomunica.md\/#website"},"primaryImageOfPage":{"@id":"https:\/\/qomunica.md\/portofoliu\/case-creare-site-fotocarte\/#primaryimage"},"image":{"@id":"https:\/\/qomunica.md\/portofoliu\/case-creare-site-fotocarte\/#primaryimage"},"thumbnailUrl":"https:\/\/qomunica.md\/wp-content\/uploads\/2025\/07\/5-4-1.webp","datePublished":"2025-07-27T15:37:35+00:00","dateModified":"2025-07-27T16:59:30+00:00","breadcrumb":{"@id":"https:\/\/qomunica.md\/portofoliu\/case-creare-site-fotocarte\/#breadcrumb"},"inLanguage":"ro-RO","potentialAction":[{"@type":"ReadAction","target":["https:\/\/qomunica.md\/portofoliu\/case-creare-site-fotocarte\/"]}]},{"@type":"ImageObject","inLanguage":"ro-RO","@id":"https:\/\/qomunica.md\/portofoliu\/case-creare-site-fotocarte\/#primaryimage","url":"https:\/\/qomunica.md\/wp-content\/uploads\/2025\/07\/5-4-1.webp","contentUrl":"https:\/\/qomunica.md\/wp-content\/uploads\/2025\/07\/5-4-1.webp"},{"@type":"BreadcrumbList","@id":"https:\/\/qomunica.md\/portofoliu\/case-creare-site-fotocarte\/#breadcrumb","itemListElement":[{"@type":"ListItem","position":1,"name":"Home","item":"https:\/\/qomunica.md\/"},{"@type":"ListItem","position":2,"name":"Portofoliu","item":"https:\/\/qomunica.md\/portofoliu\/"},{"@type":"ListItem","position":3,"name":"Studiu de caz &#8211; Client: Fotocarte"}]},{"@type":"WebSite","@id":"https:\/\/qomunica.md\/#website","url":"https:\/\/qomunica.md\/","name":"Qomunica Lab","description":"SEO Agency","potentialAction":[{"@type":"SearchAction","target":{"@type":"EntryPoint","urlTemplate":"https:\/\/qomunica.md\/?s={search_term_string}"},"query-input":{"@type":"PropertyValueSpecification","valueRequired":true,"valueName":"search_term_string"}}],"inLanguage":"ro-RO"}]}},"_links":{"self":[{"href":"https:\/\/qomunica.md\/ro\/wp-json\/wp\/v2\/pages\/4591","targetHints":{"allow":["GET"]}}],"collection":[{"href":"https:\/\/qomunica.md\/ro\/wp-json\/wp\/v2\/pages"}],"about":[{"href":"https:\/\/qomunica.md\/ro\/wp-json\/wp\/v2\/types\/page"}],"author":[{"embeddable":true,"href":"https:\/\/qomunica.md\/ro\/wp-json\/wp\/v2\/users\/1"}],"replies":[{"embeddable":true,"href":"https:\/\/qomunica.md\/ro\/wp-json\/wp\/v2\/comments?post=4591"}],"version-history":[{"count":5,"href":"https:\/\/qomunica.md\/ro\/wp-json\/wp\/v2\/pages\/4591\/revisions"}],"predecessor-version":[{"id":4720,"href":"https:\/\/qomunica.md\/ro\/wp-json\/wp\/v2\/pages\/4591\/revisions\/4720"}],"up":[{"embeddable":true,"href":"https:\/\/qomunica.md\/ro\/wp-json\/wp\/v2\/pages\/4559"}],"wp:attachment":[{"href":"https:\/\/qomunica.md\/ro\/wp-json\/wp\/v2\/media?parent=4591"}],"curies":[{"name":"wp","href":"https:\/\/api.w.org\/{rel}","templated":true}]}}