{"id":4601,"date":"2025-07-27T15:38:04","date_gmt":"2025-07-27T15:38:04","guid":{"rendered":"https:\/\/qomunica.md\/?page_id=4601"},"modified":"2025-07-27T16:59:15","modified_gmt":"2025-07-27T16:59:15","slug":"case-creare-site-imou","status":"publish","type":"page","link":"https:\/\/qomunica.md\/ro\/portofoliu\/case-creare-site-imou\/","title":{"rendered":"Studiu de caz &#8211; Client: Imou.md"},"content":{"rendered":"\t\t<div data-elementor-type=\"wp-page\" data-elementor-id=\"4601\" class=\"elementor elementor-4601\" data-elementor-settings=\"{&quot;element_pack_global_tooltip_width&quot;:{&quot;unit&quot;:&quot;px&quot;,&quot;size&quot;:&quot;&quot;,&quot;sizes&quot;:[]},&quot;element_pack_global_tooltip_width_tablet&quot;:{&quot;unit&quot;:&quot;px&quot;,&quot;size&quot;:&quot;&quot;,&quot;sizes&quot;:[]},&quot;element_pack_global_tooltip_width_mobile&quot;:{&quot;unit&quot;:&quot;px&quot;,&quot;size&quot;:&quot;&quot;,&quot;sizes&quot;:[]},&quot;element_pack_global_tooltip_padding&quot;:{&quot;unit&quot;:&quot;px&quot;,&quot;top&quot;:&quot;&quot;,&quot;right&quot;:&quot;&quot;,&quot;bottom&quot;:&quot;&quot;,&quot;left&quot;:&quot;&quot;,&quot;isLinked&quot;:true},&quot;element_pack_global_tooltip_padding_tablet&quot;:{&quot;unit&quot;:&quot;px&quot;,&quot;top&quot;:&quot;&quot;,&quot;right&quot;:&quot;&quot;,&quot;bottom&quot;:&quot;&quot;,&quot;left&quot;:&quot;&quot;,&quot;isLinked&quot;:true},&quot;element_pack_global_tooltip_padding_mobile&quot;:{&quot;unit&quot;:&quot;px&quot;,&quot;top&quot;:&quot;&quot;,&quot;right&quot;:&quot;&quot;,&quot;bottom&quot;:&quot;&quot;,&quot;left&quot;:&quot;&quot;,&quot;isLinked&quot;:true},&quot;element_pack_global_tooltip_border_radius&quot;:{&quot;unit&quot;:&quot;px&quot;,&quot;top&quot;:&quot;&quot;,&quot;right&quot;:&quot;&quot;,&quot;bottom&quot;:&quot;&quot;,&quot;left&quot;:&quot;&quot;,&quot;isLinked&quot;:true},&quot;element_pack_global_tooltip_border_radius_tablet&quot;:{&quot;unit&quot;:&quot;px&quot;,&quot;top&quot;:&quot;&quot;,&quot;right&quot;:&quot;&quot;,&quot;bottom&quot;:&quot;&quot;,&quot;left&quot;:&quot;&quot;,&quot;isLinked&quot;:true},&quot;element_pack_global_tooltip_border_radius_mobile&quot;:{&quot;unit&quot;:&quot;px&quot;,&quot;top&quot;:&quot;&quot;,&quot;right&quot;:&quot;&quot;,&quot;bottom&quot;:&quot;&quot;,&quot;left&quot;:&quot;&quot;,&quot;isLinked&quot;:true}}\" data-elementor-post-type=\"page\">\n\t\t\t\t<div class=\"elementor-element elementor-element-e3dc6b0 e-flex e-con-boxed e-con e-parent\" data-id=\"e3dc6b0\" data-element_type=\"container\">\n\t\t\t\t\t<div class=\"e-con-inner\">\n\t\t\t\t<div class=\"elementor-element elementor-element-15ed68b elementor-widget-mobile__width-inherit ui-e-a-animate elementor-invisible elementor-widget elementor-widget-highlighted-text\" data-id=\"15ed68b\" data-element_type=\"widget\" data-settings=\"{&quot;_animation&quot;:&quot;fadeInUp&quot;,&quot;_animation_delay&quot;:500}\" data-widget_type=\"highlighted-text.default\">\n\t\t\t\t\t\t\t<h1 class=\"ui-e--highlighted-text\">\n\t\t\t<span class=\"ui-e-headline-text elementor-repeater-item-114b631\">imou.md:<\/span><span class=\"ui-e-headline-text elementor-repeater-item-c439197 ui-e-headline-color\">\n\t\t\t\t\t\t\t\t\t<span class=\"whitespace\"><\/span>\n                                    <span>\n                                        <span class=\"ui-e-headline-text ui-e-headline-highlighted\">Magazin online, cu arhitectur\u0103 clar\u0103<\/span><span class=\"uicore-svg-wrapper\"><svg xmlns=\"http:\/\/www.w3.org\/2000\/svg\" viewBox=\"0 0 500 150\" preserveAspectRatio=\"none\"><\/svg><\/span><\/span> <span class=\"whitespace\"> <\/span><\/span>\t\t<\/h1>\n\t\t\t\t\t<\/div>\n\t\t<div class=\"elementor-element elementor-element-85dfe6e e-con-full e-flex e-con e-child\" data-id=\"85dfe6e\" data-element_type=\"container\" data-settings=\"{&quot;background_background&quot;:&quot;classic&quot;}\">\n\t\t\t\t<div class=\"elementor-element elementor-element-3fc0ab5 elementor-invisible elementor-widget elementor-widget-image\" data-id=\"3fc0ab5\" data-element_type=\"widget\" data-settings=\"{&quot;_animation&quot;:&quot;fadeInUp&quot;,&quot;_animation_delay&quot;:&quot;1000&quot;}\" data-widget_type=\"image.default\">\n\t\t\t\t\t\t\t\t\t\t\t\t\t\t\t<img fetchpriority=\"high\" decoding=\"async\" width=\"1238\" height=\"844\" src=\"https:\/\/qomunica.md\/wp-content\/uploads\/2025\/07\/8-4-1.webp\" class=\"attachment-full size-full wp-image-4523\" alt=\"\" srcset=\"https:\/\/qomunica.md\/wp-content\/uploads\/2025\/07\/8-4-1.webp 1238w, https:\/\/qomunica.md\/wp-content\/uploads\/2025\/07\/8-4-1-300x205.webp 300w, https:\/\/qomunica.md\/wp-content\/uploads\/2025\/07\/8-4-1-1024x698.webp 1024w, https:\/\/qomunica.md\/wp-content\/uploads\/2025\/07\/8-4-1-768x524.webp 768w, https:\/\/qomunica.md\/wp-content\/uploads\/2025\/07\/8-4-1-18x12.webp 18w, https:\/\/qomunica.md\/wp-content\/uploads\/2025\/07\/8-4-1-650x443.webp 650w\" sizes=\"(max-width: 1238px) 100vw, 1238px\" \/>\t\t\t\t\t\t\t\t\t\t\t\t\t\t\t<\/div>\n\t\t\t\t<\/div>\n\t\t\t\t\t<\/div>\n\t\t\t\t<\/div>\n\t\t<div class=\"elementor-element elementor-element-0efacaa e-flex e-con-boxed e-con e-parent\" data-id=\"0efacaa\" data-element_type=\"container\">\n\t\t\t\t\t<div class=\"e-con-inner\">\n\t\t<div class=\"elementor-element elementor-element-fb11bea e-con-full e-flex e-con e-child\" data-id=\"fb11bea\" data-element_type=\"container\">\n\t\t<div class=\"elementor-element elementor-element-3020318 e-con-full e-flex elementor-invisible e-con e-child\" data-id=\"3020318\" data-element_type=\"container\" data-settings=\"{&quot;animation&quot;:&quot;fadeInUp&quot;,&quot;animation_delay&quot;:&quot;900&quot;}\">\n\t\t<div class=\"elementor-element elementor-element-f6d4e67 e-con-full e-flex e-con e-child\" data-id=\"f6d4e67\" data-element_type=\"container\">\n\t\t\t\t<div class=\"elementor-element elementor-element-cde1f61 elementor-widget elementor-widget-heading\" data-id=\"cde1f61\" data-element_type=\"widget\" data-widget_type=\"heading.default\">\n\t\t\t\t\t<h6 class=\"elementor-heading-title elementor-size-default\">Client<\/h6>\t\t\t\t<\/div>\n\t\t\t\t<div class=\"elementor-element elementor-element-0df58c6 elementor-widget elementor-widget-heading\" data-id=\"0df58c6\" data-element_type=\"widget\" data-widget_type=\"heading.default\">\n\t\t\t\t\t<h5 class=\"elementor-heading-title elementor-size-default\">Imou<\/h5>\t\t\t\t<\/div>\n\t\t\t\t<\/div>\n\t\t<div class=\"elementor-element elementor-element-e0d9344 e-con-full e-flex e-con e-child\" data-id=\"e0d9344\" data-element_type=\"container\">\n\t\t\t\t<div class=\"elementor-element elementor-element-6c35670 elementor-widget elementor-widget-heading\" data-id=\"6c35670\" data-element_type=\"widget\" data-widget_type=\"heading.default\">\n\t\t\t\t\t<h6 class=\"elementor-heading-title elementor-size-default\">Link<\/h6>\t\t\t\t<\/div>\n\t\t\t\t<div class=\"elementor-element elementor-element-67dc35d elementor-widget elementor-widget-heading\" data-id=\"67dc35d\" data-element_type=\"widget\" data-widget_type=\"heading.default\">\n\t\t\t\t\t<h5 class=\"elementor-heading-title elementor-size-default\"><a href=\"https:\/\/imou.md\/\" target=\"_blank\" rel=\"nofollow\">imou.md<\/a><\/h5>\t\t\t\t<\/div>\n\t\t\t\t<\/div>\n\t\t<div class=\"elementor-element elementor-element-57a316b e-con-full e-flex e-con e-child\" data-id=\"57a316b\" data-element_type=\"container\">\n\t\t\t\t<div class=\"elementor-element elementor-element-d528e9c elementor-widget elementor-widget-heading\" data-id=\"d528e9c\" data-element_type=\"widget\" data-widget_type=\"heading.default\">\n\t\t\t\t\t<h6 class=\"elementor-heading-title elementor-size-default\">AN<\/h6>\t\t\t\t<\/div>\n\t\t\t\t<div class=\"elementor-element elementor-element-cd6f709 elementor-widget elementor-widget-heading\" data-id=\"cd6f709\" data-element_type=\"widget\" data-widget_type=\"heading.default\">\n\t\t\t\t\t<h5 class=\"elementor-heading-title elementor-size-default\">2024<\/h5>\t\t\t\t<\/div>\n\t\t\t\t<\/div>\n\t\t\t\t<\/div>\n\t\t\t\t<\/div>\n\t\t\t\t\t<\/div>\n\t\t\t\t<\/div>\n\t\t<div class=\"elementor-element elementor-element-730be51 e-con-full e-flex e-con e-parent\" data-id=\"730be51\" data-element_type=\"container\" data-settings=\"{&quot;uicore_onscroll_effect&quot;:&quot;sticky-scale-small&quot;}\">\n\t\t<div class=\"elementor-element elementor-element-002437c e-flex e-con-boxed elementor-invisible e-con e-child\" data-id=\"002437c\" data-element_type=\"container\" data-settings=\"{&quot;background_background&quot;:&quot;gradient&quot;,&quot;animation&quot;:&quot;fadeInUp&quot;,&quot;animation_delay&quot;:&quot;160&quot;}\">\n\t\t\t\t\t<div class=\"e-con-inner\">\n\t\t<div class=\"elementor-element elementor-element-2bad68b e-con-full e-flex e-con e-child\" data-id=\"2bad68b\" data-element_type=\"container\" data-settings=\"{&quot;background_background&quot;:&quot;classic&quot;}\">\n\t\t\t\t<div class=\"elementor-element elementor-element-050e945 elementor-widget elementor-widget-heading\" data-id=\"050e945\" data-element_type=\"widget\" data-widget_type=\"heading.default\">\n\t\t\t\t\t<h2 class=\"elementor-heading-title elementor-size-default\">Provocarea<\/h2>\t\t\t\t<\/div>\n\t\t\t\t<div class=\"elementor-element elementor-element-a8240b0 elementor-widget elementor-widget-text-editor\" data-id=\"a8240b0\" data-element_type=\"widget\" data-widget_type=\"text-editor.default\">\n\t\t\t\t\t\t\t\t\t<p>Clientul avea nevoie de o platform\u0103 stabil\u0103, care s\u0103 reflecte \u00eencrederea brandului Imou \u0219i s\u0103 permit\u0103 extinderea pe vertical\u0103 (accesorii, suport, integr\u0103ri ulterioare). Cerin\u021bele includeau: filtre avansate, integrare cu sisteme de plat\u0103 locale, structur\u0103 SEO-ready \u0219i experien\u021b\u0103 mobil\u0103 impecabil\u0103.<\/p>\t\t\t\t\t\t\t\t<\/div>\n\t\t\t\t<\/div>\n\t\t\t\t\t<\/div>\n\t\t\t\t<\/div>\n\t\t<div class=\"elementor-element elementor-element-29a44d0 e-flex e-con-boxed elementor-invisible e-con e-child\" data-id=\"29a44d0\" data-element_type=\"container\" data-settings=\"{&quot;background_background&quot;:&quot;gradient&quot;,&quot;animation&quot;:&quot;fadeInUp&quot;,&quot;animation_delay&quot;:&quot;160&quot;}\">\n\t\t\t\t\t<div class=\"e-con-inner\">\n\t\t<div class=\"elementor-element elementor-element-d2dbd8a e-con-full e-flex e-con e-child\" data-id=\"d2dbd8a\" data-element_type=\"container\">\n\t\t\t\t<div class=\"elementor-element elementor-element-b935408 elementor-widget elementor-widget-heading\" data-id=\"b935408\" data-element_type=\"widget\" data-widget_type=\"heading.default\">\n\t\t\t\t\t<h2 class=\"elementor-heading-title elementor-size-default\">Ce am f\u0103cut?<\/h2>\t\t\t\t<\/div>\n\t\t\t\t<div class=\"elementor-element elementor-element-9d4a4de elementor-widget elementor-widget-text-editor\" data-id=\"9d4a4de\" data-element_type=\"widget\" data-widget_type=\"text-editor.default\">\n\t\t\t\t\t\t\t\t\t<ul><li data-start=\"139\" data-end=\"184\"><p>Audit UX pe platforme Imou interna\u021bionale<\/p><\/li><li data-start=\"139\" data-end=\"184\"><p>Arhitectur\u0103 clar\u0103: categorii, suport, ghiduri<\/p><\/li><li data-start=\"139\" data-end=\"184\"><p>Design UI adaptat pie\u021bei din Moldova<\/p><\/li><li data-start=\"139\" data-end=\"184\"><p>WooCommerce cu pl\u0103\u021bi locale &amp; ramburs<\/p><\/li><li data-start=\"139\" data-end=\"184\"><p>Filtrare avansat\u0103 + atribute dinamice<\/p><\/li><li data-start=\"139\" data-end=\"184\"><p>SEO on-page complet: URL-uri, meta, schema.\u00a0<\/p><\/li><\/ul>\t\t\t\t\t\t\t\t<\/div>\n\t\t\t\t<\/div>\n\t\t\t\t\t<\/div>\n\t\t\t\t<\/div>\n\t\t<div class=\"elementor-element elementor-element-391ac23 e-flex e-con-boxed elementor-invisible e-con e-child\" data-id=\"391ac23\" data-element_type=\"container\" data-settings=\"{&quot;background_background&quot;:&quot;gradient&quot;,&quot;animation&quot;:&quot;fadeInUp&quot;,&quot;animation_delay&quot;:&quot;160&quot;}\">\n\t\t\t\t\t<div class=\"e-con-inner\">\n\t\t<div class=\"elementor-element elementor-element-e4b2448 e-con-full e-flex e-con e-child\" data-id=\"e4b2448\" data-element_type=\"container\">\n\t\t\t\t<div class=\"elementor-element elementor-element-06e8f24 elementor-widget elementor-widget-heading\" data-id=\"06e8f24\" data-element_type=\"widget\" data-widget_type=\"heading.default\">\n\t\t\t\t\t<h2 class=\"elementor-heading-title elementor-size-default\">Rezultat<\/h2>\t\t\t\t<\/div>\n\t\t\t\t<div class=\"elementor-element elementor-element-744d00a elementor-widget elementor-widget-text-editor\" data-id=\"744d00a\" data-element_type=\"widget\" data-widget_type=\"text-editor.default\">\n\t\t\t\t\t\t\t\t\t<ul><li><p>Site-ul a fost lansat f\u0103r\u0103 erori, 100% func\u021bional pe toate browserele majore<\/p><\/li><li><p>Timp mediu de navigare per sesiune: 3 minute+<\/p><\/li><li><p>Bounce rate redus drastic dup\u0103 lansare (sub 35%)<\/p><\/li><li><p>Clientul a putut ad\u0103uga produse \u0219i atribute f\u0103r\u0103 asisten\u021b\u0103 tehnic\u0103 extern\u0103<\/p><\/li><li><p>imou.md a devenit rapid unul dintre cele mai bine structurate magazine online tech din Moldova, cu fundamente solide pentru scalare viitoare.<\/p><\/li><\/ul>\t\t\t\t\t\t\t\t<\/div>\n\t\t\t\t<\/div>\n\t\t\t\t\t<\/div>\n\t\t\t\t<\/div>\n\t\t\t\t<\/div>\n\t\t\t\t<\/div>\n\t\t","protected":false},"excerpt":{"rendered":"<p>imou.md: Magazin online, cu arhitectur\u0103 clar\u0103 Client Imou Link imou.md AN 2024 Provocarea Clientul avea nevoie de o platform\u0103 stabil\u0103, care s\u0103 [&hellip;]<\/p>\n","protected":false},"author":1,"featured_media":0,"parent":4559,"menu_order":0,"comment_status":"closed","ping_status":"closed","template":"","meta":{"footnotes":""},"class_list":["post-4601","page","type-page","status-publish","hentry"],"yoast_head":"<!-- This site is optimized with the Yoast SEO plugin v25.4 - https:\/\/yoast.com\/wordpress\/plugins\/seo\/ -->\n<title>Studiu de caz - Client: Imou.md - Qomunica Lab<\/title>\n<meta name=\"robots\" content=\"index, follow, max-snippet:-1, max-image-preview:large, max-video-preview:-1\" \/>\n<link rel=\"canonical\" href=\"https:\/\/qomunica.md\/ro\/portofoliu\/case-creare-site-imou\/\" \/>\n<meta property=\"og:locale\" content=\"ro_RO\" \/>\n<meta property=\"og:type\" content=\"article\" \/>\n<meta property=\"og:title\" content=\"Studiu de caz - Client: Imou.md - Qomunica Lab\" \/>\n<meta property=\"og:description\" content=\"imou.md: Magazin online, cu arhitectur\u0103 clar\u0103 Client Imou Link imou.md AN 2024 Provocarea Clientul avea nevoie de o platform\u0103 stabil\u0103, care s\u0103 [&hellip;]\" \/>\n<meta property=\"og:url\" content=\"https:\/\/qomunica.md\/ro\/portofoliu\/case-creare-site-imou\/\" \/>\n<meta property=\"og:site_name\" content=\"Qomunica Lab\" \/>\n<meta property=\"article:modified_time\" content=\"2025-07-27T16:59:15+00:00\" \/>\n<meta property=\"og:image\" content=\"https:\/\/qomunica.md\/wp-content\/uploads\/2025\/07\/8-4-1.webp\" \/>\n\t<meta property=\"og:image:width\" content=\"1238\" \/>\n\t<meta property=\"og:image:height\" content=\"844\" \/>\n\t<meta property=\"og:image:type\" content=\"image\/webp\" \/>\n<meta name=\"twitter:card\" content=\"summary_large_image\" \/>\n<meta name=\"twitter:label1\" content=\"Timp estimat pentru citire\" \/>\n\t<meta name=\"twitter:data1\" content=\"1 minut\" \/>\n<script type=\"application\/ld+json\" class=\"yoast-schema-graph\">{\"@context\":\"https:\/\/schema.org\",\"@graph\":[{\"@type\":\"WebPage\",\"@id\":\"https:\/\/qomunica.md\/portofoliu\/case-creare-site-imou\/\",\"url\":\"https:\/\/qomunica.md\/portofoliu\/case-creare-site-imou\/\",\"name\":\"Studiu de caz - Client: Imou.md - Qomunica Lab\",\"isPartOf\":{\"@id\":\"https:\/\/qomunica.md\/#website\"},\"primaryImageOfPage\":{\"@id\":\"https:\/\/qomunica.md\/portofoliu\/case-creare-site-imou\/#primaryimage\"},\"image\":{\"@id\":\"https:\/\/qomunica.md\/portofoliu\/case-creare-site-imou\/#primaryimage\"},\"thumbnailUrl\":\"https:\/\/qomunica.md\/wp-content\/uploads\/2025\/07\/8-4-1.webp\",\"datePublished\":\"2025-07-27T15:38:04+00:00\",\"dateModified\":\"2025-07-27T16:59:15+00:00\",\"breadcrumb\":{\"@id\":\"https:\/\/qomunica.md\/portofoliu\/case-creare-site-imou\/#breadcrumb\"},\"inLanguage\":\"ro-RO\",\"potentialAction\":[{\"@type\":\"ReadAction\",\"target\":[\"https:\/\/qomunica.md\/portofoliu\/case-creare-site-imou\/\"]}]},{\"@type\":\"ImageObject\",\"inLanguage\":\"ro-RO\",\"@id\":\"https:\/\/qomunica.md\/portofoliu\/case-creare-site-imou\/#primaryimage\",\"url\":\"https:\/\/qomunica.md\/wp-content\/uploads\/2025\/07\/8-4-1.webp\",\"contentUrl\":\"https:\/\/qomunica.md\/wp-content\/uploads\/2025\/07\/8-4-1.webp\"},{\"@type\":\"BreadcrumbList\",\"@id\":\"https:\/\/qomunica.md\/portofoliu\/case-creare-site-imou\/#breadcrumb\",\"itemListElement\":[{\"@type\":\"ListItem\",\"position\":1,\"name\":\"Home\",\"item\":\"https:\/\/qomunica.md\/\"},{\"@type\":\"ListItem\",\"position\":2,\"name\":\"Portofoliu\",\"item\":\"https:\/\/qomunica.md\/portofoliu\/\"},{\"@type\":\"ListItem\",\"position\":3,\"name\":\"Studiu de caz &#8211; Client: Imou.md\"}]},{\"@type\":\"WebSite\",\"@id\":\"https:\/\/qomunica.md\/#website\",\"url\":\"https:\/\/qomunica.md\/\",\"name\":\"Qomunica Lab\",\"description\":\"SEO Agency\",\"potentialAction\":[{\"@type\":\"SearchAction\",\"target\":{\"@type\":\"EntryPoint\",\"urlTemplate\":\"https:\/\/qomunica.md\/?s={search_term_string}\"},\"query-input\":{\"@type\":\"PropertyValueSpecification\",\"valueRequired\":true,\"valueName\":\"search_term_string\"}}],\"inLanguage\":\"ro-RO\"}]}<\/script>\n<!-- \/ Yoast SEO plugin. -->","yoast_head_json":{"title":"Studiu de caz - Client: Imou.md - Qomunica Lab","robots":{"index":"index","follow":"follow","max-snippet":"max-snippet:-1","max-image-preview":"max-image-preview:large","max-video-preview":"max-video-preview:-1"},"canonical":"https:\/\/qomunica.md\/ro\/portofoliu\/case-creare-site-imou\/","og_locale":"ro_RO","og_type":"article","og_title":"Studiu de caz - Client: Imou.md - Qomunica Lab","og_description":"imou.md: Magazin online, cu arhitectur\u0103 clar\u0103 Client Imou Link imou.md AN 2024 Provocarea Clientul avea nevoie de o platform\u0103 stabil\u0103, care s\u0103 [&hellip;]","og_url":"https:\/\/qomunica.md\/ro\/portofoliu\/case-creare-site-imou\/","og_site_name":"Qomunica Lab","article_modified_time":"2025-07-27T16:59:15+00:00","og_image":[{"width":1238,"height":844,"url":"https:\/\/qomunica.md\/wp-content\/uploads\/2025\/07\/8-4-1.webp","type":"image\/webp"}],"twitter_card":"summary_large_image","twitter_misc":{"Timp estimat pentru citire":"1 minut"},"schema":{"@context":"https:\/\/schema.org","@graph":[{"@type":"WebPage","@id":"https:\/\/qomunica.md\/portofoliu\/case-creare-site-imou\/","url":"https:\/\/qomunica.md\/portofoliu\/case-creare-site-imou\/","name":"Studiu de caz - Client: Imou.md - Qomunica Lab","isPartOf":{"@id":"https:\/\/qomunica.md\/#website"},"primaryImageOfPage":{"@id":"https:\/\/qomunica.md\/portofoliu\/case-creare-site-imou\/#primaryimage"},"image":{"@id":"https:\/\/qomunica.md\/portofoliu\/case-creare-site-imou\/#primaryimage"},"thumbnailUrl":"https:\/\/qomunica.md\/wp-content\/uploads\/2025\/07\/8-4-1.webp","datePublished":"2025-07-27T15:38:04+00:00","dateModified":"2025-07-27T16:59:15+00:00","breadcrumb":{"@id":"https:\/\/qomunica.md\/portofoliu\/case-creare-site-imou\/#breadcrumb"},"inLanguage":"ro-RO","potentialAction":[{"@type":"ReadAction","target":["https:\/\/qomunica.md\/portofoliu\/case-creare-site-imou\/"]}]},{"@type":"ImageObject","inLanguage":"ro-RO","@id":"https:\/\/qomunica.md\/portofoliu\/case-creare-site-imou\/#primaryimage","url":"https:\/\/qomunica.md\/wp-content\/uploads\/2025\/07\/8-4-1.webp","contentUrl":"https:\/\/qomunica.md\/wp-content\/uploads\/2025\/07\/8-4-1.webp"},{"@type":"BreadcrumbList","@id":"https:\/\/qomunica.md\/portofoliu\/case-creare-site-imou\/#breadcrumb","itemListElement":[{"@type":"ListItem","position":1,"name":"Home","item":"https:\/\/qomunica.md\/"},{"@type":"ListItem","position":2,"name":"Portofoliu","item":"https:\/\/qomunica.md\/portofoliu\/"},{"@type":"ListItem","position":3,"name":"Studiu de caz &#8211; Client: Imou.md"}]},{"@type":"WebSite","@id":"https:\/\/qomunica.md\/#website","url":"https:\/\/qomunica.md\/","name":"Qomunica Lab","description":"SEO Agency","potentialAction":[{"@type":"SearchAction","target":{"@type":"EntryPoint","urlTemplate":"https:\/\/qomunica.md\/?s={search_term_string}"},"query-input":{"@type":"PropertyValueSpecification","valueRequired":true,"valueName":"search_term_string"}}],"inLanguage":"ro-RO"}]}},"_links":{"self":[{"href":"https:\/\/qomunica.md\/ro\/wp-json\/wp\/v2\/pages\/4601","targetHints":{"allow":["GET"]}}],"collection":[{"href":"https:\/\/qomunica.md\/ro\/wp-json\/wp\/v2\/pages"}],"about":[{"href":"https:\/\/qomunica.md\/ro\/wp-json\/wp\/v2\/types\/page"}],"author":[{"embeddable":true,"href":"https:\/\/qomunica.md\/ro\/wp-json\/wp\/v2\/users\/1"}],"replies":[{"embeddable":true,"href":"https:\/\/qomunica.md\/ro\/wp-json\/wp\/v2\/comments?post=4601"}],"version-history":[{"count":8,"href":"https:\/\/qomunica.md\/ro\/wp-json\/wp\/v2\/pages\/4601\/revisions"}],"predecessor-version":[{"id":4718,"href":"https:\/\/qomunica.md\/ro\/wp-json\/wp\/v2\/pages\/4601\/revisions\/4718"}],"up":[{"embeddable":true,"href":"https:\/\/qomunica.md\/ro\/wp-json\/wp\/v2\/pages\/4559"}],"wp:attachment":[{"href":"https:\/\/qomunica.md\/ro\/wp-json\/wp\/v2\/media?parent=4601"}],"curies":[{"name":"wp","href":"https:\/\/api.w.org\/{rel}","templated":true}]}}