{"id":4602,"date":"2025-07-27T15:38:11","date_gmt":"2025-07-27T15:38:11","guid":{"rendered":"https:\/\/qomunica.md\/?page_id=4602"},"modified":"2026-02-24T13:12:56","modified_gmt":"2026-02-24T13:12:56","slug":"case-creare-site-estudent","status":"publish","type":"page","link":"https:\/\/qomunica.md\/ro\/portofoliu\/case-creare-site-estudent\/","title":{"rendered":"Studiu de caz &#8211; Client: Estudent.md"},"content":{"rendered":"\t\t<div data-elementor-type=\"wp-page\" data-elementor-id=\"4602\" class=\"elementor elementor-4602\" data-elementor-settings=\"{&quot;element_pack_global_tooltip_width&quot;:{&quot;unit&quot;:&quot;px&quot;,&quot;size&quot;:&quot;&quot;,&quot;sizes&quot;:[]},&quot;element_pack_global_tooltip_width_tablet&quot;:{&quot;unit&quot;:&quot;px&quot;,&quot;size&quot;:&quot;&quot;,&quot;sizes&quot;:[]},&quot;element_pack_global_tooltip_width_mobile&quot;:{&quot;unit&quot;:&quot;px&quot;,&quot;size&quot;:&quot;&quot;,&quot;sizes&quot;:[]},&quot;element_pack_global_tooltip_padding&quot;:{&quot;unit&quot;:&quot;px&quot;,&quot;top&quot;:&quot;&quot;,&quot;right&quot;:&quot;&quot;,&quot;bottom&quot;:&quot;&quot;,&quot;left&quot;:&quot;&quot;,&quot;isLinked&quot;:true},&quot;element_pack_global_tooltip_padding_tablet&quot;:{&quot;unit&quot;:&quot;px&quot;,&quot;top&quot;:&quot;&quot;,&quot;right&quot;:&quot;&quot;,&quot;bottom&quot;:&quot;&quot;,&quot;left&quot;:&quot;&quot;,&quot;isLinked&quot;:true},&quot;element_pack_global_tooltip_padding_mobile&quot;:{&quot;unit&quot;:&quot;px&quot;,&quot;top&quot;:&quot;&quot;,&quot;right&quot;:&quot;&quot;,&quot;bottom&quot;:&quot;&quot;,&quot;left&quot;:&quot;&quot;,&quot;isLinked&quot;:true},&quot;element_pack_global_tooltip_border_radius&quot;:{&quot;unit&quot;:&quot;px&quot;,&quot;top&quot;:&quot;&quot;,&quot;right&quot;:&quot;&quot;,&quot;bottom&quot;:&quot;&quot;,&quot;left&quot;:&quot;&quot;,&quot;isLinked&quot;:true},&quot;element_pack_global_tooltip_border_radius_tablet&quot;:{&quot;unit&quot;:&quot;px&quot;,&quot;top&quot;:&quot;&quot;,&quot;right&quot;:&quot;&quot;,&quot;bottom&quot;:&quot;&quot;,&quot;left&quot;:&quot;&quot;,&quot;isLinked&quot;:true},&quot;element_pack_global_tooltip_border_radius_mobile&quot;:{&quot;unit&quot;:&quot;px&quot;,&quot;top&quot;:&quot;&quot;,&quot;right&quot;:&quot;&quot;,&quot;bottom&quot;:&quot;&quot;,&quot;left&quot;:&quot;&quot;,&quot;isLinked&quot;:true}}\" data-elementor-post-type=\"page\">\n\t\t\t\t<div class=\"elementor-element elementor-element-804253d e-flex e-con-boxed e-con e-parent\" data-id=\"804253d\" data-element_type=\"container\">\n\t\t\t\t\t<div class=\"e-con-inner\">\n\t\t\t\t<div class=\"elementor-element elementor-element-97aa1aa elementor-widget-mobile__width-inherit ui-e-a-animate elementor-invisible elementor-widget elementor-widget-highlighted-text\" data-id=\"97aa1aa\" data-element_type=\"widget\" data-settings=\"{&quot;_animation&quot;:&quot;fadeInUp&quot;,&quot;_animation_delay&quot;:500}\" data-widget_type=\"highlighted-text.default\">\n\t\t\t\t\t\t\t<h1 class=\"ui-e--highlighted-text\">\n\t\t\t<span class=\"ui-e-headline-text elementor-repeater-item-114b631\">estudent.md:<\/span><span class=\"ui-e-headline-text elementor-repeater-item-c439197 ui-e-headline-color\">\n\t\t\t\t\t\t\t\t\t<span class=\"whitespace\"><\/span>\n                                    <span>\n                                        <span class=\"ui-e-headline-text ui-e-headline-highlighted\">Site cu Experien\u021b\u0103 Vizual\u0103 modern\u0103 <\/span><span class=\"uicore-svg-wrapper\"><svg xmlns=\"http:\/\/www.w3.org\/2000\/svg\" viewBox=\"0 0 500 150\" preserveAspectRatio=\"none\"><\/svg><\/span><\/span> <span class=\"whitespace\"> <\/span><\/span>\t\t<\/h1>\n\t\t\t\t\t<\/div>\n\t\t<div class=\"elementor-element elementor-element-112a3e0 e-con-full e-flex e-con e-child\" data-id=\"112a3e0\" data-element_type=\"container\" data-settings=\"{&quot;background_background&quot;:&quot;classic&quot;}\">\n\t\t\t\t<div class=\"elementor-element elementor-element-7d546df elementor-invisible elementor-widget elementor-widget-image\" data-id=\"7d546df\" data-element_type=\"widget\" data-settings=\"{&quot;_animation&quot;:&quot;fadeInUp&quot;,&quot;_animation_delay&quot;:&quot;1000&quot;}\" data-widget_type=\"image.default\">\n\t\t\t\t\t\t\t\t\t\t\t\t\t\t\t<img fetchpriority=\"high\" decoding=\"async\" width=\"990\" height=\"675\" src=\"https:\/\/qomunica.md\/wp-content\/uploads\/2025\/07\/mockupuri-2-1.png\" class=\"attachment-full size-full wp-image-4542\" alt=\"\" srcset=\"https:\/\/qomunica.md\/wp-content\/uploads\/2025\/07\/mockupuri-2-1.png 990w, https:\/\/qomunica.md\/wp-content\/uploads\/2025\/07\/mockupuri-2-1-300x205.png 300w, https:\/\/qomunica.md\/wp-content\/uploads\/2025\/07\/mockupuri-2-1-768x524.png 768w, https:\/\/qomunica.md\/wp-content\/uploads\/2025\/07\/mockupuri-2-1-18x12.png 18w, https:\/\/qomunica.md\/wp-content\/uploads\/2025\/07\/mockupuri-2-1-650x443.png 650w\" sizes=\"(max-width: 990px) 100vw, 990px\" \/>\t\t\t\t\t\t\t\t\t\t\t\t\t\t\t<\/div>\n\t\t\t\t<\/div>\n\t\t\t\t\t<\/div>\n\t\t\t\t<\/div>\n\t\t<div class=\"elementor-element elementor-element-bce324c e-flex e-con-boxed e-con e-parent\" data-id=\"bce324c\" data-element_type=\"container\">\n\t\t\t\t\t<div class=\"e-con-inner\">\n\t\t<div class=\"elementor-element elementor-element-7308acb e-con-full e-flex e-con e-child\" data-id=\"7308acb\" data-element_type=\"container\">\n\t\t<div class=\"elementor-element elementor-element-d7d9be3 e-con-full e-flex elementor-invisible e-con e-child\" data-id=\"d7d9be3\" data-element_type=\"container\" data-settings=\"{&quot;animation&quot;:&quot;fadeInUp&quot;,&quot;animation_delay&quot;:&quot;900&quot;}\">\n\t\t<div class=\"elementor-element elementor-element-1bfa357 e-con-full e-flex e-con e-child\" data-id=\"1bfa357\" data-element_type=\"container\">\n\t\t\t\t<div class=\"elementor-element elementor-element-127dd9b elementor-widget elementor-widget-heading\" data-id=\"127dd9b\" data-element_type=\"widget\" data-widget_type=\"heading.default\">\n\t\t\t\t\t<h6 class=\"elementor-heading-title elementor-size-default\">Client<\/h6>\t\t\t\t<\/div>\n\t\t\t\t<div class=\"elementor-element elementor-element-8354531 elementor-widget elementor-widget-heading\" data-id=\"8354531\" data-element_type=\"widget\" data-widget_type=\"heading.default\">\n\t\t\t\t\t<h5 class=\"elementor-heading-title elementor-size-default\">Estudent<\/h5>\t\t\t\t<\/div>\n\t\t\t\t<\/div>\n\t\t<div class=\"elementor-element elementor-element-f1d4c0c e-con-full e-flex e-con e-child\" data-id=\"f1d4c0c\" data-element_type=\"container\">\n\t\t\t\t<div class=\"elementor-element elementor-element-c37aa16 elementor-widget elementor-widget-heading\" data-id=\"c37aa16\" data-element_type=\"widget\" data-widget_type=\"heading.default\">\n\t\t\t\t\t<h6 class=\"elementor-heading-title elementor-size-default\">Link<\/h6>\t\t\t\t<\/div>\n\t\t\t\t<div class=\"elementor-element elementor-element-7052548 elementor-widget elementor-widget-heading\" data-id=\"7052548\" data-element_type=\"widget\" data-widget_type=\"heading.default\">\n\t\t\t\t\t<h5 class=\"elementor-heading-title elementor-size-default\"><a href=\"https:\/\/estudentcloud.md\/\" target=\"_blank\" rel=\"nofollow\">estudent.md<\/a><\/h5>\t\t\t\t<\/div>\n\t\t\t\t<\/div>\n\t\t<div class=\"elementor-element elementor-element-c0431ae e-con-full e-flex e-con e-child\" data-id=\"c0431ae\" data-element_type=\"container\">\n\t\t\t\t<div class=\"elementor-element elementor-element-217b792 elementor-widget elementor-widget-heading\" data-id=\"217b792\" data-element_type=\"widget\" data-widget_type=\"heading.default\">\n\t\t\t\t\t<h6 class=\"elementor-heading-title elementor-size-default\">AN<\/h6>\t\t\t\t<\/div>\n\t\t\t\t<div class=\"elementor-element elementor-element-295b719 elementor-widget elementor-widget-heading\" data-id=\"295b719\" data-element_type=\"widget\" data-widget_type=\"heading.default\">\n\t\t\t\t\t<h5 class=\"elementor-heading-title elementor-size-default\">2024<\/h5>\t\t\t\t<\/div>\n\t\t\t\t<\/div>\n\t\t\t\t<\/div>\n\t\t\t\t<\/div>\n\t\t\t\t\t<\/div>\n\t\t\t\t<\/div>\n\t\t<div class=\"elementor-element elementor-element-1b2beaf e-flex e-con-boxed e-con e-parent\" data-id=\"1b2beaf\" data-element_type=\"container\">\n\t\t\t\t\t<div class=\"e-con-inner\">\n\t\t\t\t\t<\/div>\n\t\t\t\t<\/div>\n\t\t<div class=\"elementor-element elementor-element-18d43cd e-con-full e-flex e-con e-parent\" data-id=\"18d43cd\" data-element_type=\"container\" data-settings=\"{&quot;uicore_onscroll_effect&quot;:&quot;sticky-scale-small&quot;}\">\n\t\t<div class=\"elementor-element elementor-element-a63b5d3 e-flex e-con-boxed elementor-invisible e-con e-child\" data-id=\"a63b5d3\" data-element_type=\"container\" data-settings=\"{&quot;background_background&quot;:&quot;gradient&quot;,&quot;animation&quot;:&quot;fadeInUp&quot;,&quot;animation_delay&quot;:&quot;160&quot;}\">\n\t\t\t\t\t<div class=\"e-con-inner\">\n\t\t<div class=\"elementor-element elementor-element-b86c7e0 e-con-full e-flex e-con e-child\" data-id=\"b86c7e0\" data-element_type=\"container\" data-settings=\"{&quot;background_background&quot;:&quot;classic&quot;}\">\n\t\t\t\t<div class=\"elementor-element elementor-element-469b44b elementor-widget elementor-widget-heading\" data-id=\"469b44b\" data-element_type=\"widget\" data-widget_type=\"heading.default\">\n\t\t\t\t\t<h2 class=\"elementor-heading-title elementor-size-default\">Provocarea<\/h2>\t\t\t\t<\/div>\n\t\t\t\t<div class=\"elementor-element elementor-element-93c630d elementor-widget elementor-widget-text-editor\" data-id=\"93c630d\" data-element_type=\"widget\" data-widget_type=\"text-editor.default\">\n\t\t\t\t\t\t\t\t\t<p>Publicul \u021bint\u0103 e divers (p\u0103rin\u021bi, adolescen\u021bi, profesori), iar procesul de selec\u021bie trebuie s\u0103 fie intuitiv, vizual \u0219i rapid, f\u0103r\u0103 formulare greoaie sau explica\u021bii tehnice. Site-ul trebuia s\u0103 combine o prezentare atractiv\u0103 cu o experien\u021b\u0103 de utilizare c\u00e2t mai fluid\u0103, pe mobil \u0219i desktop.<\/p>\t\t\t\t\t\t\t\t<\/div>\n\t\t\t\t<\/div>\n\t\t\t\t\t<\/div>\n\t\t\t\t<\/div>\n\t\t<div class=\"elementor-element elementor-element-5c3ebd1 e-flex e-con-boxed elementor-invisible e-con e-child\" data-id=\"5c3ebd1\" data-element_type=\"container\" data-settings=\"{&quot;background_background&quot;:&quot;gradient&quot;,&quot;animation&quot;:&quot;fadeInUp&quot;,&quot;animation_delay&quot;:&quot;160&quot;}\">\n\t\t\t\t\t<div class=\"e-con-inner\">\n\t\t<div class=\"elementor-element elementor-element-0b04e38 e-con-full e-flex e-con e-child\" data-id=\"0b04e38\" data-element_type=\"container\">\n\t\t\t\t<div class=\"elementor-element elementor-element-59e8021 elementor-widget elementor-widget-heading\" data-id=\"59e8021\" data-element_type=\"widget\" data-widget_type=\"heading.default\">\n\t\t\t\t\t<h2 class=\"elementor-heading-title elementor-size-default\">Ce am f\u0103cut?<\/h2>\t\t\t\t<\/div>\n\t\t\t\t<div class=\"elementor-element elementor-element-d8e48b1 elementor-widget elementor-widget-text-editor\" data-id=\"d8e48b1\" data-element_type=\"widget\" data-widget_type=\"text-editor.default\">\n\t\t\t\t\t\t\t\t\t<ul>\n<li>\n<p>UI modern cu accent pe fotografie, nu pe text<\/p>\n<\/li>\n<li>\n<p>Structur\u0103 clar\u0103: pachete, clase, galerie, contact<\/p>\n<\/li><li><p>Call-to-action vizibile, pozi\u021bionate strategic<\/p><\/li>\n<li>\n<p>Navigare simplificat\u0103 pe mobil (meniuri compacte)<\/p>\n<\/li>\n<li>\n<p>Copy prietenos, adaptat pentru public t\u00e2n\u0103r &amp; p\u0103rin\u021bi<\/p>\n<\/li>\n<li>\n<p>Galerie foto performant\u0103, f\u0103r\u0103 timpi de a\u0219teptare<\/p>\n<\/li>\n<li>\n<p>SEO on-page complet: titluri, headings, schema galerie<\/p>\n<\/li>\n<\/ul>\t\t\t\t\t\t\t\t<\/div>\n\t\t\t\t<\/div>\n\t\t\t\t\t<\/div>\n\t\t\t\t<\/div>\n\t\t<div class=\"elementor-element elementor-element-ad12c25 e-flex e-con-boxed elementor-invisible e-con e-child\" data-id=\"ad12c25\" data-element_type=\"container\" data-settings=\"{&quot;background_background&quot;:&quot;gradient&quot;,&quot;animation&quot;:&quot;fadeInUp&quot;,&quot;animation_delay&quot;:&quot;160&quot;}\">\n\t\t\t\t\t<div class=\"e-con-inner\">\n\t\t<div class=\"elementor-element elementor-element-14a344c e-con-full e-flex e-con e-child\" data-id=\"14a344c\" data-element_type=\"container\">\n\t\t\t\t<div class=\"elementor-element elementor-element-63d4dfb elementor-widget elementor-widget-heading\" data-id=\"63d4dfb\" data-element_type=\"widget\" data-widget_type=\"heading.default\">\n\t\t\t\t\t<h2 class=\"elementor-heading-title elementor-size-default\">Rezultat<\/h2>\t\t\t\t<\/div>\n\t\t\t\t<div class=\"elementor-element elementor-element-188fbcd elementor-widget elementor-widget-text-editor\" data-id=\"188fbcd\" data-element_type=\"widget\" data-widget_type=\"text-editor.default\">\n\t\t\t\t\t\t\t\t\t<ul><li>Timp mediu de navigare: peste 3 minute per sesiune<\/li><li>Rat\u0103 de clic pe pachetele foto: 62% din vizitatori<\/li><li>Peste 400 de solicit\u0103ri \u00een primul sezon de lansare<\/li><li>Feedback constant pozitiv de la utilizatori: \u201esimplu, clar, frumos\u201d.\u00a0<\/li><\/ul><p>\u00a0<\/p>\t\t\t\t\t\t\t\t<\/div>\n\t\t\t\t<\/div>\n\t\t\t\t\t<\/div>\n\t\t\t\t<\/div>\n\t\t\t\t<\/div>\n\t\t\t\t<\/div>\n\t\t","protected":false},"excerpt":{"rendered":"<p>estudent.md: Site cu Experien\u021b\u0103 Vizual\u0103 modern\u0103 Client Estudent Link estudent.md AN 2024 Provocarea Publicul \u021bint\u0103 e divers (p\u0103rin\u021bi, adolescen\u021bi, profesori), iar procesul [&hellip;]<\/p>\n","protected":false},"author":1,"featured_media":0,"parent":4559,"menu_order":0,"comment_status":"closed","ping_status":"closed","template":"","meta":{"footnotes":""},"class_list":["post-4602","page","type-page","status-publish","hentry"],"yoast_head":"<!-- This site is optimized with the Yoast SEO plugin v25.4 - https:\/\/yoast.com\/wordpress\/plugins\/seo\/ -->\n<title>Studiu de caz - Client: Estudent.md - Qomunica Lab<\/title>\n<meta name=\"robots\" content=\"index, follow, max-snippet:-1, max-image-preview:large, max-video-preview:-1\" \/>\n<link rel=\"canonical\" href=\"https:\/\/qomunica.md\/ro\/portofoliu\/case-creare-site-estudent\/\" \/>\n<meta property=\"og:locale\" content=\"ro_RO\" \/>\n<meta property=\"og:type\" content=\"article\" \/>\n<meta property=\"og:title\" content=\"Studiu de caz - Client: Estudent.md - Qomunica Lab\" \/>\n<meta property=\"og:description\" content=\"estudent.md: Site cu Experien\u021b\u0103 Vizual\u0103 modern\u0103 Client Estudent Link estudent.md AN 2024 Provocarea Publicul \u021bint\u0103 e divers (p\u0103rin\u021bi, adolescen\u021bi, profesori), iar procesul [&hellip;]\" \/>\n<meta property=\"og:url\" content=\"https:\/\/qomunica.md\/ro\/portofoliu\/case-creare-site-estudent\/\" \/>\n<meta property=\"og:site_name\" content=\"Qomunica Lab\" \/>\n<meta property=\"article:modified_time\" content=\"2026-02-24T13:12:56+00:00\" \/>\n<meta property=\"og:image\" content=\"https:\/\/qomunica.md\/wp-content\/uploads\/2025\/07\/mockupuri-2-1.png\" \/>\n\t<meta property=\"og:image:width\" content=\"990\" \/>\n\t<meta property=\"og:image:height\" content=\"675\" \/>\n\t<meta property=\"og:image:type\" content=\"image\/png\" \/>\n<meta name=\"twitter:card\" content=\"summary_large_image\" \/>\n<meta name=\"twitter:label1\" content=\"Timp estimat pentru citire\" \/>\n\t<meta name=\"twitter:data1\" content=\"1 minut\" \/>\n<script type=\"application\/ld+json\" class=\"yoast-schema-graph\">{\"@context\":\"https:\/\/schema.org\",\"@graph\":[{\"@type\":\"WebPage\",\"@id\":\"https:\/\/qomunica.md\/portofoliu\/case-creare-site-estudent\/\",\"url\":\"https:\/\/qomunica.md\/portofoliu\/case-creare-site-estudent\/\",\"name\":\"Studiu de caz - Client: Estudent.md - Qomunica Lab\",\"isPartOf\":{\"@id\":\"https:\/\/qomunica.md\/#website\"},\"primaryImageOfPage\":{\"@id\":\"https:\/\/qomunica.md\/portofoliu\/case-creare-site-estudent\/#primaryimage\"},\"image\":{\"@id\":\"https:\/\/qomunica.md\/portofoliu\/case-creare-site-estudent\/#primaryimage\"},\"thumbnailUrl\":\"https:\/\/qomunica.md\/wp-content\/uploads\/2025\/07\/mockupuri-2-1.png\",\"datePublished\":\"2025-07-27T15:38:11+00:00\",\"dateModified\":\"2026-02-24T13:12:56+00:00\",\"breadcrumb\":{\"@id\":\"https:\/\/qomunica.md\/portofoliu\/case-creare-site-estudent\/#breadcrumb\"},\"inLanguage\":\"ro-RO\",\"potentialAction\":[{\"@type\":\"ReadAction\",\"target\":[\"https:\/\/qomunica.md\/portofoliu\/case-creare-site-estudent\/\"]}]},{\"@type\":\"ImageObject\",\"inLanguage\":\"ro-RO\",\"@id\":\"https:\/\/qomunica.md\/portofoliu\/case-creare-site-estudent\/#primaryimage\",\"url\":\"https:\/\/qomunica.md\/wp-content\/uploads\/2025\/07\/mockupuri-2-1.png\",\"contentUrl\":\"https:\/\/qomunica.md\/wp-content\/uploads\/2025\/07\/mockupuri-2-1.png\"},{\"@type\":\"BreadcrumbList\",\"@id\":\"https:\/\/qomunica.md\/portofoliu\/case-creare-site-estudent\/#breadcrumb\",\"itemListElement\":[{\"@type\":\"ListItem\",\"position\":1,\"name\":\"Home\",\"item\":\"https:\/\/qomunica.md\/\"},{\"@type\":\"ListItem\",\"position\":2,\"name\":\"Portofoliu\",\"item\":\"https:\/\/qomunica.md\/portofoliu\/\"},{\"@type\":\"ListItem\",\"position\":3,\"name\":\"Studiu de caz &#8211; Client: Estudent.md\"}]},{\"@type\":\"WebSite\",\"@id\":\"https:\/\/qomunica.md\/#website\",\"url\":\"https:\/\/qomunica.md\/\",\"name\":\"Qomunica Lab\",\"description\":\"SEO Agency\",\"potentialAction\":[{\"@type\":\"SearchAction\",\"target\":{\"@type\":\"EntryPoint\",\"urlTemplate\":\"https:\/\/qomunica.md\/?s={search_term_string}\"},\"query-input\":{\"@type\":\"PropertyValueSpecification\",\"valueRequired\":true,\"valueName\":\"search_term_string\"}}],\"inLanguage\":\"ro-RO\"}]}<\/script>\n<!-- \/ Yoast SEO plugin. -->","yoast_head_json":{"title":"Studiu de caz - Client: Estudent.md - Qomunica Lab","robots":{"index":"index","follow":"follow","max-snippet":"max-snippet:-1","max-image-preview":"max-image-preview:large","max-video-preview":"max-video-preview:-1"},"canonical":"https:\/\/qomunica.md\/ro\/portofoliu\/case-creare-site-estudent\/","og_locale":"ro_RO","og_type":"article","og_title":"Studiu de caz - Client: Estudent.md - Qomunica Lab","og_description":"estudent.md: Site cu Experien\u021b\u0103 Vizual\u0103 modern\u0103 Client Estudent Link estudent.md AN 2024 Provocarea Publicul \u021bint\u0103 e divers (p\u0103rin\u021bi, adolescen\u021bi, profesori), iar procesul [&hellip;]","og_url":"https:\/\/qomunica.md\/ro\/portofoliu\/case-creare-site-estudent\/","og_site_name":"Qomunica Lab","article_modified_time":"2026-02-24T13:12:56+00:00","og_image":[{"width":990,"height":675,"url":"https:\/\/qomunica.md\/wp-content\/uploads\/2025\/07\/mockupuri-2-1.png","type":"image\/png"}],"twitter_card":"summary_large_image","twitter_misc":{"Timp estimat pentru citire":"1 minut"},"schema":{"@context":"https:\/\/schema.org","@graph":[{"@type":"WebPage","@id":"https:\/\/qomunica.md\/portofoliu\/case-creare-site-estudent\/","url":"https:\/\/qomunica.md\/portofoliu\/case-creare-site-estudent\/","name":"Studiu de caz - Client: Estudent.md - Qomunica Lab","isPartOf":{"@id":"https:\/\/qomunica.md\/#website"},"primaryImageOfPage":{"@id":"https:\/\/qomunica.md\/portofoliu\/case-creare-site-estudent\/#primaryimage"},"image":{"@id":"https:\/\/qomunica.md\/portofoliu\/case-creare-site-estudent\/#primaryimage"},"thumbnailUrl":"https:\/\/qomunica.md\/wp-content\/uploads\/2025\/07\/mockupuri-2-1.png","datePublished":"2025-07-27T15:38:11+00:00","dateModified":"2026-02-24T13:12:56+00:00","breadcrumb":{"@id":"https:\/\/qomunica.md\/portofoliu\/case-creare-site-estudent\/#breadcrumb"},"inLanguage":"ro-RO","potentialAction":[{"@type":"ReadAction","target":["https:\/\/qomunica.md\/portofoliu\/case-creare-site-estudent\/"]}]},{"@type":"ImageObject","inLanguage":"ro-RO","@id":"https:\/\/qomunica.md\/portofoliu\/case-creare-site-estudent\/#primaryimage","url":"https:\/\/qomunica.md\/wp-content\/uploads\/2025\/07\/mockupuri-2-1.png","contentUrl":"https:\/\/qomunica.md\/wp-content\/uploads\/2025\/07\/mockupuri-2-1.png"},{"@type":"BreadcrumbList","@id":"https:\/\/qomunica.md\/portofoliu\/case-creare-site-estudent\/#breadcrumb","itemListElement":[{"@type":"ListItem","position":1,"name":"Home","item":"https:\/\/qomunica.md\/"},{"@type":"ListItem","position":2,"name":"Portofoliu","item":"https:\/\/qomunica.md\/portofoliu\/"},{"@type":"ListItem","position":3,"name":"Studiu de caz &#8211; Client: Estudent.md"}]},{"@type":"WebSite","@id":"https:\/\/qomunica.md\/#website","url":"https:\/\/qomunica.md\/","name":"Qomunica Lab","description":"SEO Agency","potentialAction":[{"@type":"SearchAction","target":{"@type":"EntryPoint","urlTemplate":"https:\/\/qomunica.md\/?s={search_term_string}"},"query-input":{"@type":"PropertyValueSpecification","valueRequired":true,"valueName":"search_term_string"}}],"inLanguage":"ro-RO"}]}},"_links":{"self":[{"href":"https:\/\/qomunica.md\/ro\/wp-json\/wp\/v2\/pages\/4602","targetHints":{"allow":["GET"]}}],"collection":[{"href":"https:\/\/qomunica.md\/ro\/wp-json\/wp\/v2\/pages"}],"about":[{"href":"https:\/\/qomunica.md\/ro\/wp-json\/wp\/v2\/types\/page"}],"author":[{"embeddable":true,"href":"https:\/\/qomunica.md\/ro\/wp-json\/wp\/v2\/users\/1"}],"replies":[{"embeddable":true,"href":"https:\/\/qomunica.md\/ro\/wp-json\/wp\/v2\/comments?post=4602"}],"version-history":[{"count":11,"href":"https:\/\/qomunica.md\/ro\/wp-json\/wp\/v2\/pages\/4602\/revisions"}],"predecessor-version":[{"id":5497,"href":"https:\/\/qomunica.md\/ro\/wp-json\/wp\/v2\/pages\/4602\/revisions\/5497"}],"up":[{"embeddable":true,"href":"https:\/\/qomunica.md\/ro\/wp-json\/wp\/v2\/pages\/4559"}],"wp:attachment":[{"href":"https:\/\/qomunica.md\/ro\/wp-json\/wp\/v2\/media?parent=4602"}],"curies":[{"name":"wp","href":"https:\/\/api.w.org\/{rel}","templated":true}]}}