{"id":5015,"date":"2025-11-04T14:34:11","date_gmt":"2025-11-04T14:34:11","guid":{"rendered":"https:\/\/qomunica.md\/?page_id=5015"},"modified":"2025-11-04T14:40:32","modified_gmt":"2025-11-04T14:40:32","slug":"program-de-afiliere","status":"publish","type":"page","link":"https:\/\/qomunica.md\/ro\/program-de-afiliere\/","title":{"rendered":"Program de Afiliere"},"content":{"rendered":"\t\t<div data-elementor-type=\"wp-page\" data-elementor-id=\"5015\" class=\"elementor elementor-5015\" data-elementor-settings=\"{&quot;element_pack_global_tooltip_width&quot;:{&quot;unit&quot;:&quot;px&quot;,&quot;size&quot;:&quot;&quot;,&quot;sizes&quot;:[]},&quot;element_pack_global_tooltip_width_tablet&quot;:{&quot;unit&quot;:&quot;px&quot;,&quot;size&quot;:&quot;&quot;,&quot;sizes&quot;:[]},&quot;element_pack_global_tooltip_width_mobile&quot;:{&quot;unit&quot;:&quot;px&quot;,&quot;size&quot;:&quot;&quot;,&quot;sizes&quot;:[]},&quot;element_pack_global_tooltip_padding&quot;:{&quot;unit&quot;:&quot;px&quot;,&quot;top&quot;:&quot;&quot;,&quot;right&quot;:&quot;&quot;,&quot;bottom&quot;:&quot;&quot;,&quot;left&quot;:&quot;&quot;,&quot;isLinked&quot;:true},&quot;element_pack_global_tooltip_padding_tablet&quot;:{&quot;unit&quot;:&quot;px&quot;,&quot;top&quot;:&quot;&quot;,&quot;right&quot;:&quot;&quot;,&quot;bottom&quot;:&quot;&quot;,&quot;left&quot;:&quot;&quot;,&quot;isLinked&quot;:true},&quot;element_pack_global_tooltip_padding_mobile&quot;:{&quot;unit&quot;:&quot;px&quot;,&quot;top&quot;:&quot;&quot;,&quot;right&quot;:&quot;&quot;,&quot;bottom&quot;:&quot;&quot;,&quot;left&quot;:&quot;&quot;,&quot;isLinked&quot;:true},&quot;element_pack_global_tooltip_border_radius&quot;:{&quot;unit&quot;:&quot;px&quot;,&quot;top&quot;:&quot;&quot;,&quot;right&quot;:&quot;&quot;,&quot;bottom&quot;:&quot;&quot;,&quot;left&quot;:&quot;&quot;,&quot;isLinked&quot;:true},&quot;element_pack_global_tooltip_border_radius_tablet&quot;:{&quot;unit&quot;:&quot;px&quot;,&quot;top&quot;:&quot;&quot;,&quot;right&quot;:&quot;&quot;,&quot;bottom&quot;:&quot;&quot;,&quot;left&quot;:&quot;&quot;,&quot;isLinked&quot;:true},&quot;element_pack_global_tooltip_border_radius_mobile&quot;:{&quot;unit&quot;:&quot;px&quot;,&quot;top&quot;:&quot;&quot;,&quot;right&quot;:&quot;&quot;,&quot;bottom&quot;:&quot;&quot;,&quot;left&quot;:&quot;&quot;,&quot;isLinked&quot;:true}}\" data-elementor-post-type=\"page\">\n\t\t\t\t<div class=\"elementor-element elementor-element-0cded46 e-flex e-con-boxed e-con e-parent\" data-id=\"0cded46\" data-element_type=\"container\">\n\t\t\t\t\t<div class=\"e-con-inner\">\n\t\t\t\t<div class=\"elementor-element elementor-element-831a361 elementor-widget elementor-widget-heading\" data-id=\"831a361\" data-element_type=\"widget\" data-widget_type=\"heading.default\">\n\t\t\t\t\t<h2 class=\"elementor-heading-title elementor-size-default\">Program de afiliere<\/h2>\t\t\t\t<\/div>\n\t\t\t\t\t<\/div>\n\t\t\t\t<\/div>\n\t\t<div class=\"elementor-element elementor-element-cbeaeb1 e-flex e-con-boxed e-con e-parent\" data-id=\"cbeaeb1\" data-element_type=\"container\">\n\t\t\t\t\t<div class=\"e-con-inner\">\n\t\t\t\t<div class=\"elementor-element elementor-element-53c8ea7 elementor-widget elementor-widget-text-editor\" data-id=\"53c8ea7\" data-element_type=\"widget\" data-widget_type=\"text-editor.default\">\n\t\t\t\t\t\t\t\t\t<p style=\"margin-right: 0px; margin-bottom: 10px; margin-left: 0px; color: rgb(51, 51, 51); font-family: &quot;Helvetica Neue&quot;, Helvetica, Arial, sans-serif; font-size: 14px;\"><span style=\"font-weight: 700;\">Recomand\u0103-ne \u0219i c\u00e2\u0219tig\u0103 15% din fiecare contract \u00eencheiat prin tine.<\/span><br>Vrei s\u0103 recomanzi clien\u021bi din re\u021beaua ta \u0219i s\u0103 fii r\u0103spl\u0103tit corect? Programul nostru este simplu, transparent \u0219i construit s\u0103 func\u021bioneze f\u0103r\u0103 birocra\u021bie.<\/p><h2 style=\"font-family: &quot;Helvetica Neue&quot;, Helvetica, Arial, sans-serif; font-weight: 500; line-height: 1.1; color: rgb(51, 51, 51); margin-top: 20px; margin-bottom: 10px; font-size: 25px; font-style: normal; letter-spacing: normal; text-transform: none;\">Cum func\u021bioneaz\u0103<\/h2><p style=\"margin-right: 0px; margin-bottom: 10px; margin-left: 0px; color: rgb(51, 51, 51); font-family: &quot;Helvetica Neue&quot;, Helvetica, Arial, sans-serif; font-size: 14px;\">Colaborezi cu noi, faci o introducere sau folose\u0219ti linkul t\u0103u unic, iar dac\u0103 leadul semneaz\u0103 \u0219i pl\u0103te\u0219te, prime\u0219ti 15% din onorariul net facturat \u0219i \u00eencasat de Qomunica pentru prima perioad\u0103 contractual\u0103 sau pentru intervalul agreat \u00een scris.<\/p><h2 style=\"font-family: &quot;Helvetica Neue&quot;, Helvetica, Arial, sans-serif; font-weight: 500; line-height: 1.1; color: rgb(51, 51, 51); margin-top: 20px; margin-bottom: 10px; font-size: 25px; font-style: normal; letter-spacing: normal; text-transform: none;\">Ce \u00eenseamn\u0103 15% la Qomunica<\/h2><p style=\"margin-right: 0px; margin-bottom: 10px; margin-left: 0px; color: rgb(51, 51, 51); font-family: &quot;Helvetica Neue&quot;, Helvetica, Arial, sans-serif; font-size: 14px;\">Calculul se face la onorariul net al Qomunica, f\u0103r\u0103 TVA, comisioane de procesare sau bugete media ale clientului. Implicit, comisionul se aplic\u0103 pentru primele 3 luni de abonament sau integral pentru proiectele one off. Plata se face \u00een moneda \u00eencasat\u0103 de la client.<\/p><h2 style=\"font-family: &quot;Helvetica Neue&quot;, Helvetica, Arial, sans-serif; font-weight: 500; line-height: 1.1; color: rgb(51, 51, 51); margin-top: 20px; margin-bottom: 10px; font-size: 25px; font-style: normal; letter-spacing: normal; text-transform: none;\">Cine poate participa<\/h2><p style=\"margin-right: 0px; margin-bottom: 10px; margin-left: 0px; color: rgb(51, 51, 51); font-family: &quot;Helvetica Neue&quot;, Helvetica, Arial, sans-serif; font-size: 14px;\">Pot aplica freelanceri, consultan\u021bi, agen\u021bii, publisheri \u0219i antreprenori care pot factura sau \u00eencasa legal \u00een \u021bara lor. Nu accept\u0103m auto-referin\u021be sau situa\u021bii cu conflict de interese f\u0103r\u0103 declarare \u0219i acord prealabil.<\/p><h2 style=\"font-family: &quot;Helvetica Neue&quot;, Helvetica, Arial, sans-serif; font-weight: 500; line-height: 1.1; color: rgb(51, 51, 51); margin-top: 20px; margin-bottom: 10px; font-size: 25px; font-style: normal; letter-spacing: normal; text-transform: none;\">Cum recomanzi<\/h2><p style=\"margin-right: 0px; margin-bottom: 10px; margin-left: 0px; color: rgb(51, 51, 51); font-family: &quot;Helvetica Neue&quot;, Helvetica, Arial, sans-serif; font-size: 14px;\">Po\u021bi folosi linkul t\u0103u unic, po\u021bi face o introducere prin e-mail cu noi \u00een CC sau po\u021bi trimite leadul prin formularul nostru, men\u021bion\u00e2nd codul t\u0103u de afiliat.<\/p><h2 style=\"font-family: &quot;Helvetica Neue&quot;, Helvetica, Arial, sans-serif; font-weight: 500; line-height: 1.1; color: rgb(51, 51, 51); margin-top: 20px; margin-bottom: 10px; font-size: 25px; font-style: normal; letter-spacing: normal; text-transform: none;\">Atribuire \u0219i fereastr\u0103 de validare<\/h2><p style=\"margin-right: 0px; margin-bottom: 10px; margin-left: 0px; color: rgb(51, 51, 51); font-family: &quot;Helvetica Neue&quot;, Helvetica, Arial, sans-serif; font-size: 14px;\">Atribuirea se face pe principiul last click cu linkul de afiliat sau pe baza e-mailului de introducere. Ferestrele standard sunt 90 de zile din momentul primei interac\u021biuni documentate. \u00cen caz de coliziuni, atribuirea se decide pe baza contribu\u021biei reale la \u00eenchidere.<\/p><h2 style=\"font-family: &quot;Helvetica Neue&quot;, Helvetica, Arial, sans-serif; font-weight: 500; line-height: 1.1; color: rgb(51, 51, 51); margin-top: 20px; margin-bottom: 10px; font-size: 25px; font-style: normal; letter-spacing: normal; text-transform: none;\">Eligibilitate \u0219i excluderi<\/h2><p style=\"margin-right: 0px; margin-bottom: 10px; margin-left: 0px; color: rgb(51, 51, 51); font-family: &quot;Helvetica Neue&quot;, Helvetica, Arial, sans-serif; font-size: 14px;\">Leadul trebuie s\u0103 fie o entitate cu nevoie real\u0103 \u0219i buget minim. Sunt excluse leaduri existente \u00een pipeline \u00een ultimele 60 de zile, proiectele pro bono, barter sau clien\u021bii cu restan\u021be.<\/p><h2 style=\"font-family: &quot;Helvetica Neue&quot;, Helvetica, Arial, sans-serif; font-weight: 500; line-height: 1.1; color: rgb(51, 51, 51); margin-top: 20px; margin-bottom: 10px; font-size: 25px; font-style: normal; letter-spacing: normal; text-transform: none;\">Pl\u0103\u021bi<\/h2><p style=\"margin-right: 0px; margin-bottom: 10px; margin-left: 0px; color: rgb(51, 51, 51); font-family: &quot;Helvetica Neue&quot;, Helvetica, Arial, sans-serif; font-size: 14px;\">Pl\u0103tim lunar, \u00een luna urm\u0103toare \u00eencas\u0103rii, cu o perioad\u0103 de a\u0219teptare de 30 de zile calendaristice. Pragul minim de plat\u0103 este 100 EUR sau echivalent. Comisioanele bancare interna\u021bionale sunt suportate de beneficiar.<\/p><h2 style=\"font-family: &quot;Helvetica Neue&quot;, Helvetica, Arial, sans-serif; font-weight: 500; line-height: 1.1; color: rgb(51, 51, 51); margin-top: 20px; margin-bottom: 10px; font-size: 25px; font-style: normal; letter-spacing: normal; text-transform: none;\">Exemple rapide<\/h2><p style=\"margin-right: 0px; margin-bottom: 10px; margin-left: 0px; color: rgb(51, 51, 51); font-family: &quot;Helvetica Neue&quot;, Helvetica, Arial, sans-serif; font-size: 14px;\">Un abonament SEO de 800 EUR net pe 3 luni \u00eenseamn\u0103 360 EUR comision total. Un proiect one off de 2.000 EUR net \u00eenseamn\u0103 300 EUR comision.<\/p><h2 style=\"font-family: &quot;Helvetica Neue&quot;, Helvetica, Arial, sans-serif; font-weight: 500; line-height: 1.1; color: rgb(51, 51, 51); margin-top: 20px; margin-bottom: 10px; font-size: 25px; font-style: normal; letter-spacing: normal; text-transform: none;\">Reguli de brand<\/h2><p style=\"margin-right: 0px; margin-bottom: 10px; margin-left: 0px; color: rgb(51, 51, 51); font-family: &quot;Helvetica Neue&quot;, Helvetica, Arial, sans-serif; font-size: 14px;\">Folosim mesaje corecte, f\u0103r\u0103 promisiuni nerealiste, spam sau tactici agresive. Respect\u0103m legile privind publicitatea, concuren\u021ba \u0219i confiden\u021bialitatea.<\/p><h2 style=\"font-family: &quot;Helvetica Neue&quot;, Helvetica, Arial, sans-serif; font-weight: 500; line-height: 1.1; color: rgb(51, 51, 51); margin-top: 20px; margin-bottom: 10px; font-size: 25px; font-style: normal; letter-spacing: normal; text-transform: none;\">Frauda \u0219i reziliere<\/h2><p style=\"margin-right: 0px; margin-bottom: 10px; margin-left: 0px; color: rgb(51, 51, 51); font-family: &quot;Helvetica Neue&quot;, Helvetica, Arial, sans-serif; font-size: 14px;\">Ne rezerv\u0103m dreptul de a respinge leaduri, de a re\u021bine comisioane ob\u021binute abuziv \u0219i de a \u00eenchide conturi care \u00eencalc\u0103 regulile. Po\u021bi denun\u021ba oric\u00e2nd colaborarea cu efect pentru viitor. Comisioanele deja c\u00e2\u0219tigate se pl\u0103tesc conform regulilor.<\/p><h2 style=\"font-family: &quot;Helvetica Neue&quot;, Helvetica, Arial, sans-serif; font-weight: 500; line-height: 1.1; color: rgb(51, 51, 51); margin-top: 20px; margin-bottom: 10px; font-size: 25px; font-style: normal; letter-spacing: normal; text-transform: none;\">Disclaimer<\/h2><p style=\"margin-right: 0px; margin-bottom: 10px; margin-left: 0px; color: rgb(51, 51, 51); font-family: &quot;Helvetica Neue&quot;, Helvetica, Arial, sans-serif; font-size: 14px;\">Rezultatele \u0219i studiile de caz prezentate de noi sunt exemple, nu promisiuni sau garan\u021bii de rezultate similare sau mai bune.<\/p><h2 style=\"font-family: &quot;Helvetica Neue&quot;, Helvetica, Arial, sans-serif; font-weight: 500; line-height: 1.1; color: rgb(51, 51, 51); margin-top: 20px; margin-bottom: 10px; font-size: 25px; font-style: normal; letter-spacing: normal; text-transform: none;\">\u00censcriere<\/h2><p style=\"margin-right: 0px; margin-bottom: 10px; margin-left: 0px; color: rgb(51, 51, 51); font-family: &quot;Helvetica Neue&quot;, Helvetica, Arial, sans-serif; font-size: 14px;\">Scrie-ne la&nbsp;<a style=\"color: rgb(51, 122, 183);\">contact@qomunica.com<\/a>&nbsp;cu subiectul \u201eAfiliere Qomunica\u201d sau completeaz\u0103 formularul dedicat.<\/p>\t\t\t\t\t\t\t\t<\/div>\n\t\t\t\t\t<\/div>\n\t\t\t\t<\/div>\n\t\t\t\t<\/div>\n\t\t","protected":false},"excerpt":{"rendered":"<p>Program de afiliere Recomand\u0103-ne \u0219i c\u00e2\u0219tig\u0103 15% din fiecare contract \u00eencheiat prin tine.Vrei s\u0103 recomanzi clien\u021bi din re\u021beaua ta \u0219i s\u0103 fii [&hellip;]<\/p>\n","protected":false},"author":1,"featured_media":0,"parent":0,"menu_order":0,"comment_status":"closed","ping_status":"closed","template":"","meta":{"footnotes":""},"class_list":["post-5015","page","type-page","status-publish","hentry"],"yoast_head":"<!-- This site is optimized with the Yoast SEO plugin v25.4 - https:\/\/yoast.com\/wordpress\/plugins\/seo\/ -->\n<title>Program de Afiliere - Qomunica Lab<\/title>\n<meta name=\"robots\" content=\"index, follow, max-snippet:-1, max-image-preview:large, max-video-preview:-1\" \/>\n<link rel=\"canonical\" href=\"https:\/\/qomunica.md\/ro\/program-de-afiliere\/\" \/>\n<meta property=\"og:locale\" content=\"ro_RO\" \/>\n<meta property=\"og:type\" content=\"article\" \/>\n<meta property=\"og:title\" content=\"Program de Afiliere - Qomunica Lab\" \/>\n<meta property=\"og:description\" content=\"Program de afiliere Recomand\u0103-ne \u0219i c\u00e2\u0219tig\u0103 15% din fiecare contract \u00eencheiat prin tine.Vrei s\u0103 recomanzi clien\u021bi din re\u021beaua ta \u0219i s\u0103 fii [&hellip;]\" \/>\n<meta property=\"og:url\" content=\"https:\/\/qomunica.md\/ro\/program-de-afiliere\/\" \/>\n<meta property=\"og:site_name\" content=\"Qomunica Lab\" \/>\n<meta property=\"article:modified_time\" content=\"2025-11-04T14:40:32+00:00\" \/>\n<meta name=\"twitter:card\" content=\"summary_large_image\" \/>\n<meta name=\"twitter:label1\" content=\"Timp estimat pentru citire\" \/>\n\t<meta name=\"twitter:data1\" content=\"2 minute\" \/>\n<script type=\"application\/ld+json\" class=\"yoast-schema-graph\">{\"@context\":\"https:\/\/schema.org\",\"@graph\":[{\"@type\":\"WebPage\",\"@id\":\"https:\/\/qomunica.md\/program-de-afiliere\/\",\"url\":\"https:\/\/qomunica.md\/program-de-afiliere\/\",\"name\":\"Program de Afiliere - Qomunica Lab\",\"isPartOf\":{\"@id\":\"https:\/\/qomunica.md\/#website\"},\"datePublished\":\"2025-11-04T14:34:11+00:00\",\"dateModified\":\"2025-11-04T14:40:32+00:00\",\"breadcrumb\":{\"@id\":\"https:\/\/qomunica.md\/program-de-afiliere\/#breadcrumb\"},\"inLanguage\":\"ro-RO\",\"potentialAction\":[{\"@type\":\"ReadAction\",\"target\":[\"https:\/\/qomunica.md\/program-de-afiliere\/\"]}]},{\"@type\":\"BreadcrumbList\",\"@id\":\"https:\/\/qomunica.md\/program-de-afiliere\/#breadcrumb\",\"itemListElement\":[{\"@type\":\"ListItem\",\"position\":1,\"name\":\"Home\",\"item\":\"https:\/\/qomunica.md\/\"},{\"@type\":\"ListItem\",\"position\":2,\"name\":\"Program de Afiliere\"}]},{\"@type\":\"WebSite\",\"@id\":\"https:\/\/qomunica.md\/#website\",\"url\":\"https:\/\/qomunica.md\/\",\"name\":\"Qomunica Lab\",\"description\":\"SEO Agency\",\"potentialAction\":[{\"@type\":\"SearchAction\",\"target\":{\"@type\":\"EntryPoint\",\"urlTemplate\":\"https:\/\/qomunica.md\/?s={search_term_string}\"},\"query-input\":{\"@type\":\"PropertyValueSpecification\",\"valueRequired\":true,\"valueName\":\"search_term_string\"}}],\"inLanguage\":\"ro-RO\"}]}<\/script>\n<!-- \/ Yoast SEO plugin. -->","yoast_head_json":{"title":"Program de Afiliere - Qomunica Lab","robots":{"index":"index","follow":"follow","max-snippet":"max-snippet:-1","max-image-preview":"max-image-preview:large","max-video-preview":"max-video-preview:-1"},"canonical":"https:\/\/qomunica.md\/ro\/program-de-afiliere\/","og_locale":"ro_RO","og_type":"article","og_title":"Program de Afiliere - Qomunica Lab","og_description":"Program de afiliere Recomand\u0103-ne \u0219i c\u00e2\u0219tig\u0103 15% din fiecare contract \u00eencheiat prin tine.Vrei s\u0103 recomanzi clien\u021bi din re\u021beaua ta \u0219i s\u0103 fii [&hellip;]","og_url":"https:\/\/qomunica.md\/ro\/program-de-afiliere\/","og_site_name":"Qomunica Lab","article_modified_time":"2025-11-04T14:40:32+00:00","twitter_card":"summary_large_image","twitter_misc":{"Timp estimat pentru citire":"2 minute"},"schema":{"@context":"https:\/\/schema.org","@graph":[{"@type":"WebPage","@id":"https:\/\/qomunica.md\/program-de-afiliere\/","url":"https:\/\/qomunica.md\/program-de-afiliere\/","name":"Program de Afiliere - Qomunica Lab","isPartOf":{"@id":"https:\/\/qomunica.md\/#website"},"datePublished":"2025-11-04T14:34:11+00:00","dateModified":"2025-11-04T14:40:32+00:00","breadcrumb":{"@id":"https:\/\/qomunica.md\/program-de-afiliere\/#breadcrumb"},"inLanguage":"ro-RO","potentialAction":[{"@type":"ReadAction","target":["https:\/\/qomunica.md\/program-de-afiliere\/"]}]},{"@type":"BreadcrumbList","@id":"https:\/\/qomunica.md\/program-de-afiliere\/#breadcrumb","itemListElement":[{"@type":"ListItem","position":1,"name":"Home","item":"https:\/\/qomunica.md\/"},{"@type":"ListItem","position":2,"name":"Program de Afiliere"}]},{"@type":"WebSite","@id":"https:\/\/qomunica.md\/#website","url":"https:\/\/qomunica.md\/","name":"Qomunica Lab","description":"SEO Agency","potentialAction":[{"@type":"SearchAction","target":{"@type":"EntryPoint","urlTemplate":"https:\/\/qomunica.md\/?s={search_term_string}"},"query-input":{"@type":"PropertyValueSpecification","valueRequired":true,"valueName":"search_term_string"}}],"inLanguage":"ro-RO"}]}},"_links":{"self":[{"href":"https:\/\/qomunica.md\/ro\/wp-json\/wp\/v2\/pages\/5015","targetHints":{"allow":["GET"]}}],"collection":[{"href":"https:\/\/qomunica.md\/ro\/wp-json\/wp\/v2\/pages"}],"about":[{"href":"https:\/\/qomunica.md\/ro\/wp-json\/wp\/v2\/types\/page"}],"author":[{"embeddable":true,"href":"https:\/\/qomunica.md\/ro\/wp-json\/wp\/v2\/users\/1"}],"replies":[{"embeddable":true,"href":"https:\/\/qomunica.md\/ro\/wp-json\/wp\/v2\/comments?post=5015"}],"version-history":[{"count":4,"href":"https:\/\/qomunica.md\/ro\/wp-json\/wp\/v2\/pages\/5015\/revisions"}],"predecessor-version":[{"id":5019,"href":"https:\/\/qomunica.md\/ro\/wp-json\/wp\/v2\/pages\/5015\/revisions\/5019"}],"wp:attachment":[{"href":"https:\/\/qomunica.md\/ro\/wp-json\/wp\/v2\/media?parent=5015"}],"curies":[{"name":"wp","href":"https:\/\/api.w.org\/{rel}","templated":true}]}}