{"id":5042,"date":"2025-11-04T14:50:10","date_gmt":"2025-11-04T14:50:10","guid":{"rendered":"https:\/\/qomunica.md\/?page_id=5042"},"modified":"2025-11-04T14:51:52","modified_gmt":"2025-11-04T14:51:52","slug":"politica-cookies","status":"publish","type":"page","link":"https:\/\/qomunica.md\/ro\/politica-cookies\/","title":{"rendered":"Politica Cookies"},"content":{"rendered":"\t\t<div data-elementor-type=\"wp-page\" data-elementor-id=\"5042\" class=\"elementor elementor-5042\" data-elementor-settings=\"{&quot;element_pack_global_tooltip_width&quot;:{&quot;unit&quot;:&quot;px&quot;,&quot;size&quot;:&quot;&quot;,&quot;sizes&quot;:[]},&quot;element_pack_global_tooltip_width_tablet&quot;:{&quot;unit&quot;:&quot;px&quot;,&quot;size&quot;:&quot;&quot;,&quot;sizes&quot;:[]},&quot;element_pack_global_tooltip_width_mobile&quot;:{&quot;unit&quot;:&quot;px&quot;,&quot;size&quot;:&quot;&quot;,&quot;sizes&quot;:[]},&quot;element_pack_global_tooltip_padding&quot;:{&quot;unit&quot;:&quot;px&quot;,&quot;top&quot;:&quot;&quot;,&quot;right&quot;:&quot;&quot;,&quot;bottom&quot;:&quot;&quot;,&quot;left&quot;:&quot;&quot;,&quot;isLinked&quot;:true},&quot;element_pack_global_tooltip_padding_tablet&quot;:{&quot;unit&quot;:&quot;px&quot;,&quot;top&quot;:&quot;&quot;,&quot;right&quot;:&quot;&quot;,&quot;bottom&quot;:&quot;&quot;,&quot;left&quot;:&quot;&quot;,&quot;isLinked&quot;:true},&quot;element_pack_global_tooltip_padding_mobile&quot;:{&quot;unit&quot;:&quot;px&quot;,&quot;top&quot;:&quot;&quot;,&quot;right&quot;:&quot;&quot;,&quot;bottom&quot;:&quot;&quot;,&quot;left&quot;:&quot;&quot;,&quot;isLinked&quot;:true},&quot;element_pack_global_tooltip_border_radius&quot;:{&quot;unit&quot;:&quot;px&quot;,&quot;top&quot;:&quot;&quot;,&quot;right&quot;:&quot;&quot;,&quot;bottom&quot;:&quot;&quot;,&quot;left&quot;:&quot;&quot;,&quot;isLinked&quot;:true},&quot;element_pack_global_tooltip_border_radius_tablet&quot;:{&quot;unit&quot;:&quot;px&quot;,&quot;top&quot;:&quot;&quot;,&quot;right&quot;:&quot;&quot;,&quot;bottom&quot;:&quot;&quot;,&quot;left&quot;:&quot;&quot;,&quot;isLinked&quot;:true},&quot;element_pack_global_tooltip_border_radius_mobile&quot;:{&quot;unit&quot;:&quot;px&quot;,&quot;top&quot;:&quot;&quot;,&quot;right&quot;:&quot;&quot;,&quot;bottom&quot;:&quot;&quot;,&quot;left&quot;:&quot;&quot;,&quot;isLinked&quot;:true}}\" data-elementor-post-type=\"page\">\n\t\t\t\t<div class=\"elementor-element elementor-element-0cded46 e-flex e-con-boxed e-con e-parent\" data-id=\"0cded46\" data-element_type=\"container\">\n\t\t\t\t\t<div class=\"e-con-inner\">\n\t\t\t\t<div class=\"elementor-element elementor-element-831a361 elementor-widget elementor-widget-heading\" data-id=\"831a361\" data-element_type=\"widget\" data-widget_type=\"heading.default\">\n\t\t\t\t\t<h2 class=\"elementor-heading-title elementor-size-default\">Politica Cookies<\/h2>\t\t\t\t<\/div>\n\t\t\t\t\t<\/div>\n\t\t\t\t<\/div>\n\t\t<div class=\"elementor-element elementor-element-cbeaeb1 e-flex e-con-boxed e-con e-parent\" data-id=\"cbeaeb1\" data-element_type=\"container\">\n\t\t\t\t\t<div class=\"e-con-inner\">\n\t\t\t\t<div class=\"elementor-element elementor-element-53c8ea7 elementor-widget elementor-widget-text-editor\" data-id=\"53c8ea7\" data-element_type=\"widget\" data-widget_type=\"text-editor.default\">\n\t\t\t\t\t\t\t\t\t<p><strong style=\"font-size: inherit; color: #000000; letter-spacing: normal;\">Ultima actualizare: 4 Noiembrie 2025<\/strong><\/p>\n<p>Aceast\u0103 politic\u0103 explic\u0103 ce sunt cookies, ce tipuri folosim, pentru ce scopuri \u0219i cum \u00ee\u021bi po\u021bi gestiona op\u021biunile.<\/p>\n<h2>Ce sunt cookies<\/h2>\n<p>Cookies sunt fi\u0219iere mici salvate \u00een browser atunci c\u00e2nd vizitezi site-ul. Ele ajut\u0103 la func\u021bionarea corect\u0103, la m\u0103surarea audien\u021bei \u0219i la personalizarea experien\u021bei.<\/p>\n<h2>Tipuri de cookies<\/h2>\n<p>Pe site folosim cookies strict necesare pentru func\u021bionare, precum \u0219i cookies pentru preferin\u021be, statistici \u0219i marketing. Pentru cookies neesen\u021biale \u00ee\u021bi cerem consim\u021b\u0103m\u00e2ntul \u00eenainte de a le plasa, conform cadrului european privind consim\u021b\u0103m\u00e2ntul.&nbsp;<\/p>\n<h2>Consim\u021b\u0103m\u00e2ntul t\u0103u<\/h2>\n<p>Consentul trebuie s\u0103 fie un act clar, liber, specific \u0219i informat. Nu folosim c\u0103su\u021be pre-bifate, iar op\u021biunile Accept\u0103 tot \u0219i Respinge tot sunt prezentate cu vizibilitate comparabil\u0103 pe primul nivel al bannerului. Nu plas\u0103m cookies neesen\u021biale \u00eenainte de consim\u021b\u0103m\u00e2nt. Po\u021bi retrage sau modifica op\u021biunile \u00een orice moment din centrul de preferin\u021be.&nbsp;<\/p>\n<h2>Ghiduri \u0219i bune practici<\/h2>\n<p>Autorit\u0103\u021bi europene precum EDPB \u0219i CNIL au confirmat cerin\u021be precum validitatea consim\u021b\u0103m\u00e2ntului activ, lipsa pre-bif\u0103rii \u0219i posibilitatea real\u0103 de a refuza la fel de u\u0219or precum po\u021bi accepta. Ne aliniem acestor practici.<\/p>\n<h2>CCPA\/CPRA \u0219i Global Privacy Control<\/h2>\n<p>Dac\u0103 e\u0219ti rezident al Californiei, \u00ee\u021bi respect\u0103m op\u021biunea de a nu vinde sau partaja datele personale. Onor\u0103m semnalele Global Privacy Control ca solicit\u0103ri valide de opt out, \u00een conformitate cu cerin\u021bele legale aplicabile.<\/p>\n<h2>Durat\u0103, furnizori \u0219i list\u0103 actualizat\u0103<\/h2>\n<p>Cookie-urile pot fi de sesiune sau persistente. \u00cen centrul de preferin\u021be vei g\u0103si lista actualizat\u0103 a cookie-urilor, furnizorul, scopul \u0219i durata lor. Vom actualiza aceast\u0103 politic\u0103 atunci c\u00e2nd schimb\u0103m set\u0103rile sau furnizorii.<\/p>\n<h2>Cum po\u021bi controla cookies<\/h2>\n<p>Po\u021bi gestiona preferin\u021bele din banner, din set\u0103rile browserului sau folosind op\u021biuni de opt out la nivel de platforme ter\u021be. Re\u021bine c\u0103 dezactivarea anumitor cookies poate afecta experien\u021ba de navigare.<\/p>\n<h2>Contact<\/h2>\n<p>\u00centreb\u0103ri despre cookies sau confiden\u021bialitate:&nbsp;<a href=\"mailto:contact@qomunica.md\">contact@qomunica.md<\/a>.&nbsp;<\/p>\t\t\t\t\t\t\t\t<\/div>\n\t\t\t\t\t<\/div>\n\t\t\t\t<\/div>\n\t\t\t\t<\/div>\n\t\t","protected":false},"excerpt":{"rendered":"<p>Politica Cookies Ultima actualizare: 4 Noiembrie 2025 Aceast\u0103 politic\u0103 explic\u0103 ce sunt cookies, ce tipuri folosim, pentru ce scopuri \u0219i cum \u00ee\u021bi [&hellip;]<\/p>\n","protected":false},"author":1,"featured_media":0,"parent":0,"menu_order":0,"comment_status":"closed","ping_status":"closed","template":"","meta":{"footnotes":""},"class_list":["post-5042","page","type-page","status-publish","hentry"],"yoast_head":"<!-- This site is optimized with the Yoast SEO plugin v25.4 - https:\/\/yoast.com\/wordpress\/plugins\/seo\/ -->\n<title>Politica Cookies - Qomunica Lab<\/title>\n<meta name=\"robots\" content=\"index, follow, max-snippet:-1, max-image-preview:large, max-video-preview:-1\" \/>\n<link rel=\"canonical\" href=\"https:\/\/qomunica.md\/ro\/politica-cookies\/\" \/>\n<meta property=\"og:locale\" content=\"ro_RO\" \/>\n<meta property=\"og:type\" content=\"article\" \/>\n<meta property=\"og:title\" content=\"Politica Cookies - Qomunica Lab\" \/>\n<meta property=\"og:description\" content=\"Politica Cookies Ultima actualizare: 4 Noiembrie 2025 Aceast\u0103 politic\u0103 explic\u0103 ce sunt cookies, ce tipuri folosim, pentru ce scopuri \u0219i cum \u00ee\u021bi [&hellip;]\" \/>\n<meta property=\"og:url\" content=\"https:\/\/qomunica.md\/ro\/politica-cookies\/\" \/>\n<meta property=\"og:site_name\" content=\"Qomunica Lab\" \/>\n<meta property=\"article:modified_time\" content=\"2025-11-04T14:51:52+00:00\" \/>\n<meta name=\"twitter:card\" content=\"summary_large_image\" \/>\n<meta name=\"twitter:label1\" content=\"Timp estimat pentru citire\" \/>\n\t<meta name=\"twitter:data1\" content=\"2 minute\" \/>\n<script type=\"application\/ld+json\" class=\"yoast-schema-graph\">{\"@context\":\"https:\/\/schema.org\",\"@graph\":[{\"@type\":\"WebPage\",\"@id\":\"https:\/\/qomunica.md\/politica-cookies\/\",\"url\":\"https:\/\/qomunica.md\/politica-cookies\/\",\"name\":\"Politica Cookies - Qomunica Lab\",\"isPartOf\":{\"@id\":\"https:\/\/qomunica.md\/#website\"},\"datePublished\":\"2025-11-04T14:50:10+00:00\",\"dateModified\":\"2025-11-04T14:51:52+00:00\",\"breadcrumb\":{\"@id\":\"https:\/\/qomunica.md\/politica-cookies\/#breadcrumb\"},\"inLanguage\":\"ro-RO\",\"potentialAction\":[{\"@type\":\"ReadAction\",\"target\":[\"https:\/\/qomunica.md\/politica-cookies\/\"]}]},{\"@type\":\"BreadcrumbList\",\"@id\":\"https:\/\/qomunica.md\/politica-cookies\/#breadcrumb\",\"itemListElement\":[{\"@type\":\"ListItem\",\"position\":1,\"name\":\"Home\",\"item\":\"https:\/\/qomunica.md\/\"},{\"@type\":\"ListItem\",\"position\":2,\"name\":\"Politica Cookies\"}]},{\"@type\":\"WebSite\",\"@id\":\"https:\/\/qomunica.md\/#website\",\"url\":\"https:\/\/qomunica.md\/\",\"name\":\"Qomunica Lab\",\"description\":\"SEO Agency\",\"potentialAction\":[{\"@type\":\"SearchAction\",\"target\":{\"@type\":\"EntryPoint\",\"urlTemplate\":\"https:\/\/qomunica.md\/?s={search_term_string}\"},\"query-input\":{\"@type\":\"PropertyValueSpecification\",\"valueRequired\":true,\"valueName\":\"search_term_string\"}}],\"inLanguage\":\"ro-RO\"}]}<\/script>\n<!-- \/ Yoast SEO plugin. -->","yoast_head_json":{"title":"Politica Cookies - Qomunica Lab","robots":{"index":"index","follow":"follow","max-snippet":"max-snippet:-1","max-image-preview":"max-image-preview:large","max-video-preview":"max-video-preview:-1"},"canonical":"https:\/\/qomunica.md\/ro\/politica-cookies\/","og_locale":"ro_RO","og_type":"article","og_title":"Politica Cookies - Qomunica Lab","og_description":"Politica Cookies Ultima actualizare: 4 Noiembrie 2025 Aceast\u0103 politic\u0103 explic\u0103 ce sunt cookies, ce tipuri folosim, pentru ce scopuri \u0219i cum \u00ee\u021bi [&hellip;]","og_url":"https:\/\/qomunica.md\/ro\/politica-cookies\/","og_site_name":"Qomunica Lab","article_modified_time":"2025-11-04T14:51:52+00:00","twitter_card":"summary_large_image","twitter_misc":{"Timp estimat pentru citire":"2 minute"},"schema":{"@context":"https:\/\/schema.org","@graph":[{"@type":"WebPage","@id":"https:\/\/qomunica.md\/politica-cookies\/","url":"https:\/\/qomunica.md\/politica-cookies\/","name":"Politica Cookies - Qomunica Lab","isPartOf":{"@id":"https:\/\/qomunica.md\/#website"},"datePublished":"2025-11-04T14:50:10+00:00","dateModified":"2025-11-04T14:51:52+00:00","breadcrumb":{"@id":"https:\/\/qomunica.md\/politica-cookies\/#breadcrumb"},"inLanguage":"ro-RO","potentialAction":[{"@type":"ReadAction","target":["https:\/\/qomunica.md\/politica-cookies\/"]}]},{"@type":"BreadcrumbList","@id":"https:\/\/qomunica.md\/politica-cookies\/#breadcrumb","itemListElement":[{"@type":"ListItem","position":1,"name":"Home","item":"https:\/\/qomunica.md\/"},{"@type":"ListItem","position":2,"name":"Politica Cookies"}]},{"@type":"WebSite","@id":"https:\/\/qomunica.md\/#website","url":"https:\/\/qomunica.md\/","name":"Qomunica Lab","description":"SEO Agency","potentialAction":[{"@type":"SearchAction","target":{"@type":"EntryPoint","urlTemplate":"https:\/\/qomunica.md\/?s={search_term_string}"},"query-input":{"@type":"PropertyValueSpecification","valueRequired":true,"valueName":"search_term_string"}}],"inLanguage":"ro-RO"}]}},"_links":{"self":[{"href":"https:\/\/qomunica.md\/ro\/wp-json\/wp\/v2\/pages\/5042","targetHints":{"allow":["GET"]}}],"collection":[{"href":"https:\/\/qomunica.md\/ro\/wp-json\/wp\/v2\/pages"}],"about":[{"href":"https:\/\/qomunica.md\/ro\/wp-json\/wp\/v2\/types\/page"}],"author":[{"embeddable":true,"href":"https:\/\/qomunica.md\/ro\/wp-json\/wp\/v2\/users\/1"}],"replies":[{"embeddable":true,"href":"https:\/\/qomunica.md\/ro\/wp-json\/wp\/v2\/comments?post=5042"}],"version-history":[{"count":4,"href":"https:\/\/qomunica.md\/ro\/wp-json\/wp\/v2\/pages\/5042\/revisions"}],"predecessor-version":[{"id":5046,"href":"https:\/\/qomunica.md\/ro\/wp-json\/wp\/v2\/pages\/5042\/revisions\/5046"}],"wp:attachment":[{"href":"https:\/\/qomunica.md\/ro\/wp-json\/wp\/v2\/media?parent=5042"}],"curies":[{"name":"wp","href":"https:\/\/api.w.org\/{rel}","templated":true}]}}