{"id":4589,"date":"2025-07-27T15:37:10","date_gmt":"2025-07-27T15:37:10","guid":{"rendered":"https:\/\/qomunica.md\/?page_id=4589"},"modified":"2025-07-27T16:59:49","modified_gmt":"2025-07-27T16:59:49","slug":"case-seo-fintech","status":"publish","type":"page","link":"https:\/\/qomunica.md\/ru\/portofoliu\/case-seo-fintech\/","title":{"rendered":"Studiu de caz &#8211; Client: NDA"},"content":{"rendered":"<div data-elementor-type=\"wp-page\" data-elementor-id=\"4589\" class=\"elementor elementor-4589\" data-elementor-settings=\"{&quot;element_pack_global_tooltip_width&quot;:{&quot;unit&quot;:&quot;px&quot;,&quot;size&quot;:&quot;&quot;,&quot;sizes&quot;:[]},&quot;element_pack_global_tooltip_width_tablet&quot;:{&quot;unit&quot;:&quot;px&quot;,&quot;size&quot;:&quot;&quot;,&quot;sizes&quot;:[]},&quot;element_pack_global_tooltip_width_mobile&quot;:{&quot;unit&quot;:&quot;px&quot;,&quot;size&quot;:&quot;&quot;,&quot;sizes&quot;:[]},&quot;element_pack_global_tooltip_padding&quot;:{&quot;unit&quot;:&quot;px&quot;,&quot;top&quot;:&quot;&quot;,&quot;right&quot;:&quot;&quot;,&quot;bottom&quot;:&quot;&quot;,&quot;left&quot;:&quot;&quot;,&quot;isLinked&quot;:true},&quot;element_pack_global_tooltip_padding_tablet&quot;:{&quot;unit&quot;:&quot;px&quot;,&quot;top&quot;:&quot;&quot;,&quot;right&quot;:&quot;&quot;,&quot;bottom&quot;:&quot;&quot;,&quot;left&quot;:&quot;&quot;,&quot;isLinked&quot;:true},&quot;element_pack_global_tooltip_padding_mobile&quot;:{&quot;unit&quot;:&quot;px&quot;,&quot;top&quot;:&quot;&quot;,&quot;right&quot;:&quot;&quot;,&quot;bottom&quot;:&quot;&quot;,&quot;left&quot;:&quot;&quot;,&quot;isLinked&quot;:true},&quot;element_pack_global_tooltip_border_radius&quot;:{&quot;unit&quot;:&quot;px&quot;,&quot;top&quot;:&quot;&quot;,&quot;right&quot;:&quot;&quot;,&quot;bottom&quot;:&quot;&quot;,&quot;left&quot;:&quot;&quot;,&quot;isLinked&quot;:true},&quot;element_pack_global_tooltip_border_radius_tablet&quot;:{&quot;unit&quot;:&quot;px&quot;,&quot;top&quot;:&quot;&quot;,&quot;right&quot;:&quot;&quot;,&quot;bottom&quot;:&quot;&quot;,&quot;left&quot;:&quot;&quot;,&quot;isLinked&quot;:true},&quot;element_pack_global_tooltip_border_radius_mobile&quot;:{&quot;unit&quot;:&quot;px&quot;,&quot;top&quot;:&quot;&quot;,&quot;right&quot;:&quot;&quot;,&quot;bottom&quot;:&quot;&quot;,&quot;left&quot;:&quot;&quot;,&quot;isLinked&quot;:true}}\" data-elementor-post-type=\"page\">\n\t\t\t\t<div class=\"elementor-element elementor-element-1389d6a e-flex e-con-boxed e-con e-parent\" data-id=\"1389d6a\" data-element_type=\"container\">\n\t\t\t\t\t<div class=\"e-con-inner\">\n\t\t\t\t<div class=\"elementor-element elementor-element-7bbfa9e elementor-widget elementor-widget-heading\" data-id=\"7bbfa9e\" data-element_type=\"widget\" data-widget_type=\"heading.default\">\n\t\t\t\t\t<h2 class=\"elementor-heading-title elementor-size-default\">+15.000 \u041e\u0440\u0433\u0430\u043d\u0438\u0447\u0435\u0441\u043a\u0438\u0445 \u043a\u043b\u0438\u043a\u043e\u0432 \u043c\u0435\u043d\u0435\u0435 \u0447\u0435\u043c \u0437\u0430 3 \u043c\u0435\u0441\u044f\u0446\u0430<\/h2>\t\t\t\t<\/div>\n\t\t<div class=\"elementor-element elementor-element-2277f89 e-con-full e-flex e-con e-child\" data-id=\"2277f89\" data-element_type=\"container\" data-settings=\"{&quot;background_background&quot;:&quot;classic&quot;}\">\n\t\t\t\t<div class=\"elementor-element elementor-element-40cae03 elementor-invisible elementor-widget elementor-widget-image\" data-id=\"40cae03\" data-element_type=\"widget\" data-settings=\"{&quot;_animation&quot;:&quot;fadeInUp&quot;,&quot;_animation_delay&quot;:&quot;1000&quot;}\" data-widget_type=\"image.default\">\n\t\t\t\t\t\t\t\t\t\t\t\t\t\t\t<img fetchpriority=\"high\" decoding=\"async\" width=\"1280\" height=\"625\" src=\"https:\/\/qomunica.md\/wp-content\/uploads\/2025\/07\/photo_2025-07-08-11.15.51-1.jpeg\" class=\"attachment-full size-full wp-image-4453\" alt=\"\" srcset=\"https:\/\/qomunica.md\/wp-content\/uploads\/2025\/07\/photo_2025-07-08-11.15.51-1.jpeg 1280w, https:\/\/qomunica.md\/wp-content\/uploads\/2025\/07\/photo_2025-07-08-11.15.51-1-300x146.jpeg 300w, https:\/\/qomunica.md\/wp-content\/uploads\/2025\/07\/photo_2025-07-08-11.15.51-1-1024x500.jpeg 1024w, https:\/\/qomunica.md\/wp-content\/uploads\/2025\/07\/photo_2025-07-08-11.15.51-1-768x375.jpeg 768w, https:\/\/qomunica.md\/wp-content\/uploads\/2025\/07\/photo_2025-07-08-11.15.51-1-18x9.jpeg 18w, https:\/\/qomunica.md\/wp-content\/uploads\/2025\/07\/photo_2025-07-08-11.15.51-1-650x317.jpeg 650w\" sizes=\"(max-width: 1280px) 100vw, 1280px\" \/>\t\t\t\t\t\t\t\t\t\t\t\t\t\t\t<\/div>\n\t\t\t\t<\/div>\n\t\t\t\t\t<\/div>\n\t\t\t\t<\/div>\n\t\t<div class=\"elementor-element elementor-element-ac70c1e e-flex e-con-boxed e-con e-parent\" data-id=\"ac70c1e\" data-element_type=\"container\">\n\t\t\t\t\t<div class=\"e-con-inner\">\n\t\t<div class=\"elementor-element elementor-element-89bff4a e-con-full e-flex e-con e-child\" data-id=\"89bff4a\" data-element_type=\"container\">\n\t\t<div class=\"elementor-element elementor-element-c6d427c e-con-full e-flex elementor-invisible e-con e-child\" data-id=\"c6d427c\" data-element_type=\"container\" data-settings=\"{&quot;animation&quot;:&quot;fadeInUp&quot;,&quot;animation_delay&quot;:&quot;900&quot;}\">\n\t\t<div class=\"elementor-element elementor-element-d9126d2 e-con-full e-flex e-con e-child\" data-id=\"d9126d2\" data-element_type=\"container\">\n\t\t\t\t<div class=\"elementor-element elementor-element-60b05ef elementor-widget elementor-widget-heading\" data-id=\"60b05ef\" data-element_type=\"widget\" data-widget_type=\"heading.default\">\n\t\t\t\t\t<h6 class=\"elementor-heading-title elementor-size-default\">\u041a\u043b\u0438\u0435\u043d\u0442<\/h6>\t\t\t\t<\/div>\n\t\t\t\t<div class=\"elementor-element elementor-element-bdbd200 elementor-widget elementor-widget-heading\" data-id=\"bdbd200\" data-element_type=\"widget\" data-widget_type=\"heading.default\">\n\t\t\t\t\t<h5 class=\"elementor-heading-title elementor-size-default\">NDA<\/h5>\t\t\t\t<\/div>\n\t\t\t\t<\/div>\n\t\t<div class=\"elementor-element elementor-element-7d97774 e-con-full e-flex e-con e-child\" data-id=\"7d97774\" data-element_type=\"container\">\n\t\t\t\t<div class=\"elementor-element elementor-element-7d9b617 elementor-widget elementor-widget-heading\" data-id=\"7d9b617\" data-element_type=\"widget\" data-widget_type=\"heading.default\">\n\t\t\t\t\t<h6 class=\"elementor-heading-title elementor-size-default\">\u041d\u0438\u0448\u0430<\/h6>\t\t\t\t<\/div>\n\t\t\t\t<div class=\"elementor-element elementor-element-f25943e elementor-widget elementor-widget-heading\" data-id=\"f25943e\" data-element_type=\"widget\" data-widget_type=\"heading.default\">\n\t\t\t\t\t<h5 class=\"elementor-heading-title elementor-size-default\">Fintech<\/h5>\t\t\t\t<\/div>\n\t\t\t\t<\/div>\n\t\t<div class=\"elementor-element elementor-element-a2e39e5 e-con-full e-flex e-con e-child\" data-id=\"a2e39e5\" data-element_type=\"container\">\n\t\t\t\t<div class=\"elementor-element elementor-element-5a3f9a1 elementor-widget elementor-widget-heading\" data-id=\"5a3f9a1\" data-element_type=\"widget\" data-widget_type=\"heading.default\">\n\t\t\t\t\t<h6 class=\"elementor-heading-title elementor-size-default\">\u0413\u043e\u0434<\/h6>\t\t\t\t<\/div>\n\t\t\t\t<div class=\"elementor-element elementor-element-de2c524 elementor-widget elementor-widget-heading\" data-id=\"de2c524\" data-element_type=\"widget\" data-widget_type=\"heading.default\">\n\t\t\t\t\t<h5 class=\"elementor-heading-title elementor-size-default\">2024<\/h5>\t\t\t\t<\/div>\n\t\t\t\t<\/div>\n\t\t\t\t<\/div>\n\t\t\t\t<\/div>\n\t\t\t\t\t<\/div>\n\t\t\t\t<\/div>\n\t\t<div class=\"elementor-element elementor-element-0acd5bd e-con-full e-flex e-con e-parent\" data-id=\"0acd5bd\" data-element_type=\"container\" data-settings=\"{&quot;uicore_onscroll_effect&quot;:&quot;sticky-scale-small&quot;}\">\n\t\t<div class=\"elementor-element elementor-element-871ecc3 e-flex e-con-boxed elementor-invisible e-con e-child\" data-id=\"871ecc3\" data-element_type=\"container\" data-settings=\"{&quot;background_background&quot;:&quot;gradient&quot;,&quot;animation&quot;:&quot;fadeInUp&quot;,&quot;animation_delay&quot;:&quot;160&quot;}\">\n\t\t\t\t\t<div class=\"e-con-inner\">\n\t\t<div class=\"elementor-element elementor-element-4566179 e-con-full e-flex e-con e-child\" data-id=\"4566179\" data-element_type=\"container\" data-settings=\"{&quot;background_background&quot;:&quot;classic&quot;}\">\n\t\t\t\t<div class=\"elementor-element elementor-element-69d2075 elementor-widget elementor-widget-heading\" data-id=\"69d2075\" data-element_type=\"widget\" data-widget_type=\"heading.default\">\n\t\t\t\t\t<h2 class=\"elementor-heading-title elementor-size-default\">\u0412\u044b\u0437\u043e\u0432<\/h2>\t\t\t\t<\/div>\n\t\t\t\t<div class=\"elementor-element elementor-element-66685c9 elementor-widget elementor-widget-text-editor\" data-id=\"66685c9\" data-element_type=\"widget\" data-widget_type=\"text-editor.default\">\n\t\t\t\t\t\t\t\t\t<p>\u041a\u043b\u0438\u0435\u043d\u0442 \u0440\u0430\u0431\u043e\u0442\u0430\u0435\u0442 \u0432 \u0432\u044b\u0441\u043e\u043a\u043e\u043a\u043e\u043d\u043a\u0443\u0440\u0435\u043d\u0442\u043d\u043e\u0439 \u043d\u0438\u0448\u0435 \u0441 \u043e\u0431\u0440\u0430\u0437\u043e\u0432\u0430\u043d\u043d\u043e\u0439 \u0430\u0443\u0434\u0438\u0442\u043e\u0440\u0438\u0435\u0439 \u0438 \u0432\u044b\u0440\u0430\u0436\u0435\u043d\u043d\u044b\u043c \u043a\u043e\u043c\u043c\u0435\u0440\u0447\u0435\u0441\u043a\u0438\u043c \u043d\u0430\u043c\u0435\u0440\u0435\u043d\u0438\u0435\u043c. \u0421\u0430\u0439\u0442 \u0431\u044b\u043b \u043d\u043e\u0432\u044b\u043c, \u0431\u0435\u0437 \u0434\u043e\u043c\u0435\u043d\u043d\u043e\u0433\u043e \u0430\u0432\u0442\u043e\u0440\u0438\u0442\u0435\u0442\u0430, \u0430 \u043e\u0441\u043d\u043e\u0432\u043d\u044b\u0435 \u0446\u0435\u043b\u0435\u0432\u044b\u0435 \u043a\u043b\u044e\u0447\u0435\u0432\u044b\u0435 \u0441\u043b\u043e\u0432\u0430 \u0443\u0436\u0435 \u0437\u0430\u043d\u0438\u043c\u0430\u043b\u0438 \u043c\u0435\u0436\u0434\u0443\u043d\u0430\u0440\u043e\u0434\u043d\u044b\u0435 \u0438\u0433\u0440\u043e\u043a\u0438 \u0438 \u043a\u0440\u0443\u043f\u043d\u044b\u0435 \u043c\u0435\u0434\u0438\u0430.<\/p><p><strong>\u0412\u044b\u0437\u043e\u0432<\/strong>: \u043a\u0430\u043a \u0434\u043e\u0431\u0438\u0442\u044c\u0441\u044f \u0443\u0441\u0442\u043e\u0439\u0447\u0438\u0432\u044b\u0445 \u043f\u043e\u0437\u0438\u0446\u0438\u0439 \u0431\u0435\u0437 \u043d\u0430\u0447\u0430\u043b\u044c\u043d\u043e\u0439 \u0430\u0432\u0442\u043e\u0440\u0438\u0442\u0435\u0442\u043d\u043e\u0441\u0442\u0438? \u041d\u0430\u0448\u0435 \u0440\u0435\u0448\u0435\u043d\u0438\u0435 - SEO-\u043d\u0430\u0441\u0442\u0443\u043f\u043b\u0435\u043d\u0438\u0435 \u0432 \u0442\u0440\u0451\u0445 \u043d\u0430\u043f\u0440\u0430\u0432\u043b\u0435\u043d\u0438\u044f\u0445: \u0441\u0442\u0440\u0443\u043a\u0442\u0443\u0440\u0430, \u043a\u043e\u043d\u0442\u0435\u043d\u0442 \u0438 \u0432\u043d\u0435\u0448\u043d\u044f\u044f \u0440\u0435\u043b\u0435\u0432\u0430\u043d\u0442\u043d\u043e\u0441\u0442\u044c.<\/p>\t\t\t\t\t\t\t\t<\/div>\n\t\t\t\t<\/div>\n\t\t\t\t\t<\/div>\n\t\t\t\t<\/div>\n\t\t<div class=\"elementor-element elementor-element-9513f2e e-flex e-con-boxed elementor-invisible e-con e-child\" data-id=\"9513f2e\" data-element_type=\"container\" data-settings=\"{&quot;background_background&quot;:&quot;gradient&quot;,&quot;animation&quot;:&quot;fadeInUp&quot;,&quot;animation_delay&quot;:&quot;160&quot;}\">\n\t\t\t\t\t<div class=\"e-con-inner\">\n\t\t<div class=\"elementor-element elementor-element-00ffaab e-con-full e-flex e-con e-child\" data-id=\"00ffaab\" data-element_type=\"container\">\n\t\t\t\t<div class=\"elementor-element elementor-element-11c5cb0 elementor-widget elementor-widget-heading\" data-id=\"11c5cb0\" data-element_type=\"widget\" data-widget_type=\"heading.default\">\n\t\t\t\t\t<h2 class=\"elementor-heading-title elementor-size-default\">\u0427\u0442\u043e \u043c\u044b \u0441\u0434\u0435\u043b\u0430\u043b\u0438?<\/h2>\t\t\t\t<\/div>\n\t\t\t\t<div class=\"elementor-element elementor-element-59cd729 elementor-widget elementor-widget-text-editor\" data-id=\"59cd729\" data-element_type=\"widget\" data-widget_type=\"text-editor.default\">\n\t\t\t\t\t\t\t\t\t<ul><li>\u0421\u0435\u043c\u0430\u043d\u0442\u0438\u0447\u0435\u0441\u043a\u043e\u0435 \u043c\u0430\u043f\u043f\u0438\u0440\u043e\u0432\u0430\u043d\u0438\u0435 \u043f\u043e 3 \u0443\u0440\u043e\u0432\u043d\u044f\u043c \u043d\u0430\u043c\u0435\u0440\u0435\u043d\u0438\u044f<\/li><li>SEO-\u0430\u0440\u0445\u0438\u0442\u0435\u043a\u0442\u0443\u0440\u0430: pillar, cluster, \u043b\u043e\u0433\u0438\u043a\u0430 \u0432\u043e\u0440\u043e\u043d\u043a\u0438<\/li><li>\u0422\u0435\u0445\u043d\u0438\u0447\u0435\u0441\u043a\u0430\u044f \u043e\u043f\u0442\u0438\u043c\u0438\u0437\u0430\u0446\u0438\u044f: canonical, URL, \u0438\u043d\u0434\u0435\u043a\u0441\u0430\u0446\u0438\u044f<\/li><li>Schema markup: \u0441\u0442\u0430\u0442\u044c\u0438, FAQ, breadcrumbs<\/li><li>E-E-A-T-\u043a\u043e\u043d\u0442\u0435\u043d\u0442 \u0441 \u0430\u0432\u0442\u043e\u0440\u0441\u043a\u043e\u0439 \u043f\u043e\u0434\u043f\u0438\u0441\u044c\u044e + \u043e\u0444\u0438\u0446\u0438\u0430\u043b\u044c\u043d\u044b\u0435 \u0438\u0441\u0442\u043e\u0447\u043d\u0438\u043a\u0438<\/li><li>\u041d\u0430\u0441\u0442\u0440\u043e\u0439\u043a\u0430 PageSpeed \u0438 Core Web Vitals<\/li><li>\u0421\u0438\u0441\u0442\u0435\u043c\u0430 \u043a\u0430\u0447\u0435\u0441\u0442\u0432\u0435\u043d\u043d\u044b\u0445 \u0431\u044d\u043a\u043b\u0438\u043d\u043a\u043e\u0432 \u0438\u0437 \u043f\u0440\u043e\u0444\u0438\u043b\u044c\u043d\u044b\u0445 \u043c\u0435\u0434\u0438\u0430<\/li><li>\u041f\u043e\u0441\u0442\u043e\u044f\u043d\u043d\u0430\u044f \u043e\u043f\u0442\u0438\u043c\u0438\u0437\u0430\u0446\u0438\u044f \u0447\u0435\u0440\u0435\u0437 GSC \u0438 Ahrefs\u00a0<\/li><\/ul>\t\t\t\t\t\t\t\t<\/div>\n\t\t\t\t<\/div>\n\t\t\t\t\t<\/div>\n\t\t\t\t<\/div>\n\t\t<div class=\"elementor-element elementor-element-d85c932 e-flex e-con-boxed elementor-invisible e-con e-child\" data-id=\"d85c932\" data-element_type=\"container\" data-settings=\"{&quot;background_background&quot;:&quot;gradient&quot;,&quot;animation&quot;:&quot;fadeInUp&quot;,&quot;animation_delay&quot;:&quot;160&quot;}\">\n\t\t\t\t\t<div class=\"e-con-inner\">\n\t\t<div class=\"elementor-element elementor-element-6aff75d e-con-full e-flex e-con e-child\" data-id=\"6aff75d\" data-element_type=\"container\">\n\t\t\t\t<div class=\"elementor-element elementor-element-8ac8647 elementor-widget elementor-widget-heading\" data-id=\"8ac8647\" data-element_type=\"widget\" data-widget_type=\"heading.default\">\n\t\t\t\t\t<h2 class=\"elementor-heading-title elementor-size-default\">\u041a\u0435\u0439\u0441\u044b<\/h2>\t\t\t\t<\/div>\n\t\t\t\t<div class=\"elementor-element elementor-element-23e8458 elementor-widget elementor-widget-text-editor\" data-id=\"23e8458\" data-element_type=\"widget\" data-widget_type=\"text-editor.default\">\n\t\t\t\t\t\t\t\t\t<ul><li>\u041a\u043b\u0438\u043a\u0438: 15.3K \u043c\u0435\u043d\u0435\u0435 \u0447\u0435\u043c \u0437\u0430 90 \u0434\u043d\u0435\u0439<\/li><li>\u041f\u043e\u043a\u0430\u0437\u044b: 210K<\/li><li>CTR: 7.3%<\/li><li>\u0421\u0440\u0435\u0434\u043d\u044f\u044f \u043f\u043e\u0437\u0438\u0446\u0438\u044f: 10 \u043f\u043e \u0432\u0441\u0435\u043c\u0443 \u043d\u0430\u0431\u043e\u0440\u0443 \u043e\u0442\u0441\u043b\u0435\u0436\u0438\u0432\u0430\u0435\u043c\u044b\u0445 \u043a\u043b\u044e\u0447\u0435\u0432\u044b\u0445 \u0441\u043b\u043e\u0432<\/li><\/ul><p>\u0421 \u043d\u0443\u043b\u044f \u0434\u043e \u0441\u0442\u0430\u0431\u0438\u043b\u044c\u043d\u043e\u0433\u043e \u0442\u0440\u0430\u0444\u0438\u043a\u0430 - \u043c\u0435\u043d\u0435\u0435 \u0447\u0435\u043c \u0437\u0430 3 \u043c\u0435\u0441\u044f\u0446\u0430. \u0411\u0435\u0437 \u0440\u0435\u043a\u043b\u0430\u043c\u044b, \u0431\u0435\u0437 \"\u0445\u0438\u0442\u0440\u043e\u0441\u0442\u0435\u0439\". \u0422\u043e\u043b\u044c\u043a\u043e \u0441\u0442\u0440\u0430\u0442\u0435\u0433\u0438\u0447\u0435\u0441\u043a\u043e\u0435 SEO, \u0432\u044b\u043f\u043e\u043b\u043d\u0435\u043d\u043d\u043e\u0435 \u0441\u0438\u0441\u0442\u0435\u043c\u043d\u043e.<\/p><p>\ud83d\udd35 \u0420\u043e\u0441\u0442 \u043f\u0440\u043e\u0434\u043e\u043b\u0436\u0430\u0435\u0442\u0441\u044f: \u0441\u0435\u0439\u0447\u0430\u0441 \u043c\u044b \u0440\u0430\u0441\u0448\u0438\u0440\u044f\u0435\u043c topic cluster \u0437\u0430 \u0441\u0447\u0451\u0442 long-tail \u0437\u0430\u043f\u0440\u043e\u0441\u043e\u0432 \u0438 \u0433\u043e\u0442\u043e\u0432\u0438\u043c \u0432\u043d\u0435\u0434\u0440\u0435\u043d\u0438\u0435 \u0438\u043d\u0442\u0435\u0440\u0430\u043a\u0442\u0438\u0432\u043d\u043e\u0433\u043e \u043a\u043e\u043d\u0442\u0435\u043d\u0442\u0430.<\/p><p>\ud83d\udcc8 Fintech - \u0441\u043b\u043e\u0436\u043d\u0430\u044f \u043d\u0438\u0448\u0430. \u041d\u043e \u043f\u0440\u0438 \u043f\u0440\u0430\u0432\u0438\u043b\u044c\u043d\u043e\u0439 \u0440\u0435\u0430\u043b\u0438\u0437\u0430\u0446\u0438\u0438 \u0440\u0435\u0437\u0443\u043b\u044c\u0442\u0430\u0442 \u0441\u0442\u0430\u043d\u043e\u0432\u0438\u0442\u0441\u044f \u043c\u0430\u0441\u0448\u0442\u0430\u0431\u0438\u0440\u0443\u0435\u043c\u044b\u043c. \u0418 \u044d\u0442\u043e - \u043d\u0430\u0433\u043b\u044f\u0434\u043d\u043e\u0435 \u043f\u043e\u0434\u0442\u0432\u0435\u0440\u0436\u0434\u0435\u043d\u0438\u0435.<\/p>\t\t\t\t\t\t\t\t<\/div>\n\t\t\t\t<\/div>\n\t\t\t\t\t<\/div>\n\t\t\t\t<\/div>\n\t\t\t\t<\/div>\n\t\t\t\t<\/div>","protected":false},"excerpt":{"rendered":"<p>+15.000 Clickuri Organice \u00een mai pu\u021bin de 3 luni Client NDA NI\u0218\u0102 Fintech AN 2024 Provocarea Clientul activeaz\u0103 \u00eentr-o ni\u0219\u0103 foarte competitiv\u0103, [&hellip;]<\/p>","protected":false},"author":1,"featured_media":0,"parent":4559,"menu_order":0,"comment_status":"closed","ping_status":"closed","template":"","meta":{"footnotes":""},"class_list":["post-4589","page","type-page","status-publish","hentry"],"yoast_head":"<!-- This site is optimized with the Yoast SEO plugin v25.4 - https:\/\/yoast.com\/wordpress\/plugins\/seo\/ -->\n<title>Studiu de caz - Client: NDA - Qomunica Lab<\/title>\n<meta name=\"robots\" content=\"index, follow, max-snippet:-1, max-image-preview:large, max-video-preview:-1\" \/>\n<link rel=\"canonical\" href=\"https:\/\/qomunica.md\/ru\/portofoliu\/case-seo-fintech\/\" \/>\n<meta property=\"og:locale\" content=\"ru_RU\" \/>\n<meta property=\"og:type\" content=\"article\" \/>\n<meta property=\"og:title\" content=\"Studiu de caz - Client: NDA - Qomunica Lab\" \/>\n<meta property=\"og:description\" content=\"+15.000 Clickuri Organice \u00een mai pu\u021bin de 3 luni Client NDA NI\u0218\u0102 Fintech AN 2024 Provocarea Clientul activeaz\u0103 \u00eentr-o ni\u0219\u0103 foarte competitiv\u0103, [&hellip;]\" \/>\n<meta property=\"og:url\" content=\"https:\/\/qomunica.md\/ru\/portofoliu\/case-seo-fintech\/\" \/>\n<meta property=\"og:site_name\" content=\"Qomunica Lab\" \/>\n<meta property=\"article:modified_time\" content=\"2025-07-27T16:59:49+00:00\" \/>\n<meta property=\"og:image\" content=\"https:\/\/qomunica.md\/wp-content\/uploads\/2025\/07\/photo_2025-07-08-11.15.51-1.jpeg\" \/>\n\t<meta property=\"og:image:width\" content=\"1280\" \/>\n\t<meta property=\"og:image:height\" content=\"625\" \/>\n\t<meta property=\"og:image:type\" content=\"image\/jpeg\" \/>\n<meta name=\"twitter:card\" content=\"summary_large_image\" \/>\n<meta name=\"twitter:label1\" content=\"\u041f\u0440\u0438\u043c\u0435\u0440\u043d\u043e\u0435 \u0432\u0440\u0435\u043c\u044f \u0434\u043b\u044f \u0447\u0442\u0435\u043d\u0438\u044f\" \/>\n\t<meta name=\"twitter:data1\" content=\"1 \u043c\u0438\u043d\u0443\u0442\u0430\" \/>\n<script type=\"application\/ld+json\" class=\"yoast-schema-graph\">{\"@context\":\"https:\/\/schema.org\",\"@graph\":[{\"@type\":\"WebPage\",\"@id\":\"https:\/\/qomunica.md\/portofoliu\/case-seo-fintech\/\",\"url\":\"https:\/\/qomunica.md\/portofoliu\/case-seo-fintech\/\",\"name\":\"Studiu de caz - Client: NDA - Qomunica Lab\",\"isPartOf\":{\"@id\":\"https:\/\/qomunica.md\/#website\"},\"primaryImageOfPage\":{\"@id\":\"https:\/\/qomunica.md\/portofoliu\/case-seo-fintech\/#primaryimage\"},\"image\":{\"@id\":\"https:\/\/qomunica.md\/portofoliu\/case-seo-fintech\/#primaryimage\"},\"thumbnailUrl\":\"https:\/\/qomunica.md\/wp-content\/uploads\/2025\/07\/photo_2025-07-08-11.15.51-1.jpeg\",\"datePublished\":\"2025-07-27T15:37:10+00:00\",\"dateModified\":\"2025-07-27T16:59:49+00:00\",\"breadcrumb\":{\"@id\":\"https:\/\/qomunica.md\/portofoliu\/case-seo-fintech\/#breadcrumb\"},\"inLanguage\":\"ru-RU\",\"potentialAction\":[{\"@type\":\"ReadAction\",\"target\":[\"https:\/\/qomunica.md\/portofoliu\/case-seo-fintech\/\"]}]},{\"@type\":\"ImageObject\",\"inLanguage\":\"ru-RU\",\"@id\":\"https:\/\/qomunica.md\/portofoliu\/case-seo-fintech\/#primaryimage\",\"url\":\"https:\/\/qomunica.md\/wp-content\/uploads\/2025\/07\/photo_2025-07-08-11.15.51-1.jpeg\",\"contentUrl\":\"https:\/\/qomunica.md\/wp-content\/uploads\/2025\/07\/photo_2025-07-08-11.15.51-1.jpeg\"},{\"@type\":\"BreadcrumbList\",\"@id\":\"https:\/\/qomunica.md\/portofoliu\/case-seo-fintech\/#breadcrumb\",\"itemListElement\":[{\"@type\":\"ListItem\",\"position\":1,\"name\":\"Home\",\"item\":\"https:\/\/qomunica.md\/\"},{\"@type\":\"ListItem\",\"position\":2,\"name\":\"Portofoliu\",\"item\":\"https:\/\/qomunica.md\/portofoliu\/\"},{\"@type\":\"ListItem\",\"position\":3,\"name\":\"Studiu de caz &#8211; Client: NDA\"}]},{\"@type\":\"WebSite\",\"@id\":\"https:\/\/qomunica.md\/#website\",\"url\":\"https:\/\/qomunica.md\/\",\"name\":\"Qomunica Lab\",\"description\":\"SEO Agency\",\"potentialAction\":[{\"@type\":\"SearchAction\",\"target\":{\"@type\":\"EntryPoint\",\"urlTemplate\":\"https:\/\/qomunica.md\/?s={search_term_string}\"},\"query-input\":{\"@type\":\"PropertyValueSpecification\",\"valueRequired\":true,\"valueName\":\"search_term_string\"}}],\"inLanguage\":\"ru-RU\"}]}<\/script>\n<!-- \/ Yoast SEO plugin. -->","yoast_head_json":{"title":"Studiu de caz - Client: NDA - Qomunica Lab","robots":{"index":"index","follow":"follow","max-snippet":"max-snippet:-1","max-image-preview":"max-image-preview:large","max-video-preview":"max-video-preview:-1"},"canonical":"https:\/\/qomunica.md\/ru\/portofoliu\/case-seo-fintech\/","og_locale":"ru_RU","og_type":"article","og_title":"Studiu de caz - Client: NDA - Qomunica Lab","og_description":"+15.000 Clickuri Organice \u00een mai pu\u021bin de 3 luni Client NDA NI\u0218\u0102 Fintech AN 2024 Provocarea Clientul activeaz\u0103 \u00eentr-o ni\u0219\u0103 foarte competitiv\u0103, [&hellip;]","og_url":"https:\/\/qomunica.md\/ru\/portofoliu\/case-seo-fintech\/","og_site_name":"Qomunica Lab","article_modified_time":"2025-07-27T16:59:49+00:00","og_image":[{"width":1280,"height":625,"url":"https:\/\/qomunica.md\/wp-content\/uploads\/2025\/07\/photo_2025-07-08-11.15.51-1.jpeg","type":"image\/jpeg"}],"twitter_card":"summary_large_image","twitter_misc":{"\u041f\u0440\u0438\u043c\u0435\u0440\u043d\u043e\u0435 \u0432\u0440\u0435\u043c\u044f \u0434\u043b\u044f \u0447\u0442\u0435\u043d\u0438\u044f":"1 \u043c\u0438\u043d\u0443\u0442\u0430"},"schema":{"@context":"https:\/\/schema.org","@graph":[{"@type":"WebPage","@id":"https:\/\/qomunica.md\/portofoliu\/case-seo-fintech\/","url":"https:\/\/qomunica.md\/portofoliu\/case-seo-fintech\/","name":"Studiu de caz - Client: NDA - Qomunica Lab","isPartOf":{"@id":"https:\/\/qomunica.md\/#website"},"primaryImageOfPage":{"@id":"https:\/\/qomunica.md\/portofoliu\/case-seo-fintech\/#primaryimage"},"image":{"@id":"https:\/\/qomunica.md\/portofoliu\/case-seo-fintech\/#primaryimage"},"thumbnailUrl":"https:\/\/qomunica.md\/wp-content\/uploads\/2025\/07\/photo_2025-07-08-11.15.51-1.jpeg","datePublished":"2025-07-27T15:37:10+00:00","dateModified":"2025-07-27T16:59:49+00:00","breadcrumb":{"@id":"https:\/\/qomunica.md\/portofoliu\/case-seo-fintech\/#breadcrumb"},"inLanguage":"ru-RU","potentialAction":[{"@type":"ReadAction","target":["https:\/\/qomunica.md\/portofoliu\/case-seo-fintech\/"]}]},{"@type":"ImageObject","inLanguage":"ru-RU","@id":"https:\/\/qomunica.md\/portofoliu\/case-seo-fintech\/#primaryimage","url":"https:\/\/qomunica.md\/wp-content\/uploads\/2025\/07\/photo_2025-07-08-11.15.51-1.jpeg","contentUrl":"https:\/\/qomunica.md\/wp-content\/uploads\/2025\/07\/photo_2025-07-08-11.15.51-1.jpeg"},{"@type":"BreadcrumbList","@id":"https:\/\/qomunica.md\/portofoliu\/case-seo-fintech\/#breadcrumb","itemListElement":[{"@type":"ListItem","position":1,"name":"Home","item":"https:\/\/qomunica.md\/"},{"@type":"ListItem","position":2,"name":"Portofoliu","item":"https:\/\/qomunica.md\/portofoliu\/"},{"@type":"ListItem","position":3,"name":"Studiu de caz &#8211; Client: NDA"}]},{"@type":"WebSite","@id":"https:\/\/qomunica.md\/#website","url":"https:\/\/qomunica.md\/","name":"Qomunica Lab","description":"SEO Agency","potentialAction":[{"@type":"SearchAction","target":{"@type":"EntryPoint","urlTemplate":"https:\/\/qomunica.md\/?s={search_term_string}"},"query-input":{"@type":"PropertyValueSpecification","valueRequired":true,"valueName":"search_term_string"}}],"inLanguage":"ru-RU"}]}},"_links":{"self":[{"href":"https:\/\/qomunica.md\/ru\/wp-json\/wp\/v2\/pages\/4589","targetHints":{"allow":["GET"]}}],"collection":[{"href":"https:\/\/qomunica.md\/ru\/wp-json\/wp\/v2\/pages"}],"about":[{"href":"https:\/\/qomunica.md\/ru\/wp-json\/wp\/v2\/types\/page"}],"author":[{"embeddable":true,"href":"https:\/\/qomunica.md\/ru\/wp-json\/wp\/v2\/users\/1"}],"replies":[{"embeddable":true,"href":"https:\/\/qomunica.md\/ru\/wp-json\/wp\/v2\/comments?post=4589"}],"version-history":[{"count":9,"href":"https:\/\/qomunica.md\/ru\/wp-json\/wp\/v2\/pages\/4589\/revisions"}],"predecessor-version":[{"id":4722,"href":"https:\/\/qomunica.md\/ru\/wp-json\/wp\/v2\/pages\/4589\/revisions\/4722"}],"up":[{"embeddable":true,"href":"https:\/\/qomunica.md\/ru\/wp-json\/wp\/v2\/pages\/4559"}],"wp:attachment":[{"href":"https:\/\/qomunica.md\/ru\/wp-json\/wp\/v2\/media?parent=4589"}],"curies":[{"name":"wp","href":"https:\/\/api.w.org\/{rel}","templated":true}]}}