{"id":4590,"date":"2025-07-27T15:37:04","date_gmt":"2025-07-27T15:37:04","guid":{"rendered":"https:\/\/qomunica.md\/?page_id=4590"},"modified":"2025-07-27T16:59:56","modified_gmt":"2025-07-27T16:59:56","slug":"case-seo-horeca","status":"publish","type":"page","link":"https:\/\/qomunica.md\/ru\/portofoliu\/case-seo-horeca\/","title":{"rendered":"Studiu de caz &#8211; Client: Belfix"},"content":{"rendered":"<div data-elementor-type=\"wp-page\" data-elementor-id=\"4590\" class=\"elementor elementor-4590\" data-elementor-settings=\"{&quot;element_pack_global_tooltip_width&quot;:{&quot;unit&quot;:&quot;px&quot;,&quot;size&quot;:&quot;&quot;,&quot;sizes&quot;:[]},&quot;element_pack_global_tooltip_width_tablet&quot;:{&quot;unit&quot;:&quot;px&quot;,&quot;size&quot;:&quot;&quot;,&quot;sizes&quot;:[]},&quot;element_pack_global_tooltip_width_mobile&quot;:{&quot;unit&quot;:&quot;px&quot;,&quot;size&quot;:&quot;&quot;,&quot;sizes&quot;:[]},&quot;element_pack_global_tooltip_padding&quot;:{&quot;unit&quot;:&quot;px&quot;,&quot;top&quot;:&quot;&quot;,&quot;right&quot;:&quot;&quot;,&quot;bottom&quot;:&quot;&quot;,&quot;left&quot;:&quot;&quot;,&quot;isLinked&quot;:true},&quot;element_pack_global_tooltip_padding_tablet&quot;:{&quot;unit&quot;:&quot;px&quot;,&quot;top&quot;:&quot;&quot;,&quot;right&quot;:&quot;&quot;,&quot;bottom&quot;:&quot;&quot;,&quot;left&quot;:&quot;&quot;,&quot;isLinked&quot;:true},&quot;element_pack_global_tooltip_padding_mobile&quot;:{&quot;unit&quot;:&quot;px&quot;,&quot;top&quot;:&quot;&quot;,&quot;right&quot;:&quot;&quot;,&quot;bottom&quot;:&quot;&quot;,&quot;left&quot;:&quot;&quot;,&quot;isLinked&quot;:true},&quot;element_pack_global_tooltip_border_radius&quot;:{&quot;unit&quot;:&quot;px&quot;,&quot;top&quot;:&quot;&quot;,&quot;right&quot;:&quot;&quot;,&quot;bottom&quot;:&quot;&quot;,&quot;left&quot;:&quot;&quot;,&quot;isLinked&quot;:true},&quot;element_pack_global_tooltip_border_radius_tablet&quot;:{&quot;unit&quot;:&quot;px&quot;,&quot;top&quot;:&quot;&quot;,&quot;right&quot;:&quot;&quot;,&quot;bottom&quot;:&quot;&quot;,&quot;left&quot;:&quot;&quot;,&quot;isLinked&quot;:true},&quot;element_pack_global_tooltip_border_radius_mobile&quot;:{&quot;unit&quot;:&quot;px&quot;,&quot;top&quot;:&quot;&quot;,&quot;right&quot;:&quot;&quot;,&quot;bottom&quot;:&quot;&quot;,&quot;left&quot;:&quot;&quot;,&quot;isLinked&quot;:true}}\" data-elementor-post-type=\"page\">\n\t\t\t\t<div class=\"elementor-element elementor-element-caae073 e-flex e-con-boxed e-con e-parent\" data-id=\"caae073\" data-element_type=\"container\">\n\t\t\t\t\t<div class=\"e-con-inner\">\n\t\t\t\t<div class=\"elementor-element elementor-element-88ef83a elementor-widget elementor-widget-heading\" data-id=\"88ef83a\" data-element_type=\"widget\" data-widget_type=\"heading.default\">\n\t\t\t\t\t<h2 class=\"elementor-heading-title elementor-size-default\">+5.700 \u041e\u0440\u0433\u0430\u043d\u0438\u0447\u0435\u0441\u043a\u0438\u0445 \u043a\u043b\u0438\u043a\u043e\u0432 \u0437\u0430 4 \u043c\u0435\u0441\u044f\u0446\u0430<\/h2>\t\t\t\t<\/div>\n\t\t<div class=\"elementor-element elementor-element-d8a5ed3 e-con-full e-flex e-con e-child\" data-id=\"d8a5ed3\" data-element_type=\"container\" data-settings=\"{&quot;background_background&quot;:&quot;classic&quot;}\">\n\t\t\t\t<div class=\"elementor-element elementor-element-4494902 elementor-invisible elementor-widget elementor-widget-image\" data-id=\"4494902\" data-element_type=\"widget\" data-settings=\"{&quot;_animation&quot;:&quot;fadeInUp&quot;,&quot;_animation_delay&quot;:&quot;1000&quot;}\" data-widget_type=\"image.default\">\n\t\t\t\t\t\t\t\t\t\t\t\t\t\t\t<img fetchpriority=\"high\" decoding=\"async\" width=\"2048\" height=\"998\" src=\"https:\/\/qomunica.md\/wp-content\/uploads\/2025\/07\/Screenshot-2025-07-08-at-11.29.20-2048x998-1.png\" class=\"attachment-full size-full wp-image-4443\" alt=\"\" srcset=\"https:\/\/qomunica.md\/wp-content\/uploads\/2025\/07\/Screenshot-2025-07-08-at-11.29.20-2048x998-1.png 2048w, https:\/\/qomunica.md\/wp-content\/uploads\/2025\/07\/Screenshot-2025-07-08-at-11.29.20-2048x998-1-300x146.png 300w, https:\/\/qomunica.md\/wp-content\/uploads\/2025\/07\/Screenshot-2025-07-08-at-11.29.20-2048x998-1-1024x499.png 1024w, https:\/\/qomunica.md\/wp-content\/uploads\/2025\/07\/Screenshot-2025-07-08-at-11.29.20-2048x998-1-768x374.png 768w, https:\/\/qomunica.md\/wp-content\/uploads\/2025\/07\/Screenshot-2025-07-08-at-11.29.20-2048x998-1-1536x749.png 1536w, https:\/\/qomunica.md\/wp-content\/uploads\/2025\/07\/Screenshot-2025-07-08-at-11.29.20-2048x998-1-18x9.png 18w, https:\/\/qomunica.md\/wp-content\/uploads\/2025\/07\/Screenshot-2025-07-08-at-11.29.20-2048x998-1-650x317.png 650w\" sizes=\"(max-width: 2048px) 100vw, 2048px\" \/>\t\t\t\t\t\t\t\t\t\t\t\t\t\t\t<\/div>\n\t\t\t\t<\/div>\n\t\t\t\t\t<\/div>\n\t\t\t\t<\/div>\n\t\t<div class=\"elementor-element elementor-element-1b184c8 e-flex e-con-boxed e-con e-parent\" data-id=\"1b184c8\" data-element_type=\"container\">\n\t\t\t\t\t<div class=\"e-con-inner\">\n\t\t<div class=\"elementor-element elementor-element-8ee653c e-con-full e-flex e-con e-child\" data-id=\"8ee653c\" data-element_type=\"container\">\n\t\t<div class=\"elementor-element elementor-element-1a21f11 e-con-full e-flex elementor-invisible e-con e-child\" data-id=\"1a21f11\" data-element_type=\"container\" data-settings=\"{&quot;animation&quot;:&quot;fadeInUp&quot;,&quot;animation_delay&quot;:&quot;900&quot;}\">\n\t\t<div class=\"elementor-element elementor-element-f7bf2ec e-con-full e-flex e-con e-child\" data-id=\"f7bf2ec\" data-element_type=\"container\">\n\t\t\t\t<div class=\"elementor-element elementor-element-97eb24f elementor-widget elementor-widget-heading\" data-id=\"97eb24f\" data-element_type=\"widget\" data-widget_type=\"heading.default\">\n\t\t\t\t\t<h6 class=\"elementor-heading-title elementor-size-default\">\u041a\u043b\u0438\u0435\u043d\u0442<\/h6>\t\t\t\t<\/div>\n\t\t\t\t<div class=\"elementor-element elementor-element-5bd05a7 elementor-widget elementor-widget-heading\" data-id=\"5bd05a7\" data-element_type=\"widget\" data-widget_type=\"heading.default\">\n\t\t\t\t\t<h5 class=\"elementor-heading-title elementor-size-default\">Belfix<\/h5>\t\t\t\t<\/div>\n\t\t\t\t<\/div>\n\t\t<div class=\"elementor-element elementor-element-f682dc7 e-con-full e-flex e-con e-child\" data-id=\"f682dc7\" data-element_type=\"container\">\n\t\t\t\t<div class=\"elementor-element elementor-element-aca44a0 elementor-widget elementor-widget-heading\" data-id=\"aca44a0\" data-element_type=\"widget\" data-widget_type=\"heading.default\">\n\t\t\t\t\t<h6 class=\"elementor-heading-title elementor-size-default\">\u041d\u0438\u0448\u0430<\/h6>\t\t\t\t<\/div>\n\t\t\t\t<div class=\"elementor-element elementor-element-b4773fd elementor-widget elementor-widget-heading\" data-id=\"b4773fd\" data-element_type=\"widget\" data-widget_type=\"heading.default\">\n\t\t\t\t\t<h5 class=\"elementor-heading-title elementor-size-default\">\u041e\u0431\u043e\u0440\u0443\u0434\u043e\u0432\u0430\u043d\u0438\u0435 HoReCa<\/h5>\t\t\t\t<\/div>\n\t\t\t\t<\/div>\n\t\t<div class=\"elementor-element elementor-element-5682e69 e-con-full e-flex e-con e-child\" data-id=\"5682e69\" data-element_type=\"container\">\n\t\t\t\t<div class=\"elementor-element elementor-element-b89464b elementor-widget elementor-widget-heading\" data-id=\"b89464b\" data-element_type=\"widget\" data-widget_type=\"heading.default\">\n\t\t\t\t\t<h6 class=\"elementor-heading-title elementor-size-default\">\u0413\u043e\u0434<\/h6>\t\t\t\t<\/div>\n\t\t\t\t<div class=\"elementor-element elementor-element-4a5fe94 elementor-widget elementor-widget-heading\" data-id=\"4a5fe94\" data-element_type=\"widget\" data-widget_type=\"heading.default\">\n\t\t\t\t\t<h5 class=\"elementor-heading-title elementor-size-default\">2024<\/h5>\t\t\t\t<\/div>\n\t\t\t\t<\/div>\n\t\t\t\t<\/div>\n\t\t\t\t<\/div>\n\t\t\t\t\t<\/div>\n\t\t\t\t<\/div>\n\t\t<div class=\"elementor-element elementor-element-7e96ceb e-con-full e-flex e-con e-parent\" data-id=\"7e96ceb\" data-element_type=\"container\" data-settings=\"{&quot;uicore_onscroll_effect&quot;:&quot;sticky-scale-small&quot;}\">\n\t\t<div class=\"elementor-element elementor-element-60408fc e-flex e-con-boxed elementor-invisible e-con e-child\" data-id=\"60408fc\" data-element_type=\"container\" data-settings=\"{&quot;background_background&quot;:&quot;gradient&quot;,&quot;animation&quot;:&quot;fadeInUp&quot;,&quot;animation_delay&quot;:&quot;160&quot;}\">\n\t\t\t\t\t<div class=\"e-con-inner\">\n\t\t<div class=\"elementor-element elementor-element-c1741fb e-con-full e-flex e-con e-child\" data-id=\"c1741fb\" data-element_type=\"container\" data-settings=\"{&quot;background_background&quot;:&quot;classic&quot;}\">\n\t\t\t\t<div class=\"elementor-element elementor-element-028a414 elementor-widget elementor-widget-heading\" data-id=\"028a414\" data-element_type=\"widget\" data-widget_type=\"heading.default\">\n\t\t\t\t\t<h2 class=\"elementor-heading-title elementor-size-default\">\u0412\u044b\u0437\u043e\u0432<\/h2>\t\t\t\t<\/div>\n\t\t\t\t<div class=\"elementor-element elementor-element-b7f766e elementor-widget elementor-widget-text-editor\" data-id=\"b7f766e\" data-element_type=\"widget\" data-widget_type=\"text-editor.default\">\n\t\t\t\t\t\t\t\t\t<p>\u041a\u043b\u0438\u0435\u043d\u0442 \u0440\u0430\u0431\u043e\u0442\u0430\u0435\u0442 \u0432 \u0443\u0437\u043a\u043e\u0439 \u043d\u0438\u0448\u0435 - \u043e\u0431\u043e\u0440\u0443\u0434\u043e\u0432\u0430\u043d\u0438\u0435 \u0434\u043b\u044f \u0440\u0435\u0441\u0442\u043e\u0440\u0430\u043d\u043e\u0432, \u043e\u0442\u0435\u043b\u0435\u0439 \u0438 \u043f\u0440\u043e\u0444\u0435\u0441\u0441\u0438\u043e\u043d\u0430\u043b\u044c\u043d\u044b\u0445 \u043a\u0443\u0445\u043e\u043d\u044c. \u041a\u043e\u043d\u043a\u0443\u0440\u0435\u043d\u0446\u0438\u044f \u0432\u044b\u0441\u043e\u043a\u0430\u044f, \u043e\u0431\u044a\u0451\u043c\u044b \u0441\u043f\u0440\u043e\u0441\u0430 \u0442\u043e\u0447\u0435\u0447\u043d\u044b\u0435, \u0430 \u0430\u0443\u0434\u0438\u0442\u043e\u0440\u0438\u044f \u043c\u0430\u043a\u0441\u0438\u043c\u0430\u043b\u044c\u043d\u043e \u043f\u0440\u0430\u0433\u043c\u0430\u0442\u0438\u0447\u043d\u0430\u044f: \u043f\u0440\u0435\u0434\u043f\u0440\u0438\u043d\u0438\u043c\u0430\u0442\u0435\u043b\u0438, \u043a\u043e\u0442\u043e\u0440\u044b\u043c \u0432\u0430\u0436\u043d\u044b \u0446\u0438\u0444\u0440\u044b, \u043d\u0430\u0434\u0451\u0436\u043d\u043e\u0441\u0442\u044c \u0438 \u044d\u0444\u0444\u0435\u043a\u0442\u0438\u0432\u043d\u043e\u0441\u0442\u044c, \u0430 \u043d\u0435 \u0432\u0438\u0437\u0443\u0430\u043b\u044c\u043d\u044b\u0435 \u044d\u0444\u0444\u0435\u043a\u0442\u044b. \u041d\u0430 \u0441\u0442\u0430\u0440\u0442\u0435 \u0441\u0430\u0439\u0442 \u0438\u043c\u0435\u043b \u0441\u043a\u0440\u043e\u043c\u043d\u044b\u0439 \u0442\u0440\u0430\u0444\u0438\u043a, \u0444\u0440\u0430\u0433\u043c\u0435\u043d\u0442\u0438\u0440\u043e\u0432\u0430\u043d\u043d\u0443\u044e \u0441\u0442\u0440\u0443\u043a\u0442\u0443\u0440\u0443 \u0438 \u043f\u043e\u043b\u043d\u043e\u0441\u0442\u044c\u044e \u043e\u0442\u0441\u0443\u0442\u0441\u0442\u0432\u0443\u044e\u0449\u0438\u0439 SEO-\u043e\u043f\u0442\u0438\u043c\u0438\u0437\u0438\u0440\u043e\u0432\u0430\u043d\u043d\u044b\u0439 \u043a\u043e\u043d\u0442\u0435\u043d\u0442. \u041f\u043e\u0442\u0435\u043d\u0446\u0438\u0430\u043b \u0431\u044b\u043b, \u043d\u043e \u0441\u0438\u0441\u0442\u0435\u043c\u0430 \u043d\u0435 \u0440\u0430\u0431\u043e\u0442\u0430\u043b\u0430 \u043a\u0430\u043a \u0435\u0434\u0438\u043d\u044b\u0439 \u043c\u0435\u0445\u0430\u043d\u0438\u0437\u043c.<\/p><p>\u00a0<\/p>\t\t\t\t\t\t\t\t<\/div>\n\t\t\t\t<\/div>\n\t\t\t\t\t<\/div>\n\t\t\t\t<\/div>\n\t\t<div class=\"elementor-element elementor-element-f852869 e-flex e-con-boxed elementor-invisible e-con e-child\" data-id=\"f852869\" data-element_type=\"container\" data-settings=\"{&quot;background_background&quot;:&quot;gradient&quot;,&quot;animation&quot;:&quot;fadeInUp&quot;,&quot;animation_delay&quot;:&quot;160&quot;}\">\n\t\t\t\t\t<div class=\"e-con-inner\">\n\t\t<div class=\"elementor-element elementor-element-1aead2a e-con-full e-flex e-con e-child\" data-id=\"1aead2a\" data-element_type=\"container\">\n\t\t\t\t<div class=\"elementor-element elementor-element-79350b3 elementor-widget elementor-widget-heading\" data-id=\"79350b3\" data-element_type=\"widget\" data-widget_type=\"heading.default\">\n\t\t\t\t\t<h2 class=\"elementor-heading-title elementor-size-default\">\u0427\u0442\u043e \u043c\u044b \u0441\u0434\u0435\u043b\u0430\u043b\u0438?<\/h2>\t\t\t\t<\/div>\n\t\t\t\t<div class=\"elementor-element elementor-element-d5bb696 elementor-widget elementor-widget-text-editor\" data-id=\"d5bb696\" data-element_type=\"widget\" data-widget_type=\"text-editor.default\">\n\t\t\t\t\t\t\t\t\t<ul><li>SEO gap-\u0430\u043d\u0430\u043b\u0438\u0437: \u0432\u044b\u044f\u0432\u0438\u043b\u0438 \u043e\u0442\u0441\u0442\u0430\u0432\u0430\u043d\u0438\u044f \u043f\u043e \u0441\u0440\u0430\u0432\u043d\u0435\u043d\u0438\u044e \u0441 \u043a\u043e\u043d\u043a\u0443\u0440\u0435\u043d\u0442\u0430\u043c\u0438<\/li><li>Keyword research \u0441 \u0444\u043e\u043a\u0443\u0441\u043e\u043c \u043d\u0430 \u043a\u043e\u043c\u043c\u0435\u0440\u0447\u0435\u0441\u043a\u0438\u0435 \u0438\u043d\u0442\u0435\u043d\u0442\u044b<\/li><li>\u041f\u0435\u0440\u0435\u0441\u0442\u0440\u043e\u0435\u043d\u0430 \u0441\u0442\u0440\u0443\u043a\u0442\u0443\u0440\u0430: \u043a\u0430\u0442\u0435\u0433\u043e\u0440\u0438\u0438 + \u0446\u0435\u043b\u0435\u0432\u044b\u0435 landing-\u0441\u0442\u0440\u0430\u043d\u0438\u0446\u044b<\/li><li>\u0422\u0435\u0445\u043d\u0438\u0447\u0435\u0441\u043a\u0438\u0439 \u043a\u043e\u043f\u0438\u0440\u0430\u0439\u0442\u0438\u043d\u0433 + \u0447\u0451\u0442\u043a\u0438\u0435 CTA \u043d\u0430 \u043a\u043b\u044e\u0447\u0435\u0432\u044b\u0445 \u0441\u0442\u0440\u0430\u043d\u0438\u0446\u0430\u0445<\/li><li>\u041c\u0435\u0442\u0430-\u0442\u0435\u0433\u0438 \u043e\u043f\u0442\u0438\u043c\u0438\u0437\u0438\u0440\u043e\u0432\u0430\u043d\u044b \u0434\u043b\u044f \u0440\u043e\u0441\u0442\u0430 CTR \u0438 rich snippets<\/li><li>\u041f\u043e\u0434\u0434\u0435\u0440\u0436\u0438\u0432\u0430\u044e\u0449\u0438\u0435 \u0441\u0442\u0430\u0442\u044c\u0438 \u0441 \u043f\u0440\u0430\u043a\u0442\u0438\u0447\u0435\u0441\u043a\u043e\u0439 \u0446\u0435\u043d\u043d\u043e\u0441\u0442\u044c\u044e \u0434\u043b\u044f \u0430\u0443\u0434\u0438\u0442\u043e\u0440\u0438\u0438<\/li><li>\u041a\u043e\u043d\u0442\u0435\u043a\u0441\u0442\u043d\u044b\u0439 interlinking \u0441 \u0430\u043a\u0446\u0435\u043d\u0442\u043e\u043c \u043d\u0430 \u043a\u043e\u043c\u043c\u0435\u0440\u0447\u0435\u0441\u043a\u0438\u0435 \u0441\u0442\u0440\u0430\u043d\u0438\u0446\u044b\u00a0<\/li><\/ul>\t\t\t\t\t\t\t\t<\/div>\n\t\t\t\t<\/div>\n\t\t\t\t\t<\/div>\n\t\t\t\t<\/div>\n\t\t<div class=\"elementor-element elementor-element-b4a0bc3 e-flex e-con-boxed elementor-invisible e-con e-child\" data-id=\"b4a0bc3\" data-element_type=\"container\" data-settings=\"{&quot;background_background&quot;:&quot;gradient&quot;,&quot;animation&quot;:&quot;fadeInUp&quot;,&quot;animation_delay&quot;:&quot;160&quot;}\">\n\t\t\t\t\t<div class=\"e-con-inner\">\n\t\t<div class=\"elementor-element elementor-element-5966447 e-con-full e-flex e-con e-child\" data-id=\"5966447\" data-element_type=\"container\">\n\t\t\t\t<div class=\"elementor-element elementor-element-8da1c2c elementor-widget elementor-widget-heading\" data-id=\"8da1c2c\" data-element_type=\"widget\" data-widget_type=\"heading.default\">\n\t\t\t\t\t<h2 class=\"elementor-heading-title elementor-size-default\">\u041a\u0435\u0439\u0441\u044b<\/h2>\t\t\t\t<\/div>\n\t\t\t\t<div class=\"elementor-element elementor-element-6905457 elementor-widget elementor-widget-text-editor\" data-id=\"6905457\" data-element_type=\"widget\" data-widget_type=\"text-editor.default\">\n\t\t\t\t\t\t\t\t\t<p>\u0410\u043d\u0430\u043b\u0438\u0437\u0438\u0440\u0443\u0435\u043c\u044b\u0439 \u043f\u0435\u0440\u0438\u043e\u0434: 08.03.2024 \u2013 17.09.2024 vs. 25.09.2024 \u2013 17.03.2025<\/p><ul><li>\u041a\u043b\u0438\u043a\u0438: 13.9K \u2192 18.2K<\/li><li>\u041f\u043e\u043a\u0430\u0437\u044b: 665K \u2192 845K<\/li><li>CTR: 2.1% \u2192 4.5%<\/li><li>\u0421\u0440\u0435\u0434\u043d\u044f\u044f \u043f\u043e\u0437\u0438\u0446\u0438\u044f: 19.1 \u2192 7.7<\/li><\/ul><p>\u041f\u043e\u0434\u0442\u0432\u0435\u0440\u0436\u0434\u0451\u043d\u043d\u044b\u0439 \u0440\u043e\u0441\u0442 \u0432 GSC: +5.700 \u0434\u043e\u043f\u043e\u043b\u043d\u0438\u0442\u0435\u043b\u044c\u043d\u044b\u0445 \u043a\u043b\u0438\u043a\u043e\u0432, \u043f\u043e\u0447\u0442\u0438 \u0434\u0432\u0443\u043a\u0440\u0430\u0442\u043d\u044b\u0439 \u0440\u043e\u0441\u0442 CTR \u0438 \u0437\u0430\u043c\u0435\u0442\u043d\u043e\u0435 \u0443\u043b\u0443\u0447\u0448\u0435\u043d\u0438\u0435 \u043f\u043e\u0437\u0438\u0446\u0438\u0439 \u043f\u043e \u0441\u0442\u0440\u0430\u043d\u0438\u0446\u0430\u043c \u0441 \u043a\u043e\u043c\u043c\u0435\u0440\u0447\u0435\u0441\u043a\u0438\u043c \u0438\u043d\u0442\u0435\u043d\u0442\u043e\u043c.<\/p><p>\u041c\u044b \u043f\u0440\u0435\u0432\u0440\u0430\u0442\u0438\u043b\u0438 \u0441\u0430\u0439\u0442 \u0441 \"\u043e\u043a \u043f\u0440\u0438\u0441\u0443\u0442\u0441\u0442\u0432\u0438\u0435\u043c\" \u0432 \u043f\u043e\u043b\u043d\u043e\u0446\u0435\u043d\u043d\u044b\u0439 \u043a\u0430\u043d\u0430\u043b \u043f\u0440\u0438\u0432\u043b\u0435\u0447\u0435\u043d\u0438\u044f - \u0441 \u043a\u0432\u0430\u043b\u0438\u0444\u0438\u0446\u0438\u0440\u043e\u0432\u0430\u043d\u043d\u044b\u043c \u0442\u0440\u0430\u0444\u0438\u043a\u043e\u043c \u0438 \u0447\u0451\u0442\u043a\u043e \u0432\u044b\u0441\u0442\u0440\u043e\u0435\u043d\u043d\u044b\u043c funnel \u0434\u043b\u044f \u043b\u0438\u0434\u043e\u0432 \u0438 \u0437\u0430\u043a\u0430\u0437\u043e\u0432.<\/p><p>\ud83d\udd35 \u0420\u0430\u0431\u043e\u0442\u0430 \u043f\u0440\u043e\u0434\u043e\u043b\u0436\u0430\u0435\u0442\u0441\u044f: \u0441\u0435\u0439\u0447\u0430\u0441 \u0442\u0435\u0441\u0442\u0438\u0440\u0443\u0435\u043c \u0441\u0442\u0440\u0430\u0442\u0435\u0433\u0438\u044e \u0432\u0438\u0434\u0435\u043e\u043a\u043e\u043d\u0442\u0435\u043d\u0442\u0430 \u0438 \u0438\u043d\u0442\u0435\u0433\u0440\u0430\u0446\u0438\u044e \u0441 Google Merchant Center \u0434\u043b\u044f \u043c\u0430\u043a\u0441\u0438\u043c\u0430\u043b\u044c\u043d\u043e\u0433\u043e \u043e\u0445\u0432\u0430\u0442\u0430 \u0438 \u0443\u0441\u0438\u043b\u0435\u043d\u0438\u044f \u0432\u0438\u0434\u0438\u043c\u043e\u0441\u0442\u0438 \u0432 \u0432\u044b\u0434\u0430\u0447\u0435.<\/p>\t\t\t\t\t\t\t\t<\/div>\n\t\t\t\t<\/div>\n\t\t\t\t\t<\/div>\n\t\t\t\t<\/div>\n\t\t\t\t<\/div>\n\t\t\t\t<\/div>","protected":false},"excerpt":{"rendered":"<p>+5.700 Clickuri Organice \u00een 4 luni Client Belfix NI\u0218\u0102 Echipamente HoReCa AN 2024 Provocarea Clientul activeaz\u0103 \u00eentr-o pia\u021b\u0103 de ni\u0219\u0103 \u2014 echipamente [&hellip;]<\/p>","protected":false},"author":1,"featured_media":0,"parent":4559,"menu_order":0,"comment_status":"closed","ping_status":"closed","template":"","meta":{"footnotes":""},"class_list":["post-4590","page","type-page","status-publish","hentry"],"yoast_head":"<!-- This site is optimized with the Yoast SEO plugin v25.4 - https:\/\/yoast.com\/wordpress\/plugins\/seo\/ -->\n<title>Studiu de caz - Client: Belfix - Qomunica Lab<\/title>\n<meta name=\"robots\" content=\"index, follow, max-snippet:-1, max-image-preview:large, max-video-preview:-1\" \/>\n<link rel=\"canonical\" href=\"https:\/\/qomunica.md\/ru\/portofoliu\/case-seo-horeca\/\" \/>\n<meta property=\"og:locale\" content=\"ru_RU\" \/>\n<meta property=\"og:type\" content=\"article\" \/>\n<meta property=\"og:title\" content=\"Studiu de caz - Client: Belfix - Qomunica Lab\" \/>\n<meta property=\"og:description\" content=\"+5.700 Clickuri Organice \u00een 4 luni Client Belfix NI\u0218\u0102 Echipamente HoReCa AN 2024 Provocarea Clientul activeaz\u0103 \u00eentr-o pia\u021b\u0103 de ni\u0219\u0103 \u2014 echipamente [&hellip;]\" \/>\n<meta property=\"og:url\" content=\"https:\/\/qomunica.md\/ru\/portofoliu\/case-seo-horeca\/\" \/>\n<meta property=\"og:site_name\" content=\"Qomunica Lab\" \/>\n<meta property=\"article:modified_time\" content=\"2025-07-27T16:59:56+00:00\" \/>\n<meta property=\"og:image\" content=\"https:\/\/qomunica.md\/wp-content\/uploads\/2025\/07\/Screenshot-2025-07-08-at-11.29.20-2048x998-1.png\" \/>\n\t<meta property=\"og:image:width\" content=\"2048\" \/>\n\t<meta property=\"og:image:height\" content=\"998\" \/>\n\t<meta property=\"og:image:type\" content=\"image\/png\" \/>\n<meta name=\"twitter:card\" content=\"summary_large_image\" \/>\n<meta name=\"twitter:label1\" content=\"\u041f\u0440\u0438\u043c\u0435\u0440\u043d\u043e\u0435 \u0432\u0440\u0435\u043c\u044f \u0434\u043b\u044f \u0447\u0442\u0435\u043d\u0438\u044f\" \/>\n\t<meta name=\"twitter:data1\" content=\"1 \u043c\u0438\u043d\u0443\u0442\u0430\" \/>\n<script type=\"application\/ld+json\" class=\"yoast-schema-graph\">{\"@context\":\"https:\/\/schema.org\",\"@graph\":[{\"@type\":\"WebPage\",\"@id\":\"https:\/\/qomunica.md\/portofoliu\/case-seo-horeca\/\",\"url\":\"https:\/\/qomunica.md\/portofoliu\/case-seo-horeca\/\",\"name\":\"Studiu de caz - Client: Belfix - Qomunica Lab\",\"isPartOf\":{\"@id\":\"https:\/\/qomunica.md\/#website\"},\"primaryImageOfPage\":{\"@id\":\"https:\/\/qomunica.md\/portofoliu\/case-seo-horeca\/#primaryimage\"},\"image\":{\"@id\":\"https:\/\/qomunica.md\/portofoliu\/case-seo-horeca\/#primaryimage\"},\"thumbnailUrl\":\"https:\/\/qomunica.md\/wp-content\/uploads\/2025\/07\/Screenshot-2025-07-08-at-11.29.20-2048x998-1.png\",\"datePublished\":\"2025-07-27T15:37:04+00:00\",\"dateModified\":\"2025-07-27T16:59:56+00:00\",\"breadcrumb\":{\"@id\":\"https:\/\/qomunica.md\/portofoliu\/case-seo-horeca\/#breadcrumb\"},\"inLanguage\":\"ru-RU\",\"potentialAction\":[{\"@type\":\"ReadAction\",\"target\":[\"https:\/\/qomunica.md\/portofoliu\/case-seo-horeca\/\"]}]},{\"@type\":\"ImageObject\",\"inLanguage\":\"ru-RU\",\"@id\":\"https:\/\/qomunica.md\/portofoliu\/case-seo-horeca\/#primaryimage\",\"url\":\"https:\/\/qomunica.md\/wp-content\/uploads\/2025\/07\/Screenshot-2025-07-08-at-11.29.20-2048x998-1.png\",\"contentUrl\":\"https:\/\/qomunica.md\/wp-content\/uploads\/2025\/07\/Screenshot-2025-07-08-at-11.29.20-2048x998-1.png\"},{\"@type\":\"BreadcrumbList\",\"@id\":\"https:\/\/qomunica.md\/portofoliu\/case-seo-horeca\/#breadcrumb\",\"itemListElement\":[{\"@type\":\"ListItem\",\"position\":1,\"name\":\"Home\",\"item\":\"https:\/\/qomunica.md\/\"},{\"@type\":\"ListItem\",\"position\":2,\"name\":\"Portofoliu\",\"item\":\"https:\/\/qomunica.md\/portofoliu\/\"},{\"@type\":\"ListItem\",\"position\":3,\"name\":\"Studiu de caz &#8211; Client: Belfix\"}]},{\"@type\":\"WebSite\",\"@id\":\"https:\/\/qomunica.md\/#website\",\"url\":\"https:\/\/qomunica.md\/\",\"name\":\"Qomunica Lab\",\"description\":\"SEO Agency\",\"potentialAction\":[{\"@type\":\"SearchAction\",\"target\":{\"@type\":\"EntryPoint\",\"urlTemplate\":\"https:\/\/qomunica.md\/?s={search_term_string}\"},\"query-input\":{\"@type\":\"PropertyValueSpecification\",\"valueRequired\":true,\"valueName\":\"search_term_string\"}}],\"inLanguage\":\"ru-RU\"}]}<\/script>\n<!-- \/ Yoast SEO plugin. -->","yoast_head_json":{"title":"Studiu de caz - Client: Belfix - Qomunica Lab","robots":{"index":"index","follow":"follow","max-snippet":"max-snippet:-1","max-image-preview":"max-image-preview:large","max-video-preview":"max-video-preview:-1"},"canonical":"https:\/\/qomunica.md\/ru\/portofoliu\/case-seo-horeca\/","og_locale":"ru_RU","og_type":"article","og_title":"Studiu de caz - Client: Belfix - Qomunica Lab","og_description":"+5.700 Clickuri Organice \u00een 4 luni Client Belfix NI\u0218\u0102 Echipamente HoReCa AN 2024 Provocarea Clientul activeaz\u0103 \u00eentr-o pia\u021b\u0103 de ni\u0219\u0103 \u2014 echipamente [&hellip;]","og_url":"https:\/\/qomunica.md\/ru\/portofoliu\/case-seo-horeca\/","og_site_name":"Qomunica Lab","article_modified_time":"2025-07-27T16:59:56+00:00","og_image":[{"width":2048,"height":998,"url":"https:\/\/qomunica.md\/wp-content\/uploads\/2025\/07\/Screenshot-2025-07-08-at-11.29.20-2048x998-1.png","type":"image\/png"}],"twitter_card":"summary_large_image","twitter_misc":{"\u041f\u0440\u0438\u043c\u0435\u0440\u043d\u043e\u0435 \u0432\u0440\u0435\u043c\u044f \u0434\u043b\u044f \u0447\u0442\u0435\u043d\u0438\u044f":"1 \u043c\u0438\u043d\u0443\u0442\u0430"},"schema":{"@context":"https:\/\/schema.org","@graph":[{"@type":"WebPage","@id":"https:\/\/qomunica.md\/portofoliu\/case-seo-horeca\/","url":"https:\/\/qomunica.md\/portofoliu\/case-seo-horeca\/","name":"Studiu de caz - Client: Belfix - Qomunica Lab","isPartOf":{"@id":"https:\/\/qomunica.md\/#website"},"primaryImageOfPage":{"@id":"https:\/\/qomunica.md\/portofoliu\/case-seo-horeca\/#primaryimage"},"image":{"@id":"https:\/\/qomunica.md\/portofoliu\/case-seo-horeca\/#primaryimage"},"thumbnailUrl":"https:\/\/qomunica.md\/wp-content\/uploads\/2025\/07\/Screenshot-2025-07-08-at-11.29.20-2048x998-1.png","datePublished":"2025-07-27T15:37:04+00:00","dateModified":"2025-07-27T16:59:56+00:00","breadcrumb":{"@id":"https:\/\/qomunica.md\/portofoliu\/case-seo-horeca\/#breadcrumb"},"inLanguage":"ru-RU","potentialAction":[{"@type":"ReadAction","target":["https:\/\/qomunica.md\/portofoliu\/case-seo-horeca\/"]}]},{"@type":"ImageObject","inLanguage":"ru-RU","@id":"https:\/\/qomunica.md\/portofoliu\/case-seo-horeca\/#primaryimage","url":"https:\/\/qomunica.md\/wp-content\/uploads\/2025\/07\/Screenshot-2025-07-08-at-11.29.20-2048x998-1.png","contentUrl":"https:\/\/qomunica.md\/wp-content\/uploads\/2025\/07\/Screenshot-2025-07-08-at-11.29.20-2048x998-1.png"},{"@type":"BreadcrumbList","@id":"https:\/\/qomunica.md\/portofoliu\/case-seo-horeca\/#breadcrumb","itemListElement":[{"@type":"ListItem","position":1,"name":"Home","item":"https:\/\/qomunica.md\/"},{"@type":"ListItem","position":2,"name":"Portofoliu","item":"https:\/\/qomunica.md\/portofoliu\/"},{"@type":"ListItem","position":3,"name":"Studiu de caz &#8211; Client: Belfix"}]},{"@type":"WebSite","@id":"https:\/\/qomunica.md\/#website","url":"https:\/\/qomunica.md\/","name":"Qomunica Lab","description":"SEO Agency","potentialAction":[{"@type":"SearchAction","target":{"@type":"EntryPoint","urlTemplate":"https:\/\/qomunica.md\/?s={search_term_string}"},"query-input":{"@type":"PropertyValueSpecification","valueRequired":true,"valueName":"search_term_string"}}],"inLanguage":"ru-RU"}]}},"_links":{"self":[{"href":"https:\/\/qomunica.md\/ru\/wp-json\/wp\/v2\/pages\/4590","targetHints":{"allow":["GET"]}}],"collection":[{"href":"https:\/\/qomunica.md\/ru\/wp-json\/wp\/v2\/pages"}],"about":[{"href":"https:\/\/qomunica.md\/ru\/wp-json\/wp\/v2\/types\/page"}],"author":[{"embeddable":true,"href":"https:\/\/qomunica.md\/ru\/wp-json\/wp\/v2\/users\/1"}],"replies":[{"embeddable":true,"href":"https:\/\/qomunica.md\/ru\/wp-json\/wp\/v2\/comments?post=4590"}],"version-history":[{"count":8,"href":"https:\/\/qomunica.md\/ru\/wp-json\/wp\/v2\/pages\/4590\/revisions"}],"predecessor-version":[{"id":4723,"href":"https:\/\/qomunica.md\/ru\/wp-json\/wp\/v2\/pages\/4590\/revisions\/4723"}],"up":[{"embeddable":true,"href":"https:\/\/qomunica.md\/ru\/wp-json\/wp\/v2\/pages\/4559"}],"wp:attachment":[{"href":"https:\/\/qomunica.md\/ru\/wp-json\/wp\/v2\/media?parent=4590"}],"curies":[{"name":"wp","href":"https:\/\/api.w.org\/{rel}","templated":true}]}}