{"id":4601,"date":"2025-07-27T15:38:04","date_gmt":"2025-07-27T15:38:04","guid":{"rendered":"https:\/\/qomunica.md\/?page_id=4601"},"modified":"2025-07-27T16:59:15","modified_gmt":"2025-07-27T16:59:15","slug":"case-creare-site-imou","status":"publish","type":"page","link":"https:\/\/qomunica.md\/ru\/portofoliu\/case-creare-site-imou\/","title":{"rendered":"Studiu de caz &#8211; Client: Imou.md"},"content":{"rendered":"<div data-elementor-type=\"wp-page\" data-elementor-id=\"4601\" class=\"elementor elementor-4601\" data-elementor-settings=\"{&quot;element_pack_global_tooltip_width&quot;:{&quot;unit&quot;:&quot;px&quot;,&quot;size&quot;:&quot;&quot;,&quot;sizes&quot;:[]},&quot;element_pack_global_tooltip_width_tablet&quot;:{&quot;unit&quot;:&quot;px&quot;,&quot;size&quot;:&quot;&quot;,&quot;sizes&quot;:[]},&quot;element_pack_global_tooltip_width_mobile&quot;:{&quot;unit&quot;:&quot;px&quot;,&quot;size&quot;:&quot;&quot;,&quot;sizes&quot;:[]},&quot;element_pack_global_tooltip_padding&quot;:{&quot;unit&quot;:&quot;px&quot;,&quot;top&quot;:&quot;&quot;,&quot;right&quot;:&quot;&quot;,&quot;bottom&quot;:&quot;&quot;,&quot;left&quot;:&quot;&quot;,&quot;isLinked&quot;:true},&quot;element_pack_global_tooltip_padding_tablet&quot;:{&quot;unit&quot;:&quot;px&quot;,&quot;top&quot;:&quot;&quot;,&quot;right&quot;:&quot;&quot;,&quot;bottom&quot;:&quot;&quot;,&quot;left&quot;:&quot;&quot;,&quot;isLinked&quot;:true},&quot;element_pack_global_tooltip_padding_mobile&quot;:{&quot;unit&quot;:&quot;px&quot;,&quot;top&quot;:&quot;&quot;,&quot;right&quot;:&quot;&quot;,&quot;bottom&quot;:&quot;&quot;,&quot;left&quot;:&quot;&quot;,&quot;isLinked&quot;:true},&quot;element_pack_global_tooltip_border_radius&quot;:{&quot;unit&quot;:&quot;px&quot;,&quot;top&quot;:&quot;&quot;,&quot;right&quot;:&quot;&quot;,&quot;bottom&quot;:&quot;&quot;,&quot;left&quot;:&quot;&quot;,&quot;isLinked&quot;:true},&quot;element_pack_global_tooltip_border_radius_tablet&quot;:{&quot;unit&quot;:&quot;px&quot;,&quot;top&quot;:&quot;&quot;,&quot;right&quot;:&quot;&quot;,&quot;bottom&quot;:&quot;&quot;,&quot;left&quot;:&quot;&quot;,&quot;isLinked&quot;:true},&quot;element_pack_global_tooltip_border_radius_mobile&quot;:{&quot;unit&quot;:&quot;px&quot;,&quot;top&quot;:&quot;&quot;,&quot;right&quot;:&quot;&quot;,&quot;bottom&quot;:&quot;&quot;,&quot;left&quot;:&quot;&quot;,&quot;isLinked&quot;:true}}\" data-elementor-post-type=\"page\">\n\t\t\t\t<div class=\"elementor-element elementor-element-e3dc6b0 e-flex e-con-boxed e-con e-parent\" data-id=\"e3dc6b0\" data-element_type=\"container\">\n\t\t\t\t\t<div class=\"e-con-inner\">\n\t\t\t\t<div class=\"elementor-element elementor-element-15ed68b elementor-widget-mobile__width-inherit ui-e-a-animate elementor-invisible elementor-widget elementor-widget-highlighted-text\" data-id=\"15ed68b\" data-element_type=\"widget\" data-settings=\"{&quot;_animation&quot;:&quot;fadeInUp&quot;,&quot;_animation_delay&quot;:500}\" data-widget_type=\"highlighted-text.default\">\n\t\t\t\t\t\t\t<h1 class=\"ui-e--highlighted-text\">\n\t\t\t<span class=\"ui-e-headline-text elementor-repeater-item-114b631\">imou.md:<\/span><span class=\"ui-e-headline-text elementor-repeater-item-c439197 ui-e-headline-color\">\n\t\t\t\t\t\t\t\t\t<span class=\"whitespace\"><\/span>\n                                    <span>\n                                        <span class=\"ui-e-headline-text ui-e-headline-highlighted\">\u0418\u043d\u0442\u0435\u0440\u043d\u0435\u0442-\u043c\u0430\u0433\u0430\u0437\u0438\u043d \u0441 \u0447\u0451\u0442\u043a\u043e\u0439 \u0430\u0440\u0445\u0438\u0442\u0435\u043a\u0442\u0443\u0440\u043e\u0439<\/span><span class=\"uicore-svg-wrapper\"><svg xmlns=\"http:\/\/www.w3.org\/2000\/svg\" viewbox=\"0 0 500 150\" preserveaspectratio=\"none\"><\/svg><\/span><\/span> <span class=\"whitespace\"> <\/span><\/span>\t\t<\/h1>\n\t\t\t\t\t<\/div>\n\t\t<div class=\"elementor-element elementor-element-85dfe6e e-con-full e-flex e-con e-child\" data-id=\"85dfe6e\" data-element_type=\"container\" data-settings=\"{&quot;background_background&quot;:&quot;classic&quot;}\">\n\t\t\t\t<div class=\"elementor-element elementor-element-3fc0ab5 elementor-invisible elementor-widget elementor-widget-image\" data-id=\"3fc0ab5\" data-element_type=\"widget\" data-settings=\"{&quot;_animation&quot;:&quot;fadeInUp&quot;,&quot;_animation_delay&quot;:&quot;1000&quot;}\" data-widget_type=\"image.default\">\n\t\t\t\t\t\t\t\t\t\t\t\t\t\t\t<img fetchpriority=\"high\" decoding=\"async\" width=\"1238\" height=\"844\" src=\"https:\/\/qomunica.md\/wp-content\/uploads\/2025\/07\/8-4-1.webp\" class=\"attachment-full size-full wp-image-4523\" alt=\"\" srcset=\"https:\/\/qomunica.md\/wp-content\/uploads\/2025\/07\/8-4-1.webp 1238w, https:\/\/qomunica.md\/wp-content\/uploads\/2025\/07\/8-4-1-300x205.webp 300w, https:\/\/qomunica.md\/wp-content\/uploads\/2025\/07\/8-4-1-1024x698.webp 1024w, https:\/\/qomunica.md\/wp-content\/uploads\/2025\/07\/8-4-1-768x524.webp 768w, https:\/\/qomunica.md\/wp-content\/uploads\/2025\/07\/8-4-1-18x12.webp 18w, https:\/\/qomunica.md\/wp-content\/uploads\/2025\/07\/8-4-1-650x443.webp 650w\" sizes=\"(max-width: 1238px) 100vw, 1238px\" \/>\t\t\t\t\t\t\t\t\t\t\t\t\t\t\t<\/div>\n\t\t\t\t<\/div>\n\t\t\t\t\t<\/div>\n\t\t\t\t<\/div>\n\t\t<div class=\"elementor-element elementor-element-0efacaa e-flex e-con-boxed e-con e-parent\" data-id=\"0efacaa\" data-element_type=\"container\">\n\t\t\t\t\t<div class=\"e-con-inner\">\n\t\t<div class=\"elementor-element elementor-element-fb11bea e-con-full e-flex e-con e-child\" data-id=\"fb11bea\" data-element_type=\"container\">\n\t\t<div class=\"elementor-element elementor-element-3020318 e-con-full e-flex elementor-invisible e-con e-child\" data-id=\"3020318\" data-element_type=\"container\" data-settings=\"{&quot;animation&quot;:&quot;fadeInUp&quot;,&quot;animation_delay&quot;:&quot;900&quot;}\">\n\t\t<div class=\"elementor-element elementor-element-f6d4e67 e-con-full e-flex e-con e-child\" data-id=\"f6d4e67\" data-element_type=\"container\">\n\t\t\t\t<div class=\"elementor-element elementor-element-cde1f61 elementor-widget elementor-widget-heading\" data-id=\"cde1f61\" data-element_type=\"widget\" data-widget_type=\"heading.default\">\n\t\t\t\t\t<h6 class=\"elementor-heading-title elementor-size-default\">\u041a\u043b\u0438\u0435\u043d\u0442<\/h6>\t\t\t\t<\/div>\n\t\t\t\t<div class=\"elementor-element elementor-element-0df58c6 elementor-widget elementor-widget-heading\" data-id=\"0df58c6\" data-element_type=\"widget\" data-widget_type=\"heading.default\">\n\t\t\t\t\t<h5 class=\"elementor-heading-title elementor-size-default\">Imou<\/h5>\t\t\t\t<\/div>\n\t\t\t\t<\/div>\n\t\t<div class=\"elementor-element elementor-element-e0d9344 e-con-full e-flex e-con e-child\" data-id=\"e0d9344\" data-element_type=\"container\">\n\t\t\t\t<div class=\"elementor-element elementor-element-6c35670 elementor-widget elementor-widget-heading\" data-id=\"6c35670\" data-element_type=\"widget\" data-widget_type=\"heading.default\">\n\t\t\t\t\t<h6 class=\"elementor-heading-title elementor-size-default\">\u0421\u0441\u044b\u043b\u043a\u0430<\/h6>\t\t\t\t<\/div>\n\t\t\t\t<div class=\"elementor-element elementor-element-67dc35d elementor-widget elementor-widget-heading\" data-id=\"67dc35d\" data-element_type=\"widget\" data-widget_type=\"heading.default\">\n\t\t\t\t\t<h5 class=\"elementor-heading-title elementor-size-default\"><a href=\"https:\/\/imou.md\/\" target=\"_blank\" rel=\"nofollow\">imou.md<\/a><\/h5>\t\t\t\t<\/div>\n\t\t\t\t<\/div>\n\t\t<div class=\"elementor-element elementor-element-57a316b e-con-full e-flex e-con e-child\" data-id=\"57a316b\" data-element_type=\"container\">\n\t\t\t\t<div class=\"elementor-element elementor-element-d528e9c elementor-widget elementor-widget-heading\" data-id=\"d528e9c\" data-element_type=\"widget\" data-widget_type=\"heading.default\">\n\t\t\t\t\t<h6 class=\"elementor-heading-title elementor-size-default\">\u0413\u043e\u0434<\/h6>\t\t\t\t<\/div>\n\t\t\t\t<div class=\"elementor-element elementor-element-cd6f709 elementor-widget elementor-widget-heading\" data-id=\"cd6f709\" data-element_type=\"widget\" data-widget_type=\"heading.default\">\n\t\t\t\t\t<h5 class=\"elementor-heading-title elementor-size-default\">2024<\/h5>\t\t\t\t<\/div>\n\t\t\t\t<\/div>\n\t\t\t\t<\/div>\n\t\t\t\t<\/div>\n\t\t\t\t\t<\/div>\n\t\t\t\t<\/div>\n\t\t<div class=\"elementor-element elementor-element-730be51 e-con-full e-flex e-con e-parent\" data-id=\"730be51\" data-element_type=\"container\" data-settings=\"{&quot;uicore_onscroll_effect&quot;:&quot;sticky-scale-small&quot;}\">\n\t\t<div class=\"elementor-element elementor-element-002437c e-flex e-con-boxed elementor-invisible e-con e-child\" data-id=\"002437c\" data-element_type=\"container\" data-settings=\"{&quot;background_background&quot;:&quot;gradient&quot;,&quot;animation&quot;:&quot;fadeInUp&quot;,&quot;animation_delay&quot;:&quot;160&quot;}\">\n\t\t\t\t\t<div class=\"e-con-inner\">\n\t\t<div class=\"elementor-element elementor-element-2bad68b e-con-full e-flex e-con e-child\" data-id=\"2bad68b\" data-element_type=\"container\" data-settings=\"{&quot;background_background&quot;:&quot;classic&quot;}\">\n\t\t\t\t<div class=\"elementor-element elementor-element-050e945 elementor-widget elementor-widget-heading\" data-id=\"050e945\" data-element_type=\"widget\" data-widget_type=\"heading.default\">\n\t\t\t\t\t<h2 class=\"elementor-heading-title elementor-size-default\">\u0412\u044b\u0437\u043e\u0432<\/h2>\t\t\t\t<\/div>\n\t\t\t\t<div class=\"elementor-element elementor-element-a8240b0 elementor-widget elementor-widget-text-editor\" data-id=\"a8240b0\" data-element_type=\"widget\" data-widget_type=\"text-editor.default\">\n\t\t\t\t\t\t\t\t\t<p>\u041a\u043b\u0438\u0435\u043d\u0442\u0443 \u043d\u0443\u0436\u043d\u0430 \u0431\u044b\u043b\u0430 \u0441\u0442\u0430\u0431\u0438\u043b\u044c\u043d\u0430\u044f \u043f\u043b\u0430\u0442\u0444\u043e\u0440\u043c\u0430, \u043a\u043e\u0442\u043e\u0440\u0430\u044f \u043e\u0442\u0440\u0430\u0436\u0430\u0435\u0442 \u043d\u0430\u0434\u0451\u0436\u043d\u043e\u0441\u0442\u044c \u0431\u0440\u0435\u043d\u0434\u0430 Imou \u0438 \u043f\u043e\u0437\u0432\u043e\u043b\u044f\u0435\u0442 \u0440\u0430\u0441\u0448\u0438\u0440\u044f\u0442\u044c\u0441\u044f \u043f\u043e \u043d\u0430\u043f\u0440\u0430\u0432\u043b\u0435\u043d\u0438\u044f\u043c (\u0430\u043a\u0441\u0435\u0441\u0441\u0443\u0430\u0440\u044b, \u043f\u043e\u0434\u0434\u0435\u0440\u0436\u043a\u0430, \u0431\u0443\u0434\u0443\u0449\u0438\u0435 \u0438\u043d\u0442\u0435\u0433\u0440\u0430\u0446\u0438\u0438). \u0422\u0440\u0435\u0431\u043e\u0432\u0430\u043d\u0438\u044f \u0432\u043a\u043b\u044e\u0447\u0430\u043b\u0438: \u043f\u0440\u043e\u0434\u0432\u0438\u043d\u0443\u0442\u044b\u0435 \u0444\u0438\u043b\u044c\u0442\u0440\u044b, \u0438\u043d\u0442\u0435\u0433\u0440\u0430\u0446\u0438\u044e \u0441 \u043b\u043e\u043a\u0430\u043b\u044c\u043d\u044b\u043c\u0438 \u043f\u043b\u0430\u0442\u0451\u0436\u043d\u044b\u043c\u0438 \u0441\u0438\u0441\u0442\u0435\u043c\u0430\u043c\u0438, SEO-ready \u0441\u0442\u0440\u0443\u043a\u0442\u0443\u0440\u0443 \u0438 \u0431\u0435\u0437\u0443\u043f\u0440\u0435\u0447\u043d\u044b\u0439 \u043c\u043e\u0431\u0438\u043b\u044c\u043d\u044b\u0439 \u043e\u043f\u044b\u0442.<\/p>\t\t\t\t\t\t\t\t<\/div>\n\t\t\t\t<\/div>\n\t\t\t\t\t<\/div>\n\t\t\t\t<\/div>\n\t\t<div class=\"elementor-element elementor-element-29a44d0 e-flex e-con-boxed elementor-invisible e-con e-child\" data-id=\"29a44d0\" data-element_type=\"container\" data-settings=\"{&quot;background_background&quot;:&quot;gradient&quot;,&quot;animation&quot;:&quot;fadeInUp&quot;,&quot;animation_delay&quot;:&quot;160&quot;}\">\n\t\t\t\t\t<div class=\"e-con-inner\">\n\t\t<div class=\"elementor-element elementor-element-d2dbd8a e-con-full e-flex e-con e-child\" data-id=\"d2dbd8a\" data-element_type=\"container\">\n\t\t\t\t<div class=\"elementor-element elementor-element-b935408 elementor-widget elementor-widget-heading\" data-id=\"b935408\" data-element_type=\"widget\" data-widget_type=\"heading.default\">\n\t\t\t\t\t<h2 class=\"elementor-heading-title elementor-size-default\">\u0427\u0442\u043e \u043c\u044b \u0441\u0434\u0435\u043b\u0430\u043b\u0438?<\/h2>\t\t\t\t<\/div>\n\t\t\t\t<div class=\"elementor-element elementor-element-9d4a4de elementor-widget elementor-widget-text-editor\" data-id=\"9d4a4de\" data-element_type=\"widget\" data-widget_type=\"text-editor.default\">\n\t\t\t\t\t\t\t\t\t<ul><li data-start=\"139\" data-end=\"184\"><p>UX-\u0430\u0443\u0434\u0438\u0442 \u043c\u0435\u0436\u0434\u0443\u043d\u0430\u0440\u043e\u0434\u043d\u044b\u0445 \u043f\u043b\u0430\u0442\u0444\u043e\u0440\u043c Imou<\/p><\/li><li data-start=\"139\" data-end=\"184\"><p>\u0427\u0451\u0442\u043a\u0430\u044f \u0430\u0440\u0445\u0438\u0442\u0435\u043a\u0442\u0443\u0440\u0430: \u043a\u0430\u0442\u0435\u0433\u043e\u0440\u0438\u0438, \u043f\u043e\u0434\u0434\u0435\u0440\u0436\u043a\u0430, \u0433\u0430\u0439\u0434\u044b<\/p><\/li><li data-start=\"139\" data-end=\"184\"><p>UI-\u0434\u0438\u0437\u0430\u0439\u043d, \u0430\u0434\u0430\u043f\u0442\u0438\u0440\u043e\u0432\u0430\u043d\u043d\u044b\u0439 \u043f\u043e\u0434 \u0440\u044b\u043d\u043e\u043a \u041c\u043e\u043b\u0434\u043e\u0432\u044b<\/p><\/li><li data-start=\"139\" data-end=\"184\"><p>WooCommerce \u0441 \u043b\u043e\u043a\u0430\u043b\u044c\u043d\u044b\u043c\u0438 \u0441\u043f\u043e\u0441\u043e\u0431\u0430\u043c\u0438 \u043e\u043f\u043b\u0430\u0442\u044b \u0438 \u043d\u0430\u043b\u043e\u0436\u0435\u043d\u043d\u044b\u043c \u043f\u043b\u0430\u0442\u0435\u0436\u043e\u043c<\/p><\/li><li data-start=\"139\" data-end=\"184\"><p>\u0420\u0430\u0441\u0448\u0438\u0440\u0435\u043d\u043d\u0430\u044f \u0444\u0438\u043b\u044c\u0442\u0440\u0430\u0446\u0438\u044f + \u0434\u0438\u043d\u0430\u043c\u0438\u0447\u0435\u0441\u043a\u0438\u0435 \u0430\u0442\u0440\u0438\u0431\u0443\u0442\u044b<\/p><\/li><li data-start=\"139\" data-end=\"184\"><p>\u041f\u043e\u043b\u043d\u043e\u0435 on-page SEO: URL-\u0441\u0442\u0440\u0443\u043a\u0442\u0443\u0440\u0430, meta-\u0442\u0435\u0433\u0438, schema \u0440\u0430\u0437\u043c\u0435\u0442\u043a\u0430\u00a0<\/p><\/li><\/ul>\t\t\t\t\t\t\t\t<\/div>\n\t\t\t\t<\/div>\n\t\t\t\t\t<\/div>\n\t\t\t\t<\/div>\n\t\t<div class=\"elementor-element elementor-element-391ac23 e-flex e-con-boxed elementor-invisible e-con e-child\" data-id=\"391ac23\" data-element_type=\"container\" data-settings=\"{&quot;background_background&quot;:&quot;gradient&quot;,&quot;animation&quot;:&quot;fadeInUp&quot;,&quot;animation_delay&quot;:&quot;160&quot;}\">\n\t\t\t\t\t<div class=\"e-con-inner\">\n\t\t<div class=\"elementor-element elementor-element-e4b2448 e-con-full e-flex e-con e-child\" data-id=\"e4b2448\" data-element_type=\"container\">\n\t\t\t\t<div class=\"elementor-element elementor-element-06e8f24 elementor-widget elementor-widget-heading\" data-id=\"06e8f24\" data-element_type=\"widget\" data-widget_type=\"heading.default\">\n\t\t\t\t\t<h2 class=\"elementor-heading-title elementor-size-default\">\u0420\u0435\u0437\u0443\u043b\u044c\u0442\u0430\u0442<\/h2>\t\t\t\t<\/div>\n\t\t\t\t<div class=\"elementor-element elementor-element-744d00a elementor-widget elementor-widget-text-editor\" data-id=\"744d00a\" data-element_type=\"widget\" data-widget_type=\"text-editor.default\">\n\t\t\t\t\t\t\t\t\t<ul><li><p>\u0421\u0430\u0439\u0442 \u0431\u044b\u043b \u0437\u0430\u043f\u0443\u0449\u0435\u043d \u0431\u0435\u0437 \u043e\u0448\u0438\u0431\u043e\u043a \u0438 \u043d\u0430 100% \u043a\u043e\u0440\u0440\u0435\u043a\u0442\u043d\u043e \u0440\u0430\u0431\u043e\u0442\u0430\u0435\u0442 \u0432\u043e \u0432\u0441\u0435\u0445 \u043e\u0441\u043d\u043e\u0432\u043d\u044b\u0445 \u0431\u0440\u0430\u0443\u0437\u0435\u0440\u0430\u0445.<\/p><\/li><li><p>\u0421\u0440\u0435\u0434\u043d\u0435\u0435 \u0432\u0440\u0435\u043c\u044f \u043d\u0430 \u0441\u0430\u0439\u0442\u0435 \u0437\u0430 \u0441\u0435\u0441\u0441\u0438\u044e: 3+ \u043c\u0438\u043d\u0443\u0442\u044b<\/p><\/li><li><p>\u041f\u043e\u043a\u0430\u0437\u0430\u0442\u0435\u043b\u044c \u043e\u0442\u043a\u0430\u0437\u043e\u0432 \u043f\u043e\u0441\u043b\u0435 \u0437\u0430\u043f\u0443\u0441\u043a\u0430 \u0440\u0435\u0437\u043a\u043e \u0441\u043d\u0438\u0437\u0438\u043b\u0441\u044f (\u0434\u043e &lt;35%)<\/p><\/li><li><p>\u041a\u043b\u0438\u0435\u043d\u0442 \u0441\u043c\u043e\u0433 \u0434\u043e\u0431\u0430\u0432\u043b\u044f\u0442\u044c \u0442\u043e\u0432\u0430\u0440\u044b \u0438 \u0430\u0442\u0440\u0438\u0431\u0443\u0442\u044b \u0431\u0435\u0437 \u0432\u043d\u0435\u0448\u043d\u0435\u0439 \u0442\u0435\u0445\u043d\u0438\u0447\u0435\u0441\u043a\u043e\u0439 \u043f\u043e\u043c\u043e\u0449\u0438<\/p><\/li><li><p>imou.md \u0431\u044b\u0441\u0442\u0440\u043e \u0441\u0442\u0430\u043b \u043e\u0434\u043d\u0438\u043c \u0438\u0437 \u0441\u0430\u043c\u044b\u0445 \u0433\u0440\u0430\u043c\u043e\u0442\u043d\u043e \u0441\u0442\u0440\u0443\u043a\u0442\u0443\u0440\u0438\u0440\u043e\u0432\u0430\u043d\u043d\u044b\u0445 \u0442\u0435\u0445\u043d\u043e-\u0438\u043d\u0442\u0435\u0440\u043d\u0435\u0442-\u043c\u0430\u0433\u0430\u0437\u0438\u043d\u043e\u0432 \u0432 \u041c\u043e\u043b\u0434\u043e\u0432\u0435, \u0441 \u043f\u0440\u043e\u0447\u043d\u044b\u043c \u0444\u0443\u043d\u0434\u0430\u043c\u0435\u043d\u0442\u043e\u043c \u0434\u043b\u044f \u0434\u0430\u043b\u044c\u043d\u0435\u0439\u0448\u0435\u0433\u043e \u043c\u0430\u0441\u0448\u0442\u0430\u0431\u0438\u0440\u043e\u0432\u0430\u043d\u0438\u044f.<\/p><\/li><\/ul>\t\t\t\t\t\t\t\t<\/div>\n\t\t\t\t<\/div>\n\t\t\t\t\t<\/div>\n\t\t\t\t<\/div>\n\t\t\t\t<\/div>\n\t\t\t\t<\/div>","protected":false},"excerpt":{"rendered":"<p>imou.md: Magazin online, cu arhitectur\u0103 clar\u0103 Client Imou Link imou.md AN 2024 Provocarea Clientul avea nevoie de o platform\u0103 stabil\u0103, care s\u0103 [&hellip;]<\/p>","protected":false},"author":1,"featured_media":0,"parent":4559,"menu_order":0,"comment_status":"closed","ping_status":"closed","template":"","meta":{"footnotes":""},"class_list":["post-4601","page","type-page","status-publish","hentry"],"yoast_head":"<!-- This site is optimized with the Yoast SEO plugin v25.4 - https:\/\/yoast.com\/wordpress\/plugins\/seo\/ -->\n<title>Studiu de caz - Client: Imou.md - Qomunica Lab<\/title>\n<meta name=\"robots\" content=\"index, follow, max-snippet:-1, max-image-preview:large, max-video-preview:-1\" \/>\n<link rel=\"canonical\" href=\"https:\/\/qomunica.md\/ru\/portofoliu\/case-creare-site-imou\/\" \/>\n<meta property=\"og:locale\" content=\"ru_RU\" \/>\n<meta property=\"og:type\" content=\"article\" \/>\n<meta property=\"og:title\" content=\"Studiu de caz - Client: Imou.md - Qomunica Lab\" \/>\n<meta property=\"og:description\" content=\"imou.md: Magazin online, cu arhitectur\u0103 clar\u0103 Client Imou Link imou.md AN 2024 Provocarea Clientul avea nevoie de o platform\u0103 stabil\u0103, care s\u0103 [&hellip;]\" \/>\n<meta property=\"og:url\" content=\"https:\/\/qomunica.md\/ru\/portofoliu\/case-creare-site-imou\/\" \/>\n<meta property=\"og:site_name\" content=\"Qomunica Lab\" \/>\n<meta property=\"article:modified_time\" content=\"2025-07-27T16:59:15+00:00\" \/>\n<meta property=\"og:image\" content=\"https:\/\/qomunica.md\/wp-content\/uploads\/2025\/07\/8-4-1.webp\" \/>\n\t<meta property=\"og:image:width\" content=\"1238\" \/>\n\t<meta property=\"og:image:height\" content=\"844\" \/>\n\t<meta property=\"og:image:type\" content=\"image\/webp\" \/>\n<meta name=\"twitter:card\" content=\"summary_large_image\" \/>\n<meta name=\"twitter:label1\" content=\"\u041f\u0440\u0438\u043c\u0435\u0440\u043d\u043e\u0435 \u0432\u0440\u0435\u043c\u044f \u0434\u043b\u044f \u0447\u0442\u0435\u043d\u0438\u044f\" \/>\n\t<meta name=\"twitter:data1\" content=\"1 \u043c\u0438\u043d\u0443\u0442\u0430\" \/>\n<script type=\"application\/ld+json\" class=\"yoast-schema-graph\">{\"@context\":\"https:\/\/schema.org\",\"@graph\":[{\"@type\":\"WebPage\",\"@id\":\"https:\/\/qomunica.md\/portofoliu\/case-creare-site-imou\/\",\"url\":\"https:\/\/qomunica.md\/portofoliu\/case-creare-site-imou\/\",\"name\":\"Studiu de caz - Client: Imou.md - Qomunica Lab\",\"isPartOf\":{\"@id\":\"https:\/\/qomunica.md\/#website\"},\"primaryImageOfPage\":{\"@id\":\"https:\/\/qomunica.md\/portofoliu\/case-creare-site-imou\/#primaryimage\"},\"image\":{\"@id\":\"https:\/\/qomunica.md\/portofoliu\/case-creare-site-imou\/#primaryimage\"},\"thumbnailUrl\":\"https:\/\/qomunica.md\/wp-content\/uploads\/2025\/07\/8-4-1.webp\",\"datePublished\":\"2025-07-27T15:38:04+00:00\",\"dateModified\":\"2025-07-27T16:59:15+00:00\",\"breadcrumb\":{\"@id\":\"https:\/\/qomunica.md\/portofoliu\/case-creare-site-imou\/#breadcrumb\"},\"inLanguage\":\"ru-RU\",\"potentialAction\":[{\"@type\":\"ReadAction\",\"target\":[\"https:\/\/qomunica.md\/portofoliu\/case-creare-site-imou\/\"]}]},{\"@type\":\"ImageObject\",\"inLanguage\":\"ru-RU\",\"@id\":\"https:\/\/qomunica.md\/portofoliu\/case-creare-site-imou\/#primaryimage\",\"url\":\"https:\/\/qomunica.md\/wp-content\/uploads\/2025\/07\/8-4-1.webp\",\"contentUrl\":\"https:\/\/qomunica.md\/wp-content\/uploads\/2025\/07\/8-4-1.webp\"},{\"@type\":\"BreadcrumbList\",\"@id\":\"https:\/\/qomunica.md\/portofoliu\/case-creare-site-imou\/#breadcrumb\",\"itemListElement\":[{\"@type\":\"ListItem\",\"position\":1,\"name\":\"Home\",\"item\":\"https:\/\/qomunica.md\/\"},{\"@type\":\"ListItem\",\"position\":2,\"name\":\"Portofoliu\",\"item\":\"https:\/\/qomunica.md\/portofoliu\/\"},{\"@type\":\"ListItem\",\"position\":3,\"name\":\"Studiu de caz &#8211; Client: Imou.md\"}]},{\"@type\":\"WebSite\",\"@id\":\"https:\/\/qomunica.md\/#website\",\"url\":\"https:\/\/qomunica.md\/\",\"name\":\"Qomunica Lab\",\"description\":\"SEO Agency\",\"potentialAction\":[{\"@type\":\"SearchAction\",\"target\":{\"@type\":\"EntryPoint\",\"urlTemplate\":\"https:\/\/qomunica.md\/?s={search_term_string}\"},\"query-input\":{\"@type\":\"PropertyValueSpecification\",\"valueRequired\":true,\"valueName\":\"search_term_string\"}}],\"inLanguage\":\"ru-RU\"}]}<\/script>\n<!-- \/ Yoast SEO plugin. -->","yoast_head_json":{"title":"Studiu de caz - Client: Imou.md - Qomunica Lab","robots":{"index":"index","follow":"follow","max-snippet":"max-snippet:-1","max-image-preview":"max-image-preview:large","max-video-preview":"max-video-preview:-1"},"canonical":"https:\/\/qomunica.md\/ru\/portofoliu\/case-creare-site-imou\/","og_locale":"ru_RU","og_type":"article","og_title":"Studiu de caz - Client: Imou.md - Qomunica Lab","og_description":"imou.md: Magazin online, cu arhitectur\u0103 clar\u0103 Client Imou Link imou.md AN 2024 Provocarea Clientul avea nevoie de o platform\u0103 stabil\u0103, care s\u0103 [&hellip;]","og_url":"https:\/\/qomunica.md\/ru\/portofoliu\/case-creare-site-imou\/","og_site_name":"Qomunica Lab","article_modified_time":"2025-07-27T16:59:15+00:00","og_image":[{"width":1238,"height":844,"url":"https:\/\/qomunica.md\/wp-content\/uploads\/2025\/07\/8-4-1.webp","type":"image\/webp"}],"twitter_card":"summary_large_image","twitter_misc":{"\u041f\u0440\u0438\u043c\u0435\u0440\u043d\u043e\u0435 \u0432\u0440\u0435\u043c\u044f \u0434\u043b\u044f \u0447\u0442\u0435\u043d\u0438\u044f":"1 \u043c\u0438\u043d\u0443\u0442\u0430"},"schema":{"@context":"https:\/\/schema.org","@graph":[{"@type":"WebPage","@id":"https:\/\/qomunica.md\/portofoliu\/case-creare-site-imou\/","url":"https:\/\/qomunica.md\/portofoliu\/case-creare-site-imou\/","name":"Studiu de caz - Client: Imou.md - Qomunica Lab","isPartOf":{"@id":"https:\/\/qomunica.md\/#website"},"primaryImageOfPage":{"@id":"https:\/\/qomunica.md\/portofoliu\/case-creare-site-imou\/#primaryimage"},"image":{"@id":"https:\/\/qomunica.md\/portofoliu\/case-creare-site-imou\/#primaryimage"},"thumbnailUrl":"https:\/\/qomunica.md\/wp-content\/uploads\/2025\/07\/8-4-1.webp","datePublished":"2025-07-27T15:38:04+00:00","dateModified":"2025-07-27T16:59:15+00:00","breadcrumb":{"@id":"https:\/\/qomunica.md\/portofoliu\/case-creare-site-imou\/#breadcrumb"},"inLanguage":"ru-RU","potentialAction":[{"@type":"ReadAction","target":["https:\/\/qomunica.md\/portofoliu\/case-creare-site-imou\/"]}]},{"@type":"ImageObject","inLanguage":"ru-RU","@id":"https:\/\/qomunica.md\/portofoliu\/case-creare-site-imou\/#primaryimage","url":"https:\/\/qomunica.md\/wp-content\/uploads\/2025\/07\/8-4-1.webp","contentUrl":"https:\/\/qomunica.md\/wp-content\/uploads\/2025\/07\/8-4-1.webp"},{"@type":"BreadcrumbList","@id":"https:\/\/qomunica.md\/portofoliu\/case-creare-site-imou\/#breadcrumb","itemListElement":[{"@type":"ListItem","position":1,"name":"Home","item":"https:\/\/qomunica.md\/"},{"@type":"ListItem","position":2,"name":"Portofoliu","item":"https:\/\/qomunica.md\/portofoliu\/"},{"@type":"ListItem","position":3,"name":"Studiu de caz &#8211; Client: Imou.md"}]},{"@type":"WebSite","@id":"https:\/\/qomunica.md\/#website","url":"https:\/\/qomunica.md\/","name":"Qomunica Lab","description":"SEO Agency","potentialAction":[{"@type":"SearchAction","target":{"@type":"EntryPoint","urlTemplate":"https:\/\/qomunica.md\/?s={search_term_string}"},"query-input":{"@type":"PropertyValueSpecification","valueRequired":true,"valueName":"search_term_string"}}],"inLanguage":"ru-RU"}]}},"_links":{"self":[{"href":"https:\/\/qomunica.md\/ru\/wp-json\/wp\/v2\/pages\/4601","targetHints":{"allow":["GET"]}}],"collection":[{"href":"https:\/\/qomunica.md\/ru\/wp-json\/wp\/v2\/pages"}],"about":[{"href":"https:\/\/qomunica.md\/ru\/wp-json\/wp\/v2\/types\/page"}],"author":[{"embeddable":true,"href":"https:\/\/qomunica.md\/ru\/wp-json\/wp\/v2\/users\/1"}],"replies":[{"embeddable":true,"href":"https:\/\/qomunica.md\/ru\/wp-json\/wp\/v2\/comments?post=4601"}],"version-history":[{"count":8,"href":"https:\/\/qomunica.md\/ru\/wp-json\/wp\/v2\/pages\/4601\/revisions"}],"predecessor-version":[{"id":4718,"href":"https:\/\/qomunica.md\/ru\/wp-json\/wp\/v2\/pages\/4601\/revisions\/4718"}],"up":[{"embeddable":true,"href":"https:\/\/qomunica.md\/ru\/wp-json\/wp\/v2\/pages\/4559"}],"wp:attachment":[{"href":"https:\/\/qomunica.md\/ru\/wp-json\/wp\/v2\/media?parent=4601"}],"curies":[{"name":"wp","href":"https:\/\/api.w.org\/{rel}","templated":true}]}}