{"id":4602,"date":"2025-07-27T15:38:11","date_gmt":"2025-07-27T15:38:11","guid":{"rendered":"https:\/\/qomunica.md\/?page_id=4602"},"modified":"2026-02-24T13:12:56","modified_gmt":"2026-02-24T13:12:56","slug":"case-creare-site-estudent","status":"publish","type":"page","link":"https:\/\/qomunica.md\/ru\/portofoliu\/case-creare-site-estudent\/","title":{"rendered":"Studiu de caz &#8211; Client: Estudent.md"},"content":{"rendered":"<div data-elementor-type=\"wp-page\" data-elementor-id=\"4602\" class=\"elementor elementor-4602\" data-elementor-settings=\"{&quot;element_pack_global_tooltip_width&quot;:{&quot;unit&quot;:&quot;px&quot;,&quot;size&quot;:&quot;&quot;,&quot;sizes&quot;:[]},&quot;element_pack_global_tooltip_width_tablet&quot;:{&quot;unit&quot;:&quot;px&quot;,&quot;size&quot;:&quot;&quot;,&quot;sizes&quot;:[]},&quot;element_pack_global_tooltip_width_mobile&quot;:{&quot;unit&quot;:&quot;px&quot;,&quot;size&quot;:&quot;&quot;,&quot;sizes&quot;:[]},&quot;element_pack_global_tooltip_padding&quot;:{&quot;unit&quot;:&quot;px&quot;,&quot;top&quot;:&quot;&quot;,&quot;right&quot;:&quot;&quot;,&quot;bottom&quot;:&quot;&quot;,&quot;left&quot;:&quot;&quot;,&quot;isLinked&quot;:true},&quot;element_pack_global_tooltip_padding_tablet&quot;:{&quot;unit&quot;:&quot;px&quot;,&quot;top&quot;:&quot;&quot;,&quot;right&quot;:&quot;&quot;,&quot;bottom&quot;:&quot;&quot;,&quot;left&quot;:&quot;&quot;,&quot;isLinked&quot;:true},&quot;element_pack_global_tooltip_padding_mobile&quot;:{&quot;unit&quot;:&quot;px&quot;,&quot;top&quot;:&quot;&quot;,&quot;right&quot;:&quot;&quot;,&quot;bottom&quot;:&quot;&quot;,&quot;left&quot;:&quot;&quot;,&quot;isLinked&quot;:true},&quot;element_pack_global_tooltip_border_radius&quot;:{&quot;unit&quot;:&quot;px&quot;,&quot;top&quot;:&quot;&quot;,&quot;right&quot;:&quot;&quot;,&quot;bottom&quot;:&quot;&quot;,&quot;left&quot;:&quot;&quot;,&quot;isLinked&quot;:true},&quot;element_pack_global_tooltip_border_radius_tablet&quot;:{&quot;unit&quot;:&quot;px&quot;,&quot;top&quot;:&quot;&quot;,&quot;right&quot;:&quot;&quot;,&quot;bottom&quot;:&quot;&quot;,&quot;left&quot;:&quot;&quot;,&quot;isLinked&quot;:true},&quot;element_pack_global_tooltip_border_radius_mobile&quot;:{&quot;unit&quot;:&quot;px&quot;,&quot;top&quot;:&quot;&quot;,&quot;right&quot;:&quot;&quot;,&quot;bottom&quot;:&quot;&quot;,&quot;left&quot;:&quot;&quot;,&quot;isLinked&quot;:true}}\" data-elementor-post-type=\"page\">\n\t\t\t\t<div class=\"elementor-element elementor-element-804253d e-flex e-con-boxed e-con e-parent\" data-id=\"804253d\" data-element_type=\"container\">\n\t\t\t\t\t<div class=\"e-con-inner\">\n\t\t\t\t<div class=\"elementor-element elementor-element-97aa1aa elementor-widget-mobile__width-inherit ui-e-a-animate elementor-invisible elementor-widget elementor-widget-highlighted-text\" data-id=\"97aa1aa\" data-element_type=\"widget\" data-settings=\"{&quot;_animation&quot;:&quot;fadeInUp&quot;,&quot;_animation_delay&quot;:500}\" data-widget_type=\"highlighted-text.default\">\n\t\t\t\t\t\t\t<h1 class=\"ui-e--highlighted-text\">\n\t\t\t<span class=\"ui-e-headline-text elementor-repeater-item-114b631\">estudent.md:<\/span><span class=\"ui-e-headline-text elementor-repeater-item-c439197 ui-e-headline-color\">\n\t\t\t\t\t\t\t\t\t<span class=\"whitespace\"><\/span>\n                                    <span>\n                                        <span class=\"ui-e-headline-text ui-e-headline-highlighted\">\u0421\u0430\u0439\u0442 \u0441 \u0441\u043e\u0432\u0440\u0435\u043c\u0435\u043d\u043d\u043e\u0439 \u0432\u0438\u0437\u0443\u0430\u043b\u044c\u043d\u043e\u0439 \u043a\u043e\u043d\u0446\u0435\u043f\u0446\u0438\u0435\u0439 <\/span><span class=\"uicore-svg-wrapper\"><svg xmlns=\"http:\/\/www.w3.org\/2000\/svg\" viewbox=\"0 0 500 150\" preserveaspectratio=\"none\"><\/svg><\/span><\/span> <span class=\"whitespace\"> <\/span><\/span>\t\t<\/h1>\n\t\t\t\t\t<\/div>\n\t\t<div class=\"elementor-element elementor-element-112a3e0 e-con-full e-flex e-con e-child\" data-id=\"112a3e0\" data-element_type=\"container\" data-settings=\"{&quot;background_background&quot;:&quot;classic&quot;}\">\n\t\t\t\t<div class=\"elementor-element elementor-element-7d546df elementor-invisible elementor-widget elementor-widget-image\" data-id=\"7d546df\" data-element_type=\"widget\" data-settings=\"{&quot;_animation&quot;:&quot;fadeInUp&quot;,&quot;_animation_delay&quot;:&quot;1000&quot;}\" data-widget_type=\"image.default\">\n\t\t\t\t\t\t\t\t\t\t\t\t\t\t\t<img fetchpriority=\"high\" decoding=\"async\" width=\"990\" height=\"675\" src=\"https:\/\/qomunica.md\/wp-content\/uploads\/2025\/07\/mockupuri-2-1.png\" class=\"attachment-full size-full wp-image-4542\" alt=\"\" srcset=\"https:\/\/qomunica.md\/wp-content\/uploads\/2025\/07\/mockupuri-2-1.png 990w, https:\/\/qomunica.md\/wp-content\/uploads\/2025\/07\/mockupuri-2-1-300x205.png 300w, https:\/\/qomunica.md\/wp-content\/uploads\/2025\/07\/mockupuri-2-1-768x524.png 768w, https:\/\/qomunica.md\/wp-content\/uploads\/2025\/07\/mockupuri-2-1-18x12.png 18w, https:\/\/qomunica.md\/wp-content\/uploads\/2025\/07\/mockupuri-2-1-650x443.png 650w\" sizes=\"(max-width: 990px) 100vw, 990px\" \/>\t\t\t\t\t\t\t\t\t\t\t\t\t\t\t<\/div>\n\t\t\t\t<\/div>\n\t\t\t\t\t<\/div>\n\t\t\t\t<\/div>\n\t\t<div class=\"elementor-element elementor-element-bce324c e-flex e-con-boxed e-con e-parent\" data-id=\"bce324c\" data-element_type=\"container\">\n\t\t\t\t\t<div class=\"e-con-inner\">\n\t\t<div class=\"elementor-element elementor-element-7308acb e-con-full e-flex e-con e-child\" data-id=\"7308acb\" data-element_type=\"container\">\n\t\t<div class=\"elementor-element elementor-element-d7d9be3 e-con-full e-flex elementor-invisible e-con e-child\" data-id=\"d7d9be3\" data-element_type=\"container\" data-settings=\"{&quot;animation&quot;:&quot;fadeInUp&quot;,&quot;animation_delay&quot;:&quot;900&quot;}\">\n\t\t<div class=\"elementor-element elementor-element-1bfa357 e-con-full e-flex e-con e-child\" data-id=\"1bfa357\" data-element_type=\"container\">\n\t\t\t\t<div class=\"elementor-element elementor-element-127dd9b elementor-widget elementor-widget-heading\" data-id=\"127dd9b\" data-element_type=\"widget\" data-widget_type=\"heading.default\">\n\t\t\t\t\t<h6 class=\"elementor-heading-title elementor-size-default\">\u041a\u043b\u0438\u0435\u043d\u0442<\/h6>\t\t\t\t<\/div>\n\t\t\t\t<div class=\"elementor-element elementor-element-8354531 elementor-widget elementor-widget-heading\" data-id=\"8354531\" data-element_type=\"widget\" data-widget_type=\"heading.default\">\n\t\t\t\t\t<h5 class=\"elementor-heading-title elementor-size-default\">Estudent<\/h5>\t\t\t\t<\/div>\n\t\t\t\t<\/div>\n\t\t<div class=\"elementor-element elementor-element-f1d4c0c e-con-full e-flex e-con e-child\" data-id=\"f1d4c0c\" data-element_type=\"container\">\n\t\t\t\t<div class=\"elementor-element elementor-element-c37aa16 elementor-widget elementor-widget-heading\" data-id=\"c37aa16\" data-element_type=\"widget\" data-widget_type=\"heading.default\">\n\t\t\t\t\t<h6 class=\"elementor-heading-title elementor-size-default\">\u0421\u0441\u044b\u043b\u043a\u0430<\/h6>\t\t\t\t<\/div>\n\t\t\t\t<div class=\"elementor-element elementor-element-7052548 elementor-widget elementor-widget-heading\" data-id=\"7052548\" data-element_type=\"widget\" data-widget_type=\"heading.default\">\n\t\t\t\t\t<h5 class=\"elementor-heading-title elementor-size-default\"><a href=\"https:\/\/estudentcloud.md\/\" target=\"_blank\" rel=\"nofollow\">estudent.md<\/a><\/h5>\t\t\t\t<\/div>\n\t\t\t\t<\/div>\n\t\t<div class=\"elementor-element elementor-element-c0431ae e-con-full e-flex e-con e-child\" data-id=\"c0431ae\" data-element_type=\"container\">\n\t\t\t\t<div class=\"elementor-element elementor-element-217b792 elementor-widget elementor-widget-heading\" data-id=\"217b792\" data-element_type=\"widget\" data-widget_type=\"heading.default\">\n\t\t\t\t\t<h6 class=\"elementor-heading-title elementor-size-default\">\u0413\u043e\u0434<\/h6>\t\t\t\t<\/div>\n\t\t\t\t<div class=\"elementor-element elementor-element-295b719 elementor-widget elementor-widget-heading\" data-id=\"295b719\" data-element_type=\"widget\" data-widget_type=\"heading.default\">\n\t\t\t\t\t<h5 class=\"elementor-heading-title elementor-size-default\">2024<\/h5>\t\t\t\t<\/div>\n\t\t\t\t<\/div>\n\t\t\t\t<\/div>\n\t\t\t\t<\/div>\n\t\t\t\t\t<\/div>\n\t\t\t\t<\/div>\n\t\t<div class=\"elementor-element elementor-element-1b2beaf e-flex e-con-boxed e-con e-parent\" data-id=\"1b2beaf\" data-element_type=\"container\">\n\t\t\t\t\t<div class=\"e-con-inner\">\n\t\t\t\t\t<\/div>\n\t\t\t\t<\/div>\n\t\t<div class=\"elementor-element elementor-element-18d43cd e-con-full e-flex e-con e-parent\" data-id=\"18d43cd\" data-element_type=\"container\" data-settings=\"{&quot;uicore_onscroll_effect&quot;:&quot;sticky-scale-small&quot;}\">\n\t\t<div class=\"elementor-element elementor-element-a63b5d3 e-flex e-con-boxed elementor-invisible e-con e-child\" data-id=\"a63b5d3\" data-element_type=\"container\" data-settings=\"{&quot;background_background&quot;:&quot;gradient&quot;,&quot;animation&quot;:&quot;fadeInUp&quot;,&quot;animation_delay&quot;:&quot;160&quot;}\">\n\t\t\t\t\t<div class=\"e-con-inner\">\n\t\t<div class=\"elementor-element elementor-element-b86c7e0 e-con-full e-flex e-con e-child\" data-id=\"b86c7e0\" data-element_type=\"container\" data-settings=\"{&quot;background_background&quot;:&quot;classic&quot;}\">\n\t\t\t\t<div class=\"elementor-element elementor-element-469b44b elementor-widget elementor-widget-heading\" data-id=\"469b44b\" data-element_type=\"widget\" data-widget_type=\"heading.default\">\n\t\t\t\t\t<h2 class=\"elementor-heading-title elementor-size-default\">\u0412\u044b\u0437\u043e\u0432<\/h2>\t\t\t\t<\/div>\n\t\t\t\t<div class=\"elementor-element elementor-element-93c630d elementor-widget elementor-widget-text-editor\" data-id=\"93c630d\" data-element_type=\"widget\" data-widget_type=\"text-editor.default\">\n\t\t\t\t\t\t\t\t\t<p>\u0426\u0435\u043b\u0435\u0432\u0430\u044f \u0430\u0443\u0434\u0438\u0442\u043e\u0440\u0438\u044f \u0437\u0434\u0435\u0441\u044c \u0440\u0430\u0437\u043d\u0430\u044f (\u0440\u043e\u0434\u0438\u0442\u0435\u043b\u0438, \u043f\u043e\u0434\u0440\u043e\u0441\u0442\u043a\u0438, \u043f\u0440\u0435\u043f\u043e\u0434\u0430\u0432\u0430\u0442\u0435\u043b\u0438), \u043f\u043e\u044d\u0442\u043e\u043c\u0443 \u043f\u0440\u043e\u0446\u0435\u0441\u0441 \u0432\u044b\u0431\u043e\u0440\u0430 \u0434\u043e\u043b\u0436\u0435\u043d \u0431\u044b\u0442\u044c \u0438\u043d\u0442\u0443\u0438\u0442\u0438\u0432\u043d\u044b\u043c, \u0432\u0438\u0437\u0443\u0430\u043b\u044c\u043d\u044b\u043c \u0438 \u0431\u044b\u0441\u0442\u0440\u044b\u043c - \u0431\u0435\u0437 \u0433\u0440\u043e\u043c\u043e\u0437\u0434\u043a\u0438\u0445 \u0444\u043e\u0440\u043c \u0438 \u0442\u0435\u0445\u043d\u0438\u0447\u0435\u0441\u043a\u0438\u0445 \u043e\u0431\u044a\u044f\u0441\u043d\u0435\u043d\u0438\u0439. \u0421\u0430\u0439\u0442 \u0434\u043e\u043b\u0436\u0435\u043d \u0431\u044b\u043b \u0441\u043e\u0432\u043c\u0435\u0441\u0442\u0438\u0442\u044c \u043f\u0440\u0438\u0432\u043b\u0435\u043a\u0430\u0442\u0435\u043b\u044c\u043d\u0443\u044e \u043f\u043e\u0434\u0430\u0447\u0443 \u0441 \u043c\u0430\u043a\u0441\u0438\u043c\u0430\u043b\u044c\u043d\u043e \u0443\u0434\u043e\u0431\u043d\u044b\u043c \u043f\u043e\u043b\u044c\u0437\u043e\u0432\u0430\u0442\u0435\u043b\u044c\u0441\u043a\u0438\u043c \u043e\u043f\u044b\u0442\u043e\u043c - \u0438 \u043d\u0430 \u043c\u043e\u0431\u0438\u043b\u044c\u043d\u044b\u0445 \u0443\u0441\u0442\u0440\u043e\u0439\u0441\u0442\u0432\u0430\u0445, \u0438 \u043d\u0430 \u0434\u0435\u0441\u043a\u0442\u043e\u043f\u0435.<\/p>\t\t\t\t\t\t\t\t<\/div>\n\t\t\t\t<\/div>\n\t\t\t\t\t<\/div>\n\t\t\t\t<\/div>\n\t\t<div class=\"elementor-element elementor-element-5c3ebd1 e-flex e-con-boxed elementor-invisible e-con e-child\" data-id=\"5c3ebd1\" data-element_type=\"container\" data-settings=\"{&quot;background_background&quot;:&quot;gradient&quot;,&quot;animation&quot;:&quot;fadeInUp&quot;,&quot;animation_delay&quot;:&quot;160&quot;}\">\n\t\t\t\t\t<div class=\"e-con-inner\">\n\t\t<div class=\"elementor-element elementor-element-0b04e38 e-con-full e-flex e-con e-child\" data-id=\"0b04e38\" data-element_type=\"container\">\n\t\t\t\t<div class=\"elementor-element elementor-element-59e8021 elementor-widget elementor-widget-heading\" data-id=\"59e8021\" data-element_type=\"widget\" data-widget_type=\"heading.default\">\n\t\t\t\t\t<h2 class=\"elementor-heading-title elementor-size-default\">\u0427\u0442\u043e \u043c\u044b \u0441\u0434\u0435\u043b\u0430\u043b\u0438?<\/h2>\t\t\t\t<\/div>\n\t\t\t\t<div class=\"elementor-element elementor-element-d8e48b1 elementor-widget elementor-widget-text-editor\" data-id=\"d8e48b1\" data-element_type=\"widget\" data-widget_type=\"text-editor.default\">\n\t\t\t\t\t\t\t\t\t<ul>\n<li>\n<p>\u0421\u043e\u0432\u0440\u0435\u043c\u0435\u043d\u043d\u044b\u0439 UI \u0441 \u0430\u043a\u0446\u0435\u043d\u0442\u043e\u043c \u043d\u0430 \u0444\u043e\u0442\u043e, \u0430 \u043d\u0435 \u043d\u0430 \u0442\u0435\u043a\u0441\u0442<\/p>\n<\/li>\n<li>\n<p>\u0427\u0451\u0442\u043a\u0430\u044f \u0441\u0442\u0440\u0443\u043a\u0442\u0443\u0440\u0430: \u043f\u0430\u043a\u0435\u0442\u044b, \u043a\u043b\u0430\u0441\u0441\u044b, \u0433\u0430\u043b\u0435\u0440\u0435\u044f, \u043a\u043e\u043d\u0442\u0430\u043a\u0442\u044b<\/p>\n<\/li><li><p>\u0417\u0430\u043c\u0435\u0442\u043d\u044b\u0435 CTA, \u0441\u0442\u0440\u0430\u0442\u0435\u0433\u0438\u0447\u0435\u0441\u043a\u0438 \u0440\u0430\u0437\u043c\u0435\u0449\u0451\u043d\u043d\u044b\u0435<\/p><\/li>\n<li>\n<p>\u0423\u043f\u0440\u043e\u0449\u0451\u043d\u043d\u0430\u044f \u043c\u043e\u0431\u0438\u043b\u044c\u043d\u0430\u044f \u043d\u0430\u0432\u0438\u0433\u0430\u0446\u0438\u044f (\u043a\u043e\u043c\u043f\u0430\u043a\u0442\u043d\u044b\u0435 \u043c\u0435\u043d\u044e)<\/p>\n<\/li>\n<li>\n<p>\u0414\u0440\u0443\u0436\u0435\u043b\u044e\u0431\u043d\u044b\u0439 \u043a\u043e\u043f\u0438\u0440\u0430\u0439\u0442\u0438\u043d\u0433, \u0430\u0434\u0430\u043f\u0442\u0438\u0440\u043e\u0432\u0430\u043d\u043d\u044b\u0439 \u043f\u043e\u0434 \u043c\u043e\u043b\u043e\u0434\u0443\u044e \u0430\u0443\u0434\u0438\u0442\u043e\u0440\u0438\u044e \u0438 \u0440\u043e\u0434\u0438\u0442\u0435\u043b\u0435\u0439<\/p>\n<\/li>\n<li>\n<p>\u0411\u044b\u0441\u0442\u0440\u0430\u044f \u0444\u043e\u0442\u043e\u0433\u0430\u043b\u0435\u0440\u0435\u044f \u0431\u0435\u0437 \u043e\u0436\u0438\u0434\u0430\u043d\u0438\u044f \u0437\u0430\u0433\u0440\u0443\u0437\u043a\u0438<\/p>\n<\/li>\n<li>\n<p>\u041f\u043e\u043b\u043d\u043e\u0435 on-page SEO: \u043c\u0435\u0442\u0430-\u0442\u0435\u0433\u0438, \u0437\u0430\u0433\u043e\u043b\u043e\u0432\u043a\u0438, schema \u0434\u043b\u044f \u0433\u0430\u043b\u0435\u0440\u0435\u0438<\/p>\n<\/li>\n<\/ul>\t\t\t\t\t\t\t\t<\/div>\n\t\t\t\t<\/div>\n\t\t\t\t\t<\/div>\n\t\t\t\t<\/div>\n\t\t<div class=\"elementor-element elementor-element-ad12c25 e-flex e-con-boxed elementor-invisible e-con e-child\" data-id=\"ad12c25\" data-element_type=\"container\" data-settings=\"{&quot;background_background&quot;:&quot;gradient&quot;,&quot;animation&quot;:&quot;fadeInUp&quot;,&quot;animation_delay&quot;:&quot;160&quot;}\">\n\t\t\t\t\t<div class=\"e-con-inner\">\n\t\t<div class=\"elementor-element elementor-element-14a344c e-con-full e-flex e-con e-child\" data-id=\"14a344c\" data-element_type=\"container\">\n\t\t\t\t<div class=\"elementor-element elementor-element-63d4dfb elementor-widget elementor-widget-heading\" data-id=\"63d4dfb\" data-element_type=\"widget\" data-widget_type=\"heading.default\">\n\t\t\t\t\t<h2 class=\"elementor-heading-title elementor-size-default\">\u0420\u0435\u0437\u0443\u043b\u044c\u0442\u0430\u0442<\/h2>\t\t\t\t<\/div>\n\t\t\t\t<div class=\"elementor-element elementor-element-188fbcd elementor-widget elementor-widget-text-editor\" data-id=\"188fbcd\" data-element_type=\"widget\" data-widget_type=\"text-editor.default\">\n\t\t\t\t\t\t\t\t\t<ul><li>\u0421\u0440\u0435\u0434\u043d\u0435\u0435 \u0432\u0440\u0435\u043c\u044f \u043d\u0430 \u0441\u0430\u0439\u0442\u0435: \u0431\u043e\u043b\u0435\u0435 3 \u043c\u0438\u043d\u0443\u0442 \u0437\u0430 \u0441\u0435\u0441\u0441\u0438\u044e<\/li><li>CTR \u043f\u043e \u0444\u043e\u0442\u043e-\u043f\u0430\u043a\u0435\u0442\u0430\u043c: 62% \u043f\u043e\u0441\u0435\u0442\u0438\u0442\u0435\u043b\u0435\u0439 \u043f\u0435\u0440\u0435\u0445\u043e\u0434\u044f\u0442 \u043a \u0432\u044b\u0431\u043e\u0440\u0443<\/li><li>\u0411\u043e\u043b\u0435\u0435 400 \u0437\u0430\u044f\u0432\u043e\u043a \u0432 \u043f\u0435\u0440\u0432\u044b\u0439 \u0441\u0435\u0437\u043e\u043d \u043f\u043e\u0441\u043b\u0435 \u0437\u0430\u043f\u0443\u0441\u043a\u0430<\/li><li>\u041f\u043e\u0441\u0442\u043e\u044f\u043d\u043d\u043e \u043f\u043e\u043b\u043e\u0436\u0438\u0442\u0435\u043b\u044c\u043d\u0430\u044f \u043e\u0431\u0440\u0430\u0442\u043d\u0430\u044f \u0441\u0432\u044f\u0437\u044c \u043e\u0442 \u043f\u043e\u043b\u044c\u0437\u043e\u0432\u0430\u0442\u0435\u043b\u0435\u0439: \"\u043f\u0440\u043e\u0441\u0442\u043e, \u043f\u043e\u043d\u044f\u0442\u043d\u043e, \u043a\u0440\u0430\u0441\u0438\u0432\u043e\".\u00a0<\/li><\/ul><p>\u00a0<\/p>\t\t\t\t\t\t\t\t<\/div>\n\t\t\t\t<\/div>\n\t\t\t\t\t<\/div>\n\t\t\t\t<\/div>\n\t\t\t\t<\/div>\n\t\t\t\t<\/div>","protected":false},"excerpt":{"rendered":"<p>estudent.md: Site cu Experien\u021b\u0103 Vizual\u0103 modern\u0103 Client Estudent Link estudent.md AN 2024 Provocarea Publicul \u021bint\u0103 e divers (p\u0103rin\u021bi, adolescen\u021bi, profesori), iar procesul [&hellip;]<\/p>","protected":false},"author":1,"featured_media":0,"parent":4559,"menu_order":0,"comment_status":"closed","ping_status":"closed","template":"","meta":{"footnotes":""},"class_list":["post-4602","page","type-page","status-publish","hentry"],"yoast_head":"<!-- This site is optimized with the Yoast SEO plugin v25.4 - https:\/\/yoast.com\/wordpress\/plugins\/seo\/ -->\n<title>Studiu de caz - Client: Estudent.md - Qomunica Lab<\/title>\n<meta name=\"robots\" content=\"index, follow, max-snippet:-1, max-image-preview:large, max-video-preview:-1\" \/>\n<link rel=\"canonical\" href=\"https:\/\/qomunica.md\/ru\/portofoliu\/case-creare-site-estudent\/\" \/>\n<meta property=\"og:locale\" content=\"ru_RU\" \/>\n<meta property=\"og:type\" content=\"article\" \/>\n<meta property=\"og:title\" content=\"Studiu de caz - Client: Estudent.md - Qomunica Lab\" \/>\n<meta property=\"og:description\" content=\"estudent.md: Site cu Experien\u021b\u0103 Vizual\u0103 modern\u0103 Client Estudent Link estudent.md AN 2024 Provocarea Publicul \u021bint\u0103 e divers (p\u0103rin\u021bi, adolescen\u021bi, profesori), iar procesul [&hellip;]\" \/>\n<meta property=\"og:url\" content=\"https:\/\/qomunica.md\/ru\/portofoliu\/case-creare-site-estudent\/\" \/>\n<meta property=\"og:site_name\" content=\"Qomunica Lab\" \/>\n<meta property=\"article:modified_time\" content=\"2026-02-24T13:12:56+00:00\" \/>\n<meta property=\"og:image\" content=\"https:\/\/qomunica.md\/wp-content\/uploads\/2025\/07\/mockupuri-2-1.png\" \/>\n\t<meta property=\"og:image:width\" content=\"990\" \/>\n\t<meta property=\"og:image:height\" content=\"675\" \/>\n\t<meta property=\"og:image:type\" content=\"image\/png\" \/>\n<meta name=\"twitter:card\" content=\"summary_large_image\" \/>\n<meta name=\"twitter:label1\" content=\"\u041f\u0440\u0438\u043c\u0435\u0440\u043d\u043e\u0435 \u0432\u0440\u0435\u043c\u044f \u0434\u043b\u044f \u0447\u0442\u0435\u043d\u0438\u044f\" \/>\n\t<meta name=\"twitter:data1\" content=\"1 \u043c\u0438\u043d\u0443\u0442\u0430\" \/>\n<script type=\"application\/ld+json\" class=\"yoast-schema-graph\">{\"@context\":\"https:\/\/schema.org\",\"@graph\":[{\"@type\":\"WebPage\",\"@id\":\"https:\/\/qomunica.md\/portofoliu\/case-creare-site-estudent\/\",\"url\":\"https:\/\/qomunica.md\/portofoliu\/case-creare-site-estudent\/\",\"name\":\"Studiu de caz - Client: Estudent.md - Qomunica Lab\",\"isPartOf\":{\"@id\":\"https:\/\/qomunica.md\/#website\"},\"primaryImageOfPage\":{\"@id\":\"https:\/\/qomunica.md\/portofoliu\/case-creare-site-estudent\/#primaryimage\"},\"image\":{\"@id\":\"https:\/\/qomunica.md\/portofoliu\/case-creare-site-estudent\/#primaryimage\"},\"thumbnailUrl\":\"https:\/\/qomunica.md\/wp-content\/uploads\/2025\/07\/mockupuri-2-1.png\",\"datePublished\":\"2025-07-27T15:38:11+00:00\",\"dateModified\":\"2026-02-24T13:12:56+00:00\",\"breadcrumb\":{\"@id\":\"https:\/\/qomunica.md\/portofoliu\/case-creare-site-estudent\/#breadcrumb\"},\"inLanguage\":\"ru-RU\",\"potentialAction\":[{\"@type\":\"ReadAction\",\"target\":[\"https:\/\/qomunica.md\/portofoliu\/case-creare-site-estudent\/\"]}]},{\"@type\":\"ImageObject\",\"inLanguage\":\"ru-RU\",\"@id\":\"https:\/\/qomunica.md\/portofoliu\/case-creare-site-estudent\/#primaryimage\",\"url\":\"https:\/\/qomunica.md\/wp-content\/uploads\/2025\/07\/mockupuri-2-1.png\",\"contentUrl\":\"https:\/\/qomunica.md\/wp-content\/uploads\/2025\/07\/mockupuri-2-1.png\"},{\"@type\":\"BreadcrumbList\",\"@id\":\"https:\/\/qomunica.md\/portofoliu\/case-creare-site-estudent\/#breadcrumb\",\"itemListElement\":[{\"@type\":\"ListItem\",\"position\":1,\"name\":\"Home\",\"item\":\"https:\/\/qomunica.md\/\"},{\"@type\":\"ListItem\",\"position\":2,\"name\":\"Portofoliu\",\"item\":\"https:\/\/qomunica.md\/portofoliu\/\"},{\"@type\":\"ListItem\",\"position\":3,\"name\":\"Studiu de caz &#8211; Client: Estudent.md\"}]},{\"@type\":\"WebSite\",\"@id\":\"https:\/\/qomunica.md\/#website\",\"url\":\"https:\/\/qomunica.md\/\",\"name\":\"Qomunica Lab\",\"description\":\"SEO Agency\",\"potentialAction\":[{\"@type\":\"SearchAction\",\"target\":{\"@type\":\"EntryPoint\",\"urlTemplate\":\"https:\/\/qomunica.md\/?s={search_term_string}\"},\"query-input\":{\"@type\":\"PropertyValueSpecification\",\"valueRequired\":true,\"valueName\":\"search_term_string\"}}],\"inLanguage\":\"ru-RU\"}]}<\/script>\n<!-- \/ Yoast SEO plugin. -->","yoast_head_json":{"title":"Studiu de caz - Client: Estudent.md - Qomunica Lab","robots":{"index":"index","follow":"follow","max-snippet":"max-snippet:-1","max-image-preview":"max-image-preview:large","max-video-preview":"max-video-preview:-1"},"canonical":"https:\/\/qomunica.md\/ru\/portofoliu\/case-creare-site-estudent\/","og_locale":"ru_RU","og_type":"article","og_title":"Studiu de caz - Client: Estudent.md - Qomunica Lab","og_description":"estudent.md: Site cu Experien\u021b\u0103 Vizual\u0103 modern\u0103 Client Estudent Link estudent.md AN 2024 Provocarea Publicul \u021bint\u0103 e divers (p\u0103rin\u021bi, adolescen\u021bi, profesori), iar procesul [&hellip;]","og_url":"https:\/\/qomunica.md\/ru\/portofoliu\/case-creare-site-estudent\/","og_site_name":"Qomunica Lab","article_modified_time":"2026-02-24T13:12:56+00:00","og_image":[{"width":990,"height":675,"url":"https:\/\/qomunica.md\/wp-content\/uploads\/2025\/07\/mockupuri-2-1.png","type":"image\/png"}],"twitter_card":"summary_large_image","twitter_misc":{"\u041f\u0440\u0438\u043c\u0435\u0440\u043d\u043e\u0435 \u0432\u0440\u0435\u043c\u044f \u0434\u043b\u044f \u0447\u0442\u0435\u043d\u0438\u044f":"1 \u043c\u0438\u043d\u0443\u0442\u0430"},"schema":{"@context":"https:\/\/schema.org","@graph":[{"@type":"WebPage","@id":"https:\/\/qomunica.md\/portofoliu\/case-creare-site-estudent\/","url":"https:\/\/qomunica.md\/portofoliu\/case-creare-site-estudent\/","name":"Studiu de caz - Client: Estudent.md - Qomunica Lab","isPartOf":{"@id":"https:\/\/qomunica.md\/#website"},"primaryImageOfPage":{"@id":"https:\/\/qomunica.md\/portofoliu\/case-creare-site-estudent\/#primaryimage"},"image":{"@id":"https:\/\/qomunica.md\/portofoliu\/case-creare-site-estudent\/#primaryimage"},"thumbnailUrl":"https:\/\/qomunica.md\/wp-content\/uploads\/2025\/07\/mockupuri-2-1.png","datePublished":"2025-07-27T15:38:11+00:00","dateModified":"2026-02-24T13:12:56+00:00","breadcrumb":{"@id":"https:\/\/qomunica.md\/portofoliu\/case-creare-site-estudent\/#breadcrumb"},"inLanguage":"ru-RU","potentialAction":[{"@type":"ReadAction","target":["https:\/\/qomunica.md\/portofoliu\/case-creare-site-estudent\/"]}]},{"@type":"ImageObject","inLanguage":"ru-RU","@id":"https:\/\/qomunica.md\/portofoliu\/case-creare-site-estudent\/#primaryimage","url":"https:\/\/qomunica.md\/wp-content\/uploads\/2025\/07\/mockupuri-2-1.png","contentUrl":"https:\/\/qomunica.md\/wp-content\/uploads\/2025\/07\/mockupuri-2-1.png"},{"@type":"BreadcrumbList","@id":"https:\/\/qomunica.md\/portofoliu\/case-creare-site-estudent\/#breadcrumb","itemListElement":[{"@type":"ListItem","position":1,"name":"Home","item":"https:\/\/qomunica.md\/"},{"@type":"ListItem","position":2,"name":"Portofoliu","item":"https:\/\/qomunica.md\/portofoliu\/"},{"@type":"ListItem","position":3,"name":"Studiu de caz &#8211; Client: Estudent.md"}]},{"@type":"WebSite","@id":"https:\/\/qomunica.md\/#website","url":"https:\/\/qomunica.md\/","name":"Qomunica Lab","description":"SEO Agency","potentialAction":[{"@type":"SearchAction","target":{"@type":"EntryPoint","urlTemplate":"https:\/\/qomunica.md\/?s={search_term_string}"},"query-input":{"@type":"PropertyValueSpecification","valueRequired":true,"valueName":"search_term_string"}}],"inLanguage":"ru-RU"}]}},"_links":{"self":[{"href":"https:\/\/qomunica.md\/ru\/wp-json\/wp\/v2\/pages\/4602","targetHints":{"allow":["GET"]}}],"collection":[{"href":"https:\/\/qomunica.md\/ru\/wp-json\/wp\/v2\/pages"}],"about":[{"href":"https:\/\/qomunica.md\/ru\/wp-json\/wp\/v2\/types\/page"}],"author":[{"embeddable":true,"href":"https:\/\/qomunica.md\/ru\/wp-json\/wp\/v2\/users\/1"}],"replies":[{"embeddable":true,"href":"https:\/\/qomunica.md\/ru\/wp-json\/wp\/v2\/comments?post=4602"}],"version-history":[{"count":11,"href":"https:\/\/qomunica.md\/ru\/wp-json\/wp\/v2\/pages\/4602\/revisions"}],"predecessor-version":[{"id":5497,"href":"https:\/\/qomunica.md\/ru\/wp-json\/wp\/v2\/pages\/4602\/revisions\/5497"}],"up":[{"embeddable":true,"href":"https:\/\/qomunica.md\/ru\/wp-json\/wp\/v2\/pages\/4559"}],"wp:attachment":[{"href":"https:\/\/qomunica.md\/ru\/wp-json\/wp\/v2\/media?parent=4602"}],"curies":[{"name":"wp","href":"https:\/\/api.w.org\/{rel}","templated":true}]}}