{"id":5020,"date":"2025-11-04T14:41:30","date_gmt":"2025-11-04T14:41:30","guid":{"rendered":"https:\/\/qomunica.md\/?page_id=5020"},"modified":"2025-11-04T14:42:42","modified_gmt":"2025-11-04T14:42:42","slug":"pozitii-vacante","status":"publish","type":"page","link":"https:\/\/qomunica.md\/ru\/pozitii-vacante\/","title":{"rendered":"\u0412\u0430\u043a\u0430\u043d\u0441\u0438\u0438"},"content":{"rendered":"<div data-elementor-type=\"wp-page\" data-elementor-id=\"5020\" class=\"elementor elementor-5020\" data-elementor-settings=\"{&quot;element_pack_global_tooltip_width&quot;:{&quot;unit&quot;:&quot;px&quot;,&quot;size&quot;:&quot;&quot;,&quot;sizes&quot;:[]},&quot;element_pack_global_tooltip_width_tablet&quot;:{&quot;unit&quot;:&quot;px&quot;,&quot;size&quot;:&quot;&quot;,&quot;sizes&quot;:[]},&quot;element_pack_global_tooltip_width_mobile&quot;:{&quot;unit&quot;:&quot;px&quot;,&quot;size&quot;:&quot;&quot;,&quot;sizes&quot;:[]},&quot;element_pack_global_tooltip_padding&quot;:{&quot;unit&quot;:&quot;px&quot;,&quot;top&quot;:&quot;&quot;,&quot;right&quot;:&quot;&quot;,&quot;bottom&quot;:&quot;&quot;,&quot;left&quot;:&quot;&quot;,&quot;isLinked&quot;:true},&quot;element_pack_global_tooltip_padding_tablet&quot;:{&quot;unit&quot;:&quot;px&quot;,&quot;top&quot;:&quot;&quot;,&quot;right&quot;:&quot;&quot;,&quot;bottom&quot;:&quot;&quot;,&quot;left&quot;:&quot;&quot;,&quot;isLinked&quot;:true},&quot;element_pack_global_tooltip_padding_mobile&quot;:{&quot;unit&quot;:&quot;px&quot;,&quot;top&quot;:&quot;&quot;,&quot;right&quot;:&quot;&quot;,&quot;bottom&quot;:&quot;&quot;,&quot;left&quot;:&quot;&quot;,&quot;isLinked&quot;:true},&quot;element_pack_global_tooltip_border_radius&quot;:{&quot;unit&quot;:&quot;px&quot;,&quot;top&quot;:&quot;&quot;,&quot;right&quot;:&quot;&quot;,&quot;bottom&quot;:&quot;&quot;,&quot;left&quot;:&quot;&quot;,&quot;isLinked&quot;:true},&quot;element_pack_global_tooltip_border_radius_tablet&quot;:{&quot;unit&quot;:&quot;px&quot;,&quot;top&quot;:&quot;&quot;,&quot;right&quot;:&quot;&quot;,&quot;bottom&quot;:&quot;&quot;,&quot;left&quot;:&quot;&quot;,&quot;isLinked&quot;:true},&quot;element_pack_global_tooltip_border_radius_mobile&quot;:{&quot;unit&quot;:&quot;px&quot;,&quot;top&quot;:&quot;&quot;,&quot;right&quot;:&quot;&quot;,&quot;bottom&quot;:&quot;&quot;,&quot;left&quot;:&quot;&quot;,&quot;isLinked&quot;:true}}\" data-elementor-post-type=\"page\">\n\t\t\t\t<div class=\"elementor-element elementor-element-0cded46 e-flex e-con-boxed e-con e-parent\" data-id=\"0cded46\" data-element_type=\"container\">\n\t\t\t\t\t<div class=\"e-con-inner\">\n\t\t\t\t<div class=\"elementor-element elementor-element-831a361 elementor-widget elementor-widget-heading\" data-id=\"831a361\" data-element_type=\"widget\" data-widget_type=\"heading.default\">\n\t\t\t\t\t<h2 class=\"elementor-heading-title elementor-size-default\">\u0412\u0430\u043a\u0430\u043d\u0441\u0438\u0438<\/h2>\t\t\t\t<\/div>\n\t\t\t\t\t<\/div>\n\t\t\t\t<\/div>\n\t\t<div class=\"elementor-element elementor-element-cbeaeb1 e-flex e-con-boxed e-con e-parent\" data-id=\"cbeaeb1\" data-element_type=\"container\">\n\t\t\t\t\t<div class=\"e-con-inner\">\n\t\t\t\t<div class=\"elementor-element elementor-element-53c8ea7 elementor-widget elementor-widget-text-editor\" data-id=\"53c8ea7\" data-element_type=\"widget\" data-widget_type=\"text-editor.default\">\n\t\t\t\t\t\t\t\t\t<p><strong>\u041c\u044b \u0441\u0442\u0440\u043e\u0438\u043c \u043a\u043e\u043c\u0430\u043d\u0434\u0443, \u0432 \u043a\u043e\u0442\u043e\u0440\u043e\u0439 \u0440\u0430\u0431\u043e\u0442\u0430 \u0438\u043c\u0435\u0435\u0442 \u0441\u043c\u044b\u0441\u043b, \u0430 \u0440\u0435\u0437\u0443\u043b\u044c\u0442\u0430\u0442\u044b \u0432\u0438\u0434\u043d\u044b \u044f\u0441\u043d\u043e.<\/strong><br>\u0417\u0434\u0435\u0441\u044c \u043f\u0443\u0431\u043b\u0438\u043a\u0443\u0435\u043c \u043e\u0442\u043a\u0440\u044b\u0442\u044b\u0435 \u0432\u0430\u043a\u0430\u043d\u0441\u0438\u0438. \u0415\u0441\u043b\u0438 \u043d\u0435 \u043d\u0430\u0445\u043e\u0434\u0438\u0448\u044c \u043f\u043e\u0434\u0445\u043e\u0434\u044f\u0449\u0443\u044e \u0440\u043e\u043b\u044c - \u043e\u0442\u043f\u0440\u0430\u0432\u044c \u0441\u043f\u043e\u043d\u0442\u0430\u043d\u043d\u0443\u044e \u0437\u0430\u044f\u0432\u043a\u0443 \u0438 \u0440\u0430\u0441\u0441\u043a\u0430\u0436\u0438, \u0432 \u0447\u0451\u043c \u0442\u044b \u0434\u0435\u0439\u0441\u0442\u0432\u0438\u0442\u0435\u043b\u044c\u043d\u043e \u0441\u0438\u043b\u0451\u043d.<\/p>\n<h2>\u041f\u043e\u0447\u0435\u043c\u0443 Qomunica<\/h2>\n<p>\u041c\u044b \u0440\u0430\u0431\u043e\u0442\u0430\u0435\u043c \u043d\u0430\u0434 \u043f\u0440\u043e\u0435\u043a\u0442\u0430\u043c\u0438 \u0441 \u0440\u0435\u0430\u043b\u044c\u043d\u044b\u043c \u0432\u043b\u0438\u044f\u043d\u0438\u0435\u043c, \u0441 \u0447\u0451\u0442\u043a\u0438\u043c\u0438 \u043f\u0440\u043e\u0446\u0435\u0441\u0441\u0430\u043c\u0438 \u0438 \u0441\u043e\u0432\u0440\u0435\u043c\u0435\u043d\u043d\u044b\u043c toolstack. \u041d\u0430\u043c \u0432\u0430\u0436\u043d\u044b \u043b\u044e\u0434\u0438 \u0441 \u0438\u043d\u0438\u0446\u0438\u0430\u0442\u0438\u0432\u043e\u0439, \u043a\u043e\u0442\u043e\u0440\u044b\u0435 \u0441\u0442\u0430\u0432\u044f\u0442 \u043a\u043b\u0438\u0435\u043d\u0442\u0430 \u043d\u0430 \u043f\u0435\u0440\u0432\u043e\u0435 \u043c\u0435\u0441\u0442\u043e \u0438 \u0443\u043c\u0435\u044e\u0442 \u0434\u043e\u0432\u043e\u0434\u0438\u0442\u044c \u0437\u0430\u0434\u0430\u0447\u0438 \u0434\u043e \u043a\u043e\u043d\u0446\u0430.<\/p>\n<h2>\u041f\u0440\u0435\u0438\u043c\u0443\u0449\u0435\u0441\u0442\u0432\u0430<\/h2>\n<p>\u0413\u0438\u0431\u043a\u0438\u0439 \u0433\u0440\u0430\u0444\u0438\u043a, \u0444\u043e\u0440\u043c\u0430\u0442 \u0443\u0434\u0430\u043b\u0435\u043d\u043d\u043e\u0439 \u0440\u0430\u0431\u043e\u0442\u044b \u0438\u043b\u0438 \u0433\u0438\u0431\u0440\u0438\u0434, \u0433\u043e\u0434\u043e\u0432\u043e\u0439 \u0431\u044e\u0434\u0436\u0435\u0442 \u043d\u0430 \u043e\u0431\u0443\u0447\u0435\u043d\u0438\u0435 \u0438 \u0441\u0435\u0440\u0442\u0438\u0444\u0438\u043a\u0430\u0446\u0438\u0438, \u043f\u0440\u044f\u043c\u043e\u0439 \u0444\u0438\u0434\u0431\u0435\u043a \u0438 \u0432\u043e\u0437\u043c\u043e\u0436\u043d\u043e\u0441\u0442\u044c \u0440\u0430\u0431\u043e\u0442\u0430\u0442\u044c \u0441 \u0431\u0440\u0435\u043d\u0434\u0430\u043c\u0438 \u0438\u0437 \u0420\u0443\u043c\u044b\u043d\u0438\u0438, \u041c\u043e\u043b\u0434\u043e\u0432\u044b \u0438 \u043c\u0435\u0436\u0434\u0443\u043d\u0430\u0440\u043e\u0434\u043d\u043e\u0433\u043e \u0440\u044b\u043d\u043a\u0430.<\/p>\n<h2>\u041f\u0440\u043e\u0446\u0435\u0441\u0441 \u0440\u0435\u043a\u0440\u0443\u0442\u0438\u043d\u0433\u0430<\/h2>\n<p>\u041f\u0440\u043e\u0446\u0435\u0441\u0441 \u043a\u043e\u0440\u043e\u0442\u043a\u0438\u0439 \u0438 \u0440\u0435\u043b\u0435\u0432\u0430\u043d\u0442\u043d\u044b\u0439 \u0434\u043b\u044f \u0440\u043e\u043b\u0438.\n\u041d\u0430\u0447\u0438\u043d\u0430\u0435\u043c \u0441 \u043a\u043e\u0440\u043e\u0442\u043a\u043e\u0433\u043e \u0437\u0432\u043e\u043d\u043a\u0430, \u0437\u0430\u0442\u0435\u043c \u043e\u043f\u043b\u0430\u0447\u0438\u0432\u0430\u0435\u043c\u043e\u0435 \u0442\u0435\u0441\u0442\u043e\u0432\u043e\u0435 \u0437\u0430\u0434\u0430\u043d\u0438\u0435, \u043f\u0440\u0438\u0432\u044f\u0437\u0430\u043d\u043d\u043e\u0435 \u043a \u0440\u0435\u0430\u043b\u044c\u043d\u044b\u043c \u0437\u0430\u0434\u0430\u0447\u0430\u043c, \u0438 \u0432 \u0444\u0438\u043d\u0430\u043b\u0435 - \u043e\u0431\u0441\u0443\u0436\u0434\u0435\u043d\u0438\u0435 \u043e\u0444\u0444\u0435\u0440\u0430 \u0438 \u043f\u043b\u0430\u043d\u0430 \u043e\u043d\u0431\u043e\u0440\u0434\u0438\u043d\u0433\u0430.<\/p>\n<h2>\u0412\u0430\u043a\u0430\u043d\u0441\u0438\u0438<\/h2>\n<p>\u041f\u0435\u0440\u0438\u043e\u0434\u0438\u0447\u0435\u0441\u043a\u0438 \u043f\u0443\u0431\u043b\u0438\u043a\u0443\u0435\u043c \u0432\u0430\u043a\u0430\u043d\u0441\u0438\u0438: SEO Specialist, Content Writer (iGaming\/Tech), PPC Specialist, Account Manager. \u0421\u043b\u0435\u0434\u0438 \u0437\u0430 \u043e\u0431\u044a\u044f\u0432\u043b\u0435\u043d\u0438\u044f\u043c\u0438 \u0438\u043b\u0438 \u043e\u0442\u043f\u0440\u0430\u0432\u043b\u044f\u0439 \u0441\u043f\u043e\u043d\u0442\u0430\u043d\u043d\u0443\u044e \u0437\u0430\u044f\u0432\u043a\u0443 \u043d\u0430 hr@qomunica.md. \u0425\u0440\u0430\u043d\u0438\u043c \u043a\u0430\u043d\u0434\u0438\u0434\u0430\u0442\u0443\u0440\u044b 12 \u043c\u0435\u0441\u044f\u0446\u0435\u0432 \u0432 \u0441\u043e\u043e\u0442\u0432\u0435\u0442\u0441\u0442\u0432\u0438\u0438 \u0441 \u041f\u043e\u043b\u0438\u0442\u0438\u043a\u043e\u0439 \u043a\u043e\u043d\u0444\u0438\u0434\u0435\u043d\u0446\u0438\u0430\u043b\u044c\u043d\u043e\u0441\u0442\u0438.<\/p>\n<h2>\u0420\u0430\u0437\u043d\u043e\u043e\u0431\u0440\u0430\u0437\u0438\u0435 \u0438 \u0438\u043d\u043a\u043b\u044e\u0437\u0438\u044f<\/h2>\n<p>\u041c\u044b \u043f\u0440\u0435\u0434\u043e\u0441\u0442\u0430\u0432\u043b\u044f\u0435\u043c \u0440\u0430\u0432\u043d\u044b\u0435 \u0432\u043e\u0437\u043c\u043e\u0436\u043d\u043e\u0441\u0442\u0438 \u0432\u0441\u0435\u043c \u043a\u0430\u043d\u0434\u0438\u0434\u0430\u0442\u0430\u043c. \u041e\u0446\u0435\u043d\u0438\u0432\u0430\u0435\u043c \u043a\u043e\u043c\u043f\u0435\u0442\u0435\u043d\u0446\u0438\u0438, \u0430 \u043d\u0435 \u044f\u0440\u043b\u044b\u043a\u0438.<\/p>\t\t\t\t\t\t\t\t<\/div>\n\t\t\t\t\t<\/div>\n\t\t\t\t<\/div>\n\t\t\t\t<\/div>","protected":false},"excerpt":{"rendered":"<p>Pozi\u021bii vacante Construim o echip\u0103 \u00een care munca are sens, iar rezultatele se v\u0103d clar.Aici public\u0103m pozi\u021biile deschise. Dac\u0103 nu g\u0103se\u0219ti rolul [&hellip;]<\/p>","protected":false},"author":1,"featured_media":0,"parent":0,"menu_order":0,"comment_status":"closed","ping_status":"closed","template":"","meta":{"footnotes":""},"class_list":["post-5020","page","type-page","status-publish","hentry"],"yoast_head":"<!-- This site is optimized with the Yoast SEO plugin v25.4 - https:\/\/yoast.com\/wordpress\/plugins\/seo\/ -->\n<title>Pozi\u021bii vacante - Qomunica Lab<\/title>\n<meta name=\"robots\" content=\"index, follow, max-snippet:-1, max-image-preview:large, max-video-preview:-1\" \/>\n<link rel=\"canonical\" href=\"https:\/\/qomunica.md\/ru\/pozitii-vacante\/\" \/>\n<meta property=\"og:locale\" content=\"ru_RU\" \/>\n<meta property=\"og:type\" content=\"article\" \/>\n<meta property=\"og:title\" content=\"Pozi\u021bii vacante - Qomunica Lab\" \/>\n<meta property=\"og:description\" content=\"Pozi\u021bii vacante Construim o echip\u0103 \u00een care munca are sens, iar rezultatele se v\u0103d clar.Aici public\u0103m pozi\u021biile deschise. Dac\u0103 nu g\u0103se\u0219ti rolul [&hellip;]\" \/>\n<meta property=\"og:url\" content=\"https:\/\/qomunica.md\/ru\/pozitii-vacante\/\" \/>\n<meta property=\"og:site_name\" content=\"Qomunica Lab\" \/>\n<meta property=\"article:modified_time\" content=\"2025-11-04T14:42:42+00:00\" \/>\n<meta name=\"twitter:card\" content=\"summary_large_image\" \/>\n<meta name=\"twitter:label1\" content=\"\u041f\u0440\u0438\u043c\u0435\u0440\u043d\u043e\u0435 \u0432\u0440\u0435\u043c\u044f \u0434\u043b\u044f \u0447\u0442\u0435\u043d\u0438\u044f\" \/>\n\t<meta name=\"twitter:data1\" content=\"1 \u043c\u0438\u043d\u0443\u0442\u0430\" \/>\n<script type=\"application\/ld+json\" class=\"yoast-schema-graph\">{\"@context\":\"https:\/\/schema.org\",\"@graph\":[{\"@type\":\"WebPage\",\"@id\":\"https:\/\/qomunica.md\/pozitii-vacante\/\",\"url\":\"https:\/\/qomunica.md\/pozitii-vacante\/\",\"name\":\"Pozi\u021bii vacante - Qomunica Lab\",\"isPartOf\":{\"@id\":\"https:\/\/qomunica.md\/#website\"},\"datePublished\":\"2025-11-04T14:41:30+00:00\",\"dateModified\":\"2025-11-04T14:42:42+00:00\",\"breadcrumb\":{\"@id\":\"https:\/\/qomunica.md\/pozitii-vacante\/#breadcrumb\"},\"inLanguage\":\"ru-RU\",\"potentialAction\":[{\"@type\":\"ReadAction\",\"target\":[\"https:\/\/qomunica.md\/pozitii-vacante\/\"]}]},{\"@type\":\"BreadcrumbList\",\"@id\":\"https:\/\/qomunica.md\/pozitii-vacante\/#breadcrumb\",\"itemListElement\":[{\"@type\":\"ListItem\",\"position\":1,\"name\":\"Home\",\"item\":\"https:\/\/qomunica.md\/\"},{\"@type\":\"ListItem\",\"position\":2,\"name\":\"Pozi\u021bii vacante\"}]},{\"@type\":\"WebSite\",\"@id\":\"https:\/\/qomunica.md\/#website\",\"url\":\"https:\/\/qomunica.md\/\",\"name\":\"Qomunica Lab\",\"description\":\"SEO Agency\",\"potentialAction\":[{\"@type\":\"SearchAction\",\"target\":{\"@type\":\"EntryPoint\",\"urlTemplate\":\"https:\/\/qomunica.md\/?s={search_term_string}\"},\"query-input\":{\"@type\":\"PropertyValueSpecification\",\"valueRequired\":true,\"valueName\":\"search_term_string\"}}],\"inLanguage\":\"ru-RU\"}]}<\/script>\n<!-- \/ Yoast SEO plugin. -->","yoast_head_json":{"title":"Pozi\u021bii vacante - Qomunica Lab","robots":{"index":"index","follow":"follow","max-snippet":"max-snippet:-1","max-image-preview":"max-image-preview:large","max-video-preview":"max-video-preview:-1"},"canonical":"https:\/\/qomunica.md\/ru\/pozitii-vacante\/","og_locale":"ru_RU","og_type":"article","og_title":"Pozi\u021bii vacante - Qomunica Lab","og_description":"Pozi\u021bii vacante Construim o echip\u0103 \u00een care munca are sens, iar rezultatele se v\u0103d clar.Aici public\u0103m pozi\u021biile deschise. Dac\u0103 nu g\u0103se\u0219ti rolul [&hellip;]","og_url":"https:\/\/qomunica.md\/ru\/pozitii-vacante\/","og_site_name":"Qomunica Lab","article_modified_time":"2025-11-04T14:42:42+00:00","twitter_card":"summary_large_image","twitter_misc":{"\u041f\u0440\u0438\u043c\u0435\u0440\u043d\u043e\u0435 \u0432\u0440\u0435\u043c\u044f \u0434\u043b\u044f \u0447\u0442\u0435\u043d\u0438\u044f":"1 \u043c\u0438\u043d\u0443\u0442\u0430"},"schema":{"@context":"https:\/\/schema.org","@graph":[{"@type":"WebPage","@id":"https:\/\/qomunica.md\/pozitii-vacante\/","url":"https:\/\/qomunica.md\/pozitii-vacante\/","name":"Pozi\u021bii vacante - Qomunica Lab","isPartOf":{"@id":"https:\/\/qomunica.md\/#website"},"datePublished":"2025-11-04T14:41:30+00:00","dateModified":"2025-11-04T14:42:42+00:00","breadcrumb":{"@id":"https:\/\/qomunica.md\/pozitii-vacante\/#breadcrumb"},"inLanguage":"ru-RU","potentialAction":[{"@type":"ReadAction","target":["https:\/\/qomunica.md\/pozitii-vacante\/"]}]},{"@type":"BreadcrumbList","@id":"https:\/\/qomunica.md\/pozitii-vacante\/#breadcrumb","itemListElement":[{"@type":"ListItem","position":1,"name":"Home","item":"https:\/\/qomunica.md\/"},{"@type":"ListItem","position":2,"name":"Pozi\u021bii vacante"}]},{"@type":"WebSite","@id":"https:\/\/qomunica.md\/#website","url":"https:\/\/qomunica.md\/","name":"Qomunica Lab","description":"SEO Agency","potentialAction":[{"@type":"SearchAction","target":{"@type":"EntryPoint","urlTemplate":"https:\/\/qomunica.md\/?s={search_term_string}"},"query-input":{"@type":"PropertyValueSpecification","valueRequired":true,"valueName":"search_term_string"}}],"inLanguage":"ru-RU"}]}},"_links":{"self":[{"href":"https:\/\/qomunica.md\/ru\/wp-json\/wp\/v2\/pages\/5020","targetHints":{"allow":["GET"]}}],"collection":[{"href":"https:\/\/qomunica.md\/ru\/wp-json\/wp\/v2\/pages"}],"about":[{"href":"https:\/\/qomunica.md\/ru\/wp-json\/wp\/v2\/types\/page"}],"author":[{"embeddable":true,"href":"https:\/\/qomunica.md\/ru\/wp-json\/wp\/v2\/users\/1"}],"replies":[{"embeddable":true,"href":"https:\/\/qomunica.md\/ru\/wp-json\/wp\/v2\/comments?post=5020"}],"version-history":[{"count":7,"href":"https:\/\/qomunica.md\/ru\/wp-json\/wp\/v2\/pages\/5020\/revisions"}],"predecessor-version":[{"id":5027,"href":"https:\/\/qomunica.md\/ru\/wp-json\/wp\/v2\/pages\/5020\/revisions\/5027"}],"wp:attachment":[{"href":"https:\/\/qomunica.md\/ru\/wp-json\/wp\/v2\/media?parent=5020"}],"curies":[{"name":"wp","href":"https:\/\/api.w.org\/{rel}","templated":true}]}}