{"id":5042,"date":"2025-11-04T14:50:10","date_gmt":"2025-11-04T14:50:10","guid":{"rendered":"https:\/\/qomunica.md\/?page_id=5042"},"modified":"2025-11-04T14:51:52","modified_gmt":"2025-11-04T14:51:52","slug":"politica-cookies","status":"publish","type":"page","link":"https:\/\/qomunica.md\/ru\/politica-cookies\/","title":{"rendered":"\u041f\u043e\u043b\u0438\u0442\u0438\u043a\u0430 Cookies"},"content":{"rendered":"<div data-elementor-type=\"wp-page\" data-elementor-id=\"5042\" class=\"elementor elementor-5042\" data-elementor-settings=\"{&quot;element_pack_global_tooltip_width&quot;:{&quot;unit&quot;:&quot;px&quot;,&quot;size&quot;:&quot;&quot;,&quot;sizes&quot;:[]},&quot;element_pack_global_tooltip_width_tablet&quot;:{&quot;unit&quot;:&quot;px&quot;,&quot;size&quot;:&quot;&quot;,&quot;sizes&quot;:[]},&quot;element_pack_global_tooltip_width_mobile&quot;:{&quot;unit&quot;:&quot;px&quot;,&quot;size&quot;:&quot;&quot;,&quot;sizes&quot;:[]},&quot;element_pack_global_tooltip_padding&quot;:{&quot;unit&quot;:&quot;px&quot;,&quot;top&quot;:&quot;&quot;,&quot;right&quot;:&quot;&quot;,&quot;bottom&quot;:&quot;&quot;,&quot;left&quot;:&quot;&quot;,&quot;isLinked&quot;:true},&quot;element_pack_global_tooltip_padding_tablet&quot;:{&quot;unit&quot;:&quot;px&quot;,&quot;top&quot;:&quot;&quot;,&quot;right&quot;:&quot;&quot;,&quot;bottom&quot;:&quot;&quot;,&quot;left&quot;:&quot;&quot;,&quot;isLinked&quot;:true},&quot;element_pack_global_tooltip_padding_mobile&quot;:{&quot;unit&quot;:&quot;px&quot;,&quot;top&quot;:&quot;&quot;,&quot;right&quot;:&quot;&quot;,&quot;bottom&quot;:&quot;&quot;,&quot;left&quot;:&quot;&quot;,&quot;isLinked&quot;:true},&quot;element_pack_global_tooltip_border_radius&quot;:{&quot;unit&quot;:&quot;px&quot;,&quot;top&quot;:&quot;&quot;,&quot;right&quot;:&quot;&quot;,&quot;bottom&quot;:&quot;&quot;,&quot;left&quot;:&quot;&quot;,&quot;isLinked&quot;:true},&quot;element_pack_global_tooltip_border_radius_tablet&quot;:{&quot;unit&quot;:&quot;px&quot;,&quot;top&quot;:&quot;&quot;,&quot;right&quot;:&quot;&quot;,&quot;bottom&quot;:&quot;&quot;,&quot;left&quot;:&quot;&quot;,&quot;isLinked&quot;:true},&quot;element_pack_global_tooltip_border_radius_mobile&quot;:{&quot;unit&quot;:&quot;px&quot;,&quot;top&quot;:&quot;&quot;,&quot;right&quot;:&quot;&quot;,&quot;bottom&quot;:&quot;&quot;,&quot;left&quot;:&quot;&quot;,&quot;isLinked&quot;:true}}\" data-elementor-post-type=\"page\">\n\t\t\t\t<div class=\"elementor-element elementor-element-0cded46 e-flex e-con-boxed e-con e-parent\" data-id=\"0cded46\" data-element_type=\"container\">\n\t\t\t\t\t<div class=\"e-con-inner\">\n\t\t\t\t<div class=\"elementor-element elementor-element-831a361 elementor-widget elementor-widget-heading\" data-id=\"831a361\" data-element_type=\"widget\" data-widget_type=\"heading.default\">\n\t\t\t\t\t<h2 class=\"elementor-heading-title elementor-size-default\">\u041f\u043e\u043b\u0438\u0442\u0438\u043a\u0430 Cookies<\/h2>\t\t\t\t<\/div>\n\t\t\t\t\t<\/div>\n\t\t\t\t<\/div>\n\t\t<div class=\"elementor-element elementor-element-cbeaeb1 e-flex e-con-boxed e-con e-parent\" data-id=\"cbeaeb1\" data-element_type=\"container\">\n\t\t\t\t\t<div class=\"e-con-inner\">\n\t\t\t\t<div class=\"elementor-element elementor-element-53c8ea7 elementor-widget elementor-widget-text-editor\" data-id=\"53c8ea7\" data-element_type=\"widget\" data-widget_type=\"text-editor.default\">\n\t\t\t\t\t\t\t\t\t<p><strong style=\"font-size: inherit; color: #000000; letter-spacing: normal;\">\u041f\u043e\u0441\u043b\u0435\u0434\u043d\u0435\u0435 \u043e\u0431\u043d\u043e\u0432\u043b\u0435\u043d\u0438\u0435: 4 \u043d\u043e\u044f\u0431\u0440\u044f 2025 \u0433\u043e\u0434\u0430<\/strong><\/p>\n<p>\u041d\u0430\u0441\u0442\u043e\u044f\u0449\u0430\u044f \u043f\u043e\u043b\u0438\u0442\u0438\u043a\u0430 \u043e\u0431\u044a\u044f\u0441\u043d\u044f\u0435\u0442, \u0447\u0442\u043e \u0442\u0430\u043a\u043e\u0435 cookies, \u043a\u0430\u043a\u0438\u0435 \u0442\u0438\u043f\u044b \u043c\u044b \u0438\u0441\u043f\u043e\u043b\u044c\u0437\u0443\u0435\u043c, \u0441 \u043a\u0430\u043a\u043e\u0439 \u0446\u0435\u043b\u044c\u044e \u0438 \u043a\u0430\u043a \u0432\u044b \u043c\u043e\u0436\u0435\u0442\u0435 \u0443\u043f\u0440\u0430\u0432\u043b\u044f\u0442\u044c \u0441\u0432\u043e\u0438\u043c\u0438 \u043d\u0430\u0441\u0442\u0440\u043e\u0439\u043a\u0430\u043c\u0438.<\/p>\n<h2>\u0427\u0442\u043e \u0442\u0430\u043a\u043e\u0435 cookies<\/h2>\n<p>Cookies - \u044d\u0442\u043e \u043d\u0435\u0431\u043e\u043b\u044c\u0448\u0438\u0435 \u0444\u0430\u0439\u043b\u044b, \u043a\u043e\u0442\u043e\u0440\u044b\u0435 \u0441\u043e\u0445\u0440\u0430\u043d\u044f\u044e\u0442\u0441\u044f \u0432 \u0432\u0430\u0448\u0435\u043c \u0431\u0440\u0430\u0443\u0437\u0435\u0440\u0435 \u043f\u0440\u0438 \u043f\u043e\u0441\u0435\u0449\u0435\u043d\u0438\u0438 \u0441\u0430\u0439\u0442\u0430. \u041e\u043d\u0438 \u043f\u043e\u043c\u043e\u0433\u0430\u044e\u0442 \u043e\u0431\u0435\u0441\u043f\u0435\u0447\u0438\u0432\u0430\u0442\u044c \u043a\u043e\u0440\u0440\u0435\u043a\u0442\u043d\u0443\u044e \u0440\u0430\u0431\u043e\u0442\u0443 \u0441\u0430\u0439\u0442\u0430, \u0438\u0437\u043c\u0435\u0440\u044f\u0442\u044c \u0430\u0443\u0434\u0438\u0442\u043e\u0440\u0438\u044e \u0438 \u043f\u0435\u0440\u0441\u043e\u043d\u0430\u043b\u0438\u0437\u0438\u0440\u043e\u0432\u0430\u0442\u044c \u043f\u043e\u043b\u044c\u0437\u043e\u0432\u0430\u0442\u0435\u043b\u044c\u0441\u043a\u0438\u0439 \u043e\u043f\u044b\u0442.<\/p>\n<h2>\u0422\u0438\u043f\u044b cookies<\/h2>\n<p>\u041d\u0430 \u0441\u0430\u0439\u0442\u0435 \u0438\u0441\u043f\u043e\u043b\u044c\u0437\u0443\u044e\u0442\u0441\u044f: \u0441\u0442\u0440\u043e\u0433\u043e \u043d\u0435\u043e\u0431\u0445\u043e\u0434\u0438\u043c\u044b\u0435 cookies (\u0434\u043b\u044f \u043a\u043e\u0440\u0440\u0435\u043a\u0442\u043d\u043e\u0439 \u0440\u0430\u0431\u043e\u0442\u044b); cookies \u043f\u0440\u0435\u0434\u043f\u043e\u0447\u0442\u0435\u043d\u0438\u0439; \u0441\u0442\u0430\u0442\u0438\u0441\u0442\u0438\u0447\u0435\u0441\u043a\u0438\u0435 cookies; \u043c\u0430\u0440\u043a\u0435\u0442\u0438\u043d\u0433\u043e\u0432\u044b\u0435 cookies. \u0414\u043b\u044f \u043d\u0435\u0441\u0443\u0449\u0435\u0441\u0442\u0432\u0435\u043d\u043d\u044b\u0445 cookies \u043c\u044b \u0437\u0430\u043f\u0440\u0430\u0448\u0438\u0432\u0430\u0435\u043c \u0432\u0430\u0448\u0435 \u0441\u043e\u0433\u043b\u0430\u0441\u0438\u0435 \u0434\u043e \u0438\u0445 \u0440\u0430\u0437\u043c\u0435\u0449\u0435\u043d\u0438\u044f \u0432 \u0441\u043e\u043e\u0442\u0432\u0435\u0442\u0441\u0442\u0432\u0438\u0438 \u0441 \u0435\u0432\u0440\u043e\u043f\u0435\u0439\u0441\u043a\u0438\u043c\u0438 \u0442\u0440\u0435\u0431\u043e\u0432\u0430\u043d\u0438\u044f\u043c\u0438 \u043a \u0441\u043e\u0433\u043b\u0430\u0441\u0438\u044e.&nbsp;<\/p>\n<h2>\u0412\u0430\u0448\u0435 \u0441\u043e\u0433\u043b\u0430\u0441\u0438\u0435<\/h2>\n<p>\u0421\u043e\u0433\u043b\u0430\u0441\u0438\u0435 \u0434\u043e\u043b\u0436\u043d\u043e \u0431\u044b\u0442\u044c \u0447\u0451\u0442\u043a\u0438\u043c, \u0441\u0432\u043e\u0431\u043e\u0434\u043d\u044b\u043c, \u043a\u043e\u043d\u043a\u0440\u0435\u0442\u043d\u044b\u043c \u0438 \u0438\u043d\u0444\u043e\u0440\u043c\u0438\u0440\u043e\u0432\u0430\u043d\u043d\u044b\u043c. \u041c\u044b \u043d\u0435 \u0438\u0441\u043f\u043e\u043b\u044c\u0437\u0443\u0435\u043c \u043f\u0440\u0435\u0434\u0432\u0430\u0440\u0438\u0442\u0435\u043b\u044c\u043d\u043e \u043e\u0442\u043c\u0435\u0447\u0435\u043d\u043d\u044b\u0435 \u0433\u0430\u043b\u043e\u0447\u043a\u0438. \u041e\u043f\u0446\u0438\u0438 \"\u041f\u0440\u0438\u043d\u044f\u0442\u044c \u0432\u0441\u0451\" \u0438 \"\u041e\u0442\u043a\u043b\u043e\u043d\u0438\u0442\u044c \u0432\u0441\u0451\" \u043e\u0442\u043e\u0431\u0440\u0430\u0436\u0430\u044e\u0442\u0441\u044f \u0441 \u0441\u043e\u043f\u043e\u0441\u0442\u0430\u0432\u0438\u043c\u043e\u0439 \u0432\u0438\u0434\u0438\u043c\u043e\u0441\u0442\u044c\u044e \u043d\u0430 \u043f\u0435\u0440\u0432\u043e\u043c \u0443\u0440\u043e\u0432\u043d\u0435 \u0431\u0430\u043d\u043d\u0435\u0440\u0430.\n\u041d\u0435\u0441\u0443\u0449\u0435\u0441\u0442\u0432\u0435\u043d\u043d\u044b\u0435 cookies \u043d\u0435 \u0440\u0430\u0437\u043c\u0435\u0449\u0430\u044e\u0442\u0441\u044f \u0434\u043e \u043f\u043e\u043b\u0443\u0447\u0435\u043d\u0438\u044f \u0441\u043e\u0433\u043b\u0430\u0441\u0438\u044f. \u0412\u044b \u043c\u043e\u0436\u0435\u0442\u0435 \u0432 \u043b\u044e\u0431\u043e\u0439 \u043c\u043e\u043c\u0435\u043d\u0442 \u0438\u0437\u043c\u0435\u043d\u0438\u0442\u044c \u0438\u043b\u0438 \u043e\u0442\u043e\u0437\u0432\u0430\u0442\u044c \u0441\u0432\u043e\u0451 \u0441\u043e\u0433\u043b\u0430\u0441\u0438\u0435 \u0447\u0435\u0440\u0435\u0437 \u0446\u0435\u043d\u0442\u0440 \u0443\u043f\u0440\u0430\u0432\u043b\u0435\u043d\u0438\u044f \u043f\u0440\u0435\u0434\u043f\u043e\u0447\u0442\u0435\u043d\u0438\u044f\u043c\u0438.&nbsp;<\/p>\n<h2>\u0420\u0443\u043a\u043e\u0432\u043e\u0434\u0441\u0442\u0432\u0430 \u0438 \u043b\u0443\u0447\u0448\u0438\u0435 \u043f\u0440\u0430\u043a\u0442\u0438\u043a\u0438<\/h2>\n<p>\u0415\u0432\u0440\u043e\u043f\u0435\u0439\u0441\u043a\u0438\u0435 \u043e\u0440\u0433\u0430\u043d\u044b, \u0442\u0430\u043a\u0438\u0435 \u043a\u0430\u043a EDPB \u0438 CNIL, \u043f\u043e\u0434\u0442\u0432\u0435\u0440\u0436\u0434\u0430\u044e\u0442 \u0442\u0440\u0435\u0431\u043e\u0432\u0430\u043d\u0438\u044f \u043a \u0430\u043a\u0442\u0438\u0432\u043d\u043e\u043c\u0443 \u0441\u043e\u0433\u043b\u0430\u0441\u0438\u044e, \u0437\u0430\u043f\u0440\u0435\u0442\u0443 \u043f\u0440\u0435\u0434\u0432\u0430\u0440\u0438\u0442\u0435\u043b\u044c\u043d\u043e\u0439 \u043e\u0442\u043c\u0435\u0442\u043a\u0438 \u0438 \u0440\u0435\u0430\u043b\u044c\u043d\u043e\u0439 \u0432\u043e\u0437\u043c\u043e\u0436\u043d\u043e\u0441\u0442\u0438 \u043e\u0442\u043a\u0430\u0437\u0430 \u0442\u0430\u043a \u0436\u0435 \u043b\u0435\u0433\u043a\u043e, \u043a\u0430\u043a \u0438 \u0441\u043e\u0433\u043b\u0430\u0441\u0438\u044f. \u041c\u044b \u043f\u0440\u0438\u0434\u0435\u0440\u0436\u0438\u0432\u0430\u0435\u043c\u0441\u044f \u044d\u0442\u0438\u0445 \u043f\u0440\u0430\u043a\u0442\u0438\u043a.<\/p>\n<h2>CCPA\/CPRA \u0438 Global Privacy Control<\/h2>\n<p>\u0415\u0441\u043b\u0438 \u0432\u044b \u044f\u0432\u043b\u044f\u0435\u0442\u0435\u0441\u044c \u0440\u0435\u0437\u0438\u0434\u0435\u043d\u0442\u043e\u043c \u041a\u0430\u043b\u0438\u0444\u043e\u0440\u043d\u0438\u0438, \u043c\u044b \u0443\u0432\u0430\u0436\u0430\u0435\u043c \u0432\u0430\u0448\u0435 \u043f\u0440\u0430\u0432\u043e \u043e\u0442\u043a\u0430\u0437\u0430\u0442\u044c\u0441\u044f \u043e\u0442 \u043f\u0440\u043e\u0434\u0430\u0436\u0438 \u0438\u043b\u0438 \u043f\u0435\u0440\u0435\u0434\u0430\u0447\u0438 \u043f\u0435\u0440\u0441\u043e\u043d\u0430\u043b\u044c\u043d\u044b\u0445 \u0434\u0430\u043d\u043d\u044b\u0445.\n\u041c\u044b \u043e\u0431\u0440\u0430\u0431\u0430\u0442\u044b\u0432\u0430\u0435\u043c \u0441\u0438\u0433\u043d\u0430\u043b\u044b Global Privacy Control \u043a\u0430\u043a \u0434\u0435\u0439\u0441\u0442\u0432\u0438\u0442\u0435\u043b\u044c\u043d\u044b\u0439 \u0437\u0430\u043f\u0440\u043e\u0441 \u043d\u0430 \u043e\u0442\u043a\u0430\u0437 (opt-out) \u0432 \u0441\u043e\u043e\u0442\u0432\u0435\u0442\u0441\u0442\u0432\u0438\u0438 \u0441 \u043f\u0440\u0438\u043c\u0435\u043d\u0438\u043c\u044b\u043c \u0437\u0430\u043a\u043e\u043d\u043e\u0434\u0430\u0442\u0435\u043b\u044c\u0441\u0442\u0432\u043e\u043c.<\/p>\n<h2>\u0421\u0440\u043e\u043a \u0434\u0435\u0439\u0441\u0442\u0432\u0438\u044f, \u043f\u043e\u0441\u0442\u0430\u0432\u0449\u0438\u043a\u0438 \u0438 \u0430\u043a\u0442\u0443\u0430\u043b\u044c\u043d\u044b\u0439 \u0441\u043f\u0438\u0441\u043e\u043a<\/h2>\n<p>Cookies \u043c\u043e\u0433\u0443\u0442 \u0431\u044b\u0442\u044c \u0441\u0435\u0441\u0441\u0438\u043e\u043d\u043d\u044b\u043c\u0438 \u0438\u043b\u0438 \u043f\u043e\u0441\u0442\u043e\u044f\u043d\u043d\u044b\u043c\u0438. \u0412 \u0446\u0435\u043d\u0442\u0440\u0435 \u0443\u043f\u0440\u0430\u0432\u043b\u0435\u043d\u0438\u044f \u043f\u0440\u0435\u0434\u043f\u043e\u0447\u0442\u0435\u043d\u0438\u044f\u043c\u0438 \u0432\u044b \u043d\u0430\u0439\u0434\u0451\u0442\u0435 \u0430\u043a\u0442\u0443\u0430\u043b\u044c\u043d\u044b\u0439 \u0441\u043f\u0438\u0441\u043e\u043a cookies, \u0438\u0445 \u043f\u043e\u0441\u0442\u0430\u0432\u0449\u0438\u043a\u043e\u0432, \u0446\u0435\u043b\u0438 \u0438\u0441\u043f\u043e\u043b\u044c\u0437\u043e\u0432\u0430\u043d\u0438\u044f \u0438 \u0441\u0440\u043e\u043a \u0445\u0440\u0430\u043d\u0435\u043d\u0438\u044f.\n\u041c\u044b \u043e\u0431\u043d\u043e\u0432\u043b\u044f\u0435\u043c \u0434\u0430\u043d\u043d\u0443\u044e \u043f\u043e\u043b\u0438\u0442\u0438\u043a\u0443 \u043f\u0440\u0438 \u0438\u0437\u043c\u0435\u043d\u0435\u043d\u0438\u0438 \u043d\u0430\u0441\u0442\u0440\u043e\u0435\u043a \u0438\u043b\u0438 \u043f\u043e\u0441\u0442\u0430\u0432\u0449\u0438\u043a\u043e\u0432.<\/p>\n<h2>\u041a\u0430\u043a \u0443\u043f\u0440\u0430\u0432\u043b\u044f\u0442\u044c cookies<\/h2>\n<p>\u0412\u044b \u043c\u043e\u0436\u0435\u0442\u0435 \u0443\u043f\u0440\u0430\u0432\u043b\u044f\u0442\u044c \u043d\u0430\u0441\u0442\u0440\u043e\u0439\u043a\u0430\u043c\u0438 \u0447\u0435\u0440\u0435\u0437 \u0431\u0430\u043d\u043d\u0435\u0440 \u0441\u043e\u0433\u043b\u0430\u0441\u0438\u044f, \u0447\u0435\u0440\u0435\u0437 \u043d\u0430\u0441\u0442\u0440\u043e\u0439\u043a\u0438 \u0431\u0440\u0430\u0443\u0437\u0435\u0440\u0430 \u0438\u043b\u0438 \u0447\u0435\u0440\u0435\u0437 \u043c\u0435\u0445\u0430\u043d\u0438\u0437\u043c\u044b opt-out \u0441\u0442\u043e\u0440\u043e\u043d\u043d\u0438\u0445 \u043f\u043b\u0430\u0442\u0444\u043e\u0440\u043c. \u041e\u0431\u0440\u0430\u0442\u0438\u0442\u0435 \u0432\u043d\u0438\u043c\u0430\u043d\u0438\u0435: \u043e\u0442\u043a\u043b\u044e\u0447\u0435\u043d\u0438\u0435 \u043d\u0435\u043a\u043e\u0442\u043e\u0440\u044b\u0445 cookies \u043c\u043e\u0436\u0435\u0442 \u043f\u043e\u0432\u043b\u0438\u044f\u0442\u044c \u043d\u0430 \u043f\u043e\u043b\u044c\u0437\u043e\u0432\u0430\u0442\u0435\u043b\u044c\u0441\u043a\u0438\u0439 \u043e\u043f\u044b\u0442.<\/p>\n<h2>\u041a\u043e\u043d\u0442\u0430\u043a\u0442\u044b<\/h2>\n<p class=\"translation-block\">\u0412\u043e\u043f\u0440\u043e\u0441\u044b \u043e cookies \u0438\u043b\u0438 \u043a\u043e\u043d\u0444\u0438\u0434\u0435\u043d\u0446\u0438\u0430\u043b\u044c\u043d\u043e\u0441\u0442\u0438: <a href=\"mailto:contact@qomunica.md\" target=\"_self\">contact@qomunica.md<\/a>.\u00a0<\/p>\t\t\t\t\t\t\t\t<\/div>\n\t\t\t\t\t<\/div>\n\t\t\t\t<\/div>\n\t\t\t\t<\/div>","protected":false},"excerpt":{"rendered":"<p>Politica Cookies Ultima actualizare: 4 Noiembrie 2025 Aceast\u0103 politic\u0103 explic\u0103 ce sunt cookies, ce tipuri folosim, pentru ce scopuri \u0219i cum \u00ee\u021bi [&hellip;]<\/p>","protected":false},"author":1,"featured_media":0,"parent":0,"menu_order":0,"comment_status":"closed","ping_status":"closed","template":"","meta":{"footnotes":""},"class_list":["post-5042","page","type-page","status-publish","hentry"],"yoast_head":"<!-- This site is optimized with the Yoast SEO plugin v25.4 - https:\/\/yoast.com\/wordpress\/plugins\/seo\/ -->\n<title>Politica Cookies - Qomunica Lab<\/title>\n<meta name=\"robots\" content=\"index, follow, max-snippet:-1, max-image-preview:large, max-video-preview:-1\" \/>\n<link rel=\"canonical\" href=\"https:\/\/qomunica.md\/ru\/politica-cookies\/\" \/>\n<meta property=\"og:locale\" content=\"ru_RU\" \/>\n<meta property=\"og:type\" content=\"article\" \/>\n<meta property=\"og:title\" content=\"Politica Cookies - Qomunica Lab\" \/>\n<meta property=\"og:description\" content=\"Politica Cookies Ultima actualizare: 4 Noiembrie 2025 Aceast\u0103 politic\u0103 explic\u0103 ce sunt cookies, ce tipuri folosim, pentru ce scopuri \u0219i cum \u00ee\u021bi [&hellip;]\" \/>\n<meta property=\"og:url\" content=\"https:\/\/qomunica.md\/ru\/politica-cookies\/\" \/>\n<meta property=\"og:site_name\" content=\"Qomunica Lab\" \/>\n<meta property=\"article:modified_time\" content=\"2025-11-04T14:51:52+00:00\" \/>\n<meta name=\"twitter:card\" content=\"summary_large_image\" \/>\n<meta name=\"twitter:label1\" content=\"\u041f\u0440\u0438\u043c\u0435\u0440\u043d\u043e\u0435 \u0432\u0440\u0435\u043c\u044f \u0434\u043b\u044f \u0447\u0442\u0435\u043d\u0438\u044f\" \/>\n\t<meta name=\"twitter:data1\" content=\"2 \u043c\u0438\u043d\u0443\u0442\u044b\" \/>\n<script type=\"application\/ld+json\" class=\"yoast-schema-graph\">{\"@context\":\"https:\/\/schema.org\",\"@graph\":[{\"@type\":\"WebPage\",\"@id\":\"https:\/\/qomunica.md\/politica-cookies\/\",\"url\":\"https:\/\/qomunica.md\/politica-cookies\/\",\"name\":\"Politica Cookies - Qomunica Lab\",\"isPartOf\":{\"@id\":\"https:\/\/qomunica.md\/#website\"},\"datePublished\":\"2025-11-04T14:50:10+00:00\",\"dateModified\":\"2025-11-04T14:51:52+00:00\",\"breadcrumb\":{\"@id\":\"https:\/\/qomunica.md\/politica-cookies\/#breadcrumb\"},\"inLanguage\":\"ru-RU\",\"potentialAction\":[{\"@type\":\"ReadAction\",\"target\":[\"https:\/\/qomunica.md\/politica-cookies\/\"]}]},{\"@type\":\"BreadcrumbList\",\"@id\":\"https:\/\/qomunica.md\/politica-cookies\/#breadcrumb\",\"itemListElement\":[{\"@type\":\"ListItem\",\"position\":1,\"name\":\"Home\",\"item\":\"https:\/\/qomunica.md\/\"},{\"@type\":\"ListItem\",\"position\":2,\"name\":\"Politica Cookies\"}]},{\"@type\":\"WebSite\",\"@id\":\"https:\/\/qomunica.md\/#website\",\"url\":\"https:\/\/qomunica.md\/\",\"name\":\"Qomunica Lab\",\"description\":\"SEO Agency\",\"potentialAction\":[{\"@type\":\"SearchAction\",\"target\":{\"@type\":\"EntryPoint\",\"urlTemplate\":\"https:\/\/qomunica.md\/?s={search_term_string}\"},\"query-input\":{\"@type\":\"PropertyValueSpecification\",\"valueRequired\":true,\"valueName\":\"search_term_string\"}}],\"inLanguage\":\"ru-RU\"}]}<\/script>\n<!-- \/ Yoast SEO plugin. -->","yoast_head_json":{"title":"Politica Cookies - Qomunica Lab","robots":{"index":"index","follow":"follow","max-snippet":"max-snippet:-1","max-image-preview":"max-image-preview:large","max-video-preview":"max-video-preview:-1"},"canonical":"https:\/\/qomunica.md\/ru\/politica-cookies\/","og_locale":"ru_RU","og_type":"article","og_title":"Politica Cookies - Qomunica Lab","og_description":"Politica Cookies Ultima actualizare: 4 Noiembrie 2025 Aceast\u0103 politic\u0103 explic\u0103 ce sunt cookies, ce tipuri folosim, pentru ce scopuri \u0219i cum \u00ee\u021bi [&hellip;]","og_url":"https:\/\/qomunica.md\/ru\/politica-cookies\/","og_site_name":"Qomunica Lab","article_modified_time":"2025-11-04T14:51:52+00:00","twitter_card":"summary_large_image","twitter_misc":{"\u041f\u0440\u0438\u043c\u0435\u0440\u043d\u043e\u0435 \u0432\u0440\u0435\u043c\u044f \u0434\u043b\u044f \u0447\u0442\u0435\u043d\u0438\u044f":"2 \u043c\u0438\u043d\u0443\u0442\u044b"},"schema":{"@context":"https:\/\/schema.org","@graph":[{"@type":"WebPage","@id":"https:\/\/qomunica.md\/politica-cookies\/","url":"https:\/\/qomunica.md\/politica-cookies\/","name":"Politica Cookies - Qomunica Lab","isPartOf":{"@id":"https:\/\/qomunica.md\/#website"},"datePublished":"2025-11-04T14:50:10+00:00","dateModified":"2025-11-04T14:51:52+00:00","breadcrumb":{"@id":"https:\/\/qomunica.md\/politica-cookies\/#breadcrumb"},"inLanguage":"ru-RU","potentialAction":[{"@type":"ReadAction","target":["https:\/\/qomunica.md\/politica-cookies\/"]}]},{"@type":"BreadcrumbList","@id":"https:\/\/qomunica.md\/politica-cookies\/#breadcrumb","itemListElement":[{"@type":"ListItem","position":1,"name":"Home","item":"https:\/\/qomunica.md\/"},{"@type":"ListItem","position":2,"name":"Politica Cookies"}]},{"@type":"WebSite","@id":"https:\/\/qomunica.md\/#website","url":"https:\/\/qomunica.md\/","name":"Qomunica Lab","description":"SEO Agency","potentialAction":[{"@type":"SearchAction","target":{"@type":"EntryPoint","urlTemplate":"https:\/\/qomunica.md\/?s={search_term_string}"},"query-input":{"@type":"PropertyValueSpecification","valueRequired":true,"valueName":"search_term_string"}}],"inLanguage":"ru-RU"}]}},"_links":{"self":[{"href":"https:\/\/qomunica.md\/ru\/wp-json\/wp\/v2\/pages\/5042","targetHints":{"allow":["GET"]}}],"collection":[{"href":"https:\/\/qomunica.md\/ru\/wp-json\/wp\/v2\/pages"}],"about":[{"href":"https:\/\/qomunica.md\/ru\/wp-json\/wp\/v2\/types\/page"}],"author":[{"embeddable":true,"href":"https:\/\/qomunica.md\/ru\/wp-json\/wp\/v2\/users\/1"}],"replies":[{"embeddable":true,"href":"https:\/\/qomunica.md\/ru\/wp-json\/wp\/v2\/comments?post=5042"}],"version-history":[{"count":4,"href":"https:\/\/qomunica.md\/ru\/wp-json\/wp\/v2\/pages\/5042\/revisions"}],"predecessor-version":[{"id":5046,"href":"https:\/\/qomunica.md\/ru\/wp-json\/wp\/v2\/pages\/5042\/revisions\/5046"}],"wp:attachment":[{"href":"https:\/\/qomunica.md\/ru\/wp-json\/wp\/v2\/media?parent=5042"}],"curies":[{"name":"wp","href":"https:\/\/api.w.org\/{rel}","templated":true}]}}